{"id":5377,"date":"2026-02-03T13:59:31","date_gmt":"2026-02-03T12:59:31","guid":{"rendered":"https:\/\/flusso.hr\/?post_type=product&#038;p=5377"},"modified":"2026-02-03T14:09:48","modified_gmt":"2026-02-03T13:09:48","slug":"vendom-2u1-hidromasazna-i-hladna-kada-barbade-220-x-220-x-94-cm","status":"publish","type":"product","link":"https:\/\/flusso.hr\/zh\/product\/vendom-2u1-hidromasazna-i-hladna-kada-barbade-220-x-220-x-94-cm\/","title":{"rendered":"Vendom 2u1 hidromasa\u017ena i hladna kada Barbade, 220 \u00d7 220 \u00d7 94 cm"},"content":{"rendered":"","protected":false},"excerpt":{"rendered":"<p data-start=\"25\" data-end=\"263\">Kolekcija <strong data-start=\"35\" data-end=\"45\">Bizone<\/strong> redefinira spa iskustvo nude\u0107i dvije odvojene zone, omogu\u0107uju\u0107i neovisne masa\u017ee i prilagodljive temperature. Ova napredna tehnologija jam\u010di apsolutnu udobnost i masa\u017eu po mjeri, prilago\u0111enu \u017eeljama svakog pojedinca.<\/p>\n<p data-start=\"265\" data-end=\"593\" data-is-last-node=\"\" data-is-only-node=\"\">Zahvaljuju\u0107i ovom pametnom odvajanja, u\u017eivajte u jedinstvenom trenutku opu\u0161tanja: toplija voda za umiruju\u0107u kupku s jedne strane i hladnija temperatura za oporavak mi\u0161i\u0107a s druge strane. Spajanjem vrhunske tehnologije i modernog komfora, kolekcija <strong data-start=\"513\" data-end=\"523\">Bizone<\/strong> svaki tretman pretvara u personalizirano i revitaliziraju\u0107e iskustvo.<\/p>\n<p data-start=\"323\" data-end=\"489\" data-is-last-node=\"\" data-is-only-node=\"\">","protected":false},"featured_media":5396,"comment_status":"open","ping_status":"closed","template":"","meta":[],"product_cat":[70,40],"product_tag":[],"class_list":{"0":"post-5377","1":"product","2":"type-product","3":"status-publish","4":"has-post-thumbnail","6":"product_cat-vendom-hidromasazne-kade","7":"product_cat-hladne-kade","9":"first","10":"instock","11":"shipping-taxable","12":"product-type-simple"},"yoast_head":"<!-- This site is optimized with the Yoast SEO plugin v21.8 - https:\/\/yoast.com\/wordpress\/plugins\/seo\/ -->\n<title>Vendom 2u1 hidromasa\u017ena i hladna kada Barbade, 220 \u00d7 220 \u00d7 94 cm - Flusso<\/title>\n<meta name=\"robots\" content=\"index, follow, max-snippet:-1, max-image-preview:large, max-video-preview:-1\" \/>\n<link rel=\"canonical\" href=\"https:\/\/flusso.hr\/zh\/product\/vendom-2u1-hidromasazna-i-hladna-kada-barbade-220-x-220-x-94-cm\/\" \/>\n<meta property=\"og:locale\" content=\"zh_CN\" \/>\n<meta property=\"og:type\" content=\"article\" \/>\n<meta property=\"og:title\" content=\"Vendom 2u1 hidromasa\u017ena i hladna kada Barbade, 220 \u00d7 220 \u00d7 94 cm - Flusso\" \/>\n<meta property=\"og:description\" content=\"Kolekcija Bizone redefinira spa iskustvo nude\u0107i dvije odvojene zone, omogu\u0107uju\u0107i neovisne masa\u017ee i prilagodljive temperature. Ova napredna tehnologija jam\u010di apsolutnu udobnost i masa\u017eu po mjeri, prilago\u0111enu \u017eeljama svakog pojedinca. Zahvaljuju\u0107i ovom pametnom odvajanja, u\u017eivajte u jedinstvenom trenutku opu\u0161tanja: toplija voda za umiruju\u0107u kupku s jedne strane i hladnija temperatura za oporavak mi\u0161i\u0107a s druge strane. Spajanjem vrhunske tehnologije i modernog komfora, kolekcija Bizone svaki tretman pretvara u personalizirano i revitaliziraju\u0107e iskustvo.\" \/>\n<meta property=\"og:url\" content=\"https:\/\/flusso.hr\/zh\/product\/vendom-2u1-hidromasazna-i-hladna-kada-barbade-220-x-220-x-94-cm\/\" \/>\n<meta property=\"og:site_name\" content=\"Flusso\" \/>\n<meta property=\"article:modified_time\" content=\"2026-02-03T13:09:48+00:00\" \/>\n<meta property=\"og:image\" content=\"https:\/\/flusso.hr\/wp-content\/uploads\/2026\/02\/T10-BARBADE-1.jpg\" \/>\n\t<meta property=\"og:image:width\" content=\"1920\" \/>\n\t<meta property=\"og:image:height\" content=\"1280\" \/>\n\t<meta property=\"og:image:type\" content=\"image\/jpeg\" \/>\n<meta name=\"twitter:card\" content=\"summary_large_image\" \/>\n<meta name=\"twitter:label1\" content=\"\u9884\u8ba1\u9605\u8bfb\u65f6\u95f4\" \/>\n\t<meta name=\"twitter:data1\" content=\"1 \u5206\" \/>\n<script type=\"application\/ld+json\" class=\"yoast-schema-graph\">{\"@context\":\"https:\/\/schema.org\",\"@graph\":[{\"@type\":\"WebPage\",\"@id\":\"https:\/\/flusso.hr\/product\/vendom-2u1-hidromasazna-i-hladna-kada-barbade-220-x-220-x-94-cm\/\",\"url\":\"https:\/\/flusso.hr\/product\/vendom-2u1-hidromasazna-i-hladna-kada-barbade-220-x-220-x-94-cm\/\",\"name\":\"Vendom 2u1 hidromasa\u017ena i hladna kada Barbade, 220 \u00d7 220 \u00d7 94 cm - Flusso\",\"isPartOf\":{\"@id\":\"https:\/\/flusso.hr\/#website\"},\"datePublished\":\"2026-02-03T12:59:31+00:00\",\"dateModified\":\"2026-02-03T13:09:48+00:00\",\"breadcrumb\":{\"@id\":\"https:\/\/flusso.hr\/product\/vendom-2u1-hidromasazna-i-hladna-kada-barbade-220-x-220-x-94-cm\/#breadcrumb\"},\"inLanguage\":\"zh-Hans\",\"potentialAction\":[{\"@type\":\"ReadAction\",\"target\":[\"https:\/\/flusso.hr\/product\/vendom-2u1-hidromasazna-i-hladna-kada-barbade-220-x-220-x-94-cm\/\"]}]},{\"@type\":\"BreadcrumbList\",\"@id\":\"https:\/\/flusso.hr\/product\/vendom-2u1-hidromasazna-i-hladna-kada-barbade-220-x-220-x-94-cm\/#breadcrumb\",\"itemListElement\":[{\"@type\":\"ListItem\",\"position\":1,\"name\":\"Home\",\"item\":\"https:\/\/flusso.hr\/\"},{\"@type\":\"ListItem\",\"position\":2,\"name\":\"Shop\",\"item\":\"https:\/\/flusso.hr\/shop\/\"},{\"@type\":\"ListItem\",\"position\":3,\"name\":\"Vendom 2u1 hidromasa\u017ena i hladna kada Barbade, 220 \u00d7 220 \u00d7 94 cm\"}]},{\"@type\":\"WebSite\",\"@id\":\"https:\/\/flusso.hr\/#website\",\"url\":\"https:\/\/flusso.hr\/\",\"name\":\"Flusso | Bazeni i wellness oprema\",\"description\":\"\",\"publisher\":{\"@id\":\"https:\/\/flusso.hr\/#organization\"},\"potentialAction\":[{\"@type\":\"SearchAction\",\"target\":{\"@type\":\"EntryPoint\",\"urlTemplate\":\"https:\/\/flusso.hr\/?s={search_term_string}\"},\"query-input\":\"required name=search_term_string\"}],\"inLanguage\":\"zh-Hans\"},{\"@type\":\"Organization\",\"@id\":\"https:\/\/flusso.hr\/#organization\",\"name\":\"Flusso | Bazeni i wellness oprema\",\"url\":\"https:\/\/flusso.hr\/\",\"logo\":{\"@type\":\"ImageObject\",\"inLanguage\":\"zh-Hans\",\"@id\":\"https:\/\/flusso.hr\/#\/schema\/logo\/image\/\",\"url\":\"https:\/\/flusso.hr\/wp-content\/uploads\/2023\/09\/Logo.png\",\"contentUrl\":\"https:\/\/flusso.hr\/wp-content\/uploads\/2023\/09\/Logo.png\",\"width\":52,\"height\":56,\"caption\":\"Flusso | Bazeni i wellness oprema\"},\"image\":{\"@id\":\"https:\/\/flusso.hr\/#\/schema\/logo\/image\/\"}}]}<\/script>\n<!-- \/ Yoast SEO plugin. -->","yoast_head_json":{"title":"Vendom 2u1 hidromasa\u017ena i hladna kada Barbade, 220 \u00d7 220 \u00d7 94 cm - Flusso","robots":{"index":"index","follow":"follow","max-snippet":"max-snippet:-1","max-image-preview":"max-image-preview:large","max-video-preview":"max-video-preview:-1"},"canonical":"https:\/\/flusso.hr\/zh\/product\/vendom-2u1-hidromasazna-i-hladna-kada-barbade-220-x-220-x-94-cm\/","og_locale":"zh_CN","og_type":"article","og_title":"Vendom 2u1 hidromasa\u017ena i hladna kada Barbade, 220 \u00d7 220 \u00d7 94 cm - Flusso","og_description":"Kolekcija Bizone redefinira spa iskustvo nude\u0107i dvije odvojene zone, omogu\u0107uju\u0107i neovisne masa\u017ee i prilagodljive temperature. Ova napredna tehnologija jam\u010di apsolutnu udobnost i masa\u017eu po mjeri, prilago\u0111enu \u017eeljama svakog pojedinca. Zahvaljuju\u0107i ovom pametnom odvajanja, u\u017eivajte u jedinstvenom trenutku opu\u0161tanja: toplija voda za umiruju\u0107u kupku s jedne strane i hladnija temperatura za oporavak mi\u0161i\u0107a s druge strane. Spajanjem vrhunske tehnologije i modernog komfora, kolekcija Bizone svaki tretman pretvara u personalizirano i revitaliziraju\u0107e iskustvo.","og_url":"https:\/\/flusso.hr\/zh\/product\/vendom-2u1-hidromasazna-i-hladna-kada-barbade-220-x-220-x-94-cm\/","og_site_name":"Flusso","article_modified_time":"2026-02-03T13:09:48+00:00","og_image":[{"width":1920,"height":1280,"url":"https:\/\/flusso.hr\/wp-content\/uploads\/2026\/02\/T10-BARBADE-1.jpg","type":"image\/jpeg"}],"twitter_card":"summary_large_image","twitter_misc":{"\u9884\u8ba1\u9605\u8bfb\u65f6\u95f4":"1 \u5206"},"schema":{"@context":"https:\/\/schema.org","@graph":[{"@type":"WebPage","@id":"https:\/\/flusso.hr\/product\/vendom-2u1-hidromasazna-i-hladna-kada-barbade-220-x-220-x-94-cm\/","url":"https:\/\/flusso.hr\/product\/vendom-2u1-hidromasazna-i-hladna-kada-barbade-220-x-220-x-94-cm\/","name":"Vendom 2u1 hidromasa\u017ena i hladna kada Barbade, 220 \u00d7 220 \u00d7 94 cm - Flusso","isPartOf":{"@id":"https:\/\/flusso.hr\/#website"},"datePublished":"2026-02-03T12:59:31+00:00","dateModified":"2026-02-03T13:09:48+00:00","breadcrumb":{"@id":"https:\/\/flusso.hr\/product\/vendom-2u1-hidromasazna-i-hladna-kada-barbade-220-x-220-x-94-cm\/#breadcrumb"},"inLanguage":"zh-Hans","potentialAction":[{"@type":"ReadAction","target":["https:\/\/flusso.hr\/product\/vendom-2u1-hidromasazna-i-hladna-kada-barbade-220-x-220-x-94-cm\/"]}]},{"@type":"BreadcrumbList","@id":"https:\/\/flusso.hr\/product\/vendom-2u1-hidromasazna-i-hladna-kada-barbade-220-x-220-x-94-cm\/#breadcrumb","itemListElement":[{"@type":"ListItem","position":1,"name":"Home","item":"https:\/\/flusso.hr\/"},{"@type":"ListItem","position":2,"name":"Shop","item":"https:\/\/flusso.hr\/shop\/"},{"@type":"ListItem","position":3,"name":"Vendom 2u1 hidromasa\u017ena i hladna kada Barbade, 220 \u00d7 220 \u00d7 94 cm"}]},{"@type":"WebSite","@id":"https:\/\/flusso.hr\/#website","url":"https:\/\/flusso.hr\/","name":"Flusso | Bazeni i wellness oprema","description":"","publisher":{"@id":"https:\/\/flusso.hr\/#organization"},"potentialAction":[{"@type":"SearchAction","target":{"@type":"EntryPoint","urlTemplate":"https:\/\/flusso.hr\/?s={search_term_string}"},"query-input":"required name=search_term_string"}],"inLanguage":"zh-Hans"},{"@type":"Organization","@id":"https:\/\/flusso.hr\/#organization","name":"Flusso | Bazeni i wellness oprema","url":"https:\/\/flusso.hr\/","logo":{"@type":"ImageObject","inLanguage":"zh-Hans","@id":"https:\/\/flusso.hr\/#\/schema\/logo\/image\/","url":"https:\/\/flusso.hr\/wp-content\/uploads\/2023\/09\/Logo.png","contentUrl":"https:\/\/flusso.hr\/wp-content\/uploads\/2023\/09\/Logo.png","width":52,"height":56,"caption":"Flusso | Bazeni i wellness oprema"},"image":{"@id":"https:\/\/flusso.hr\/#\/schema\/logo\/image\/"}}]}},"_links":{"self":[{"href":"https:\/\/flusso.hr\/zh\/wp-json\/wp\/v2\/product\/5377","targetHints":{"allow":["GET"]}}],"collection":[{"href":"https:\/\/flusso.hr\/zh\/wp-json\/wp\/v2\/product"}],"about":[{"href":"https:\/\/flusso.hr\/zh\/wp-json\/wp\/v2\/types\/product"}],"replies":[{"embeddable":true,"href":"https:\/\/flusso.hr\/zh\/wp-json\/wp\/v2\/comments?post=5377"}],"wp:featuredmedia":[{"embeddable":true,"href":"https:\/\/flusso.hr\/zh\/wp-json\/wp\/v2\/media\/5396"}],"wp:attachment":[{"href":"https:\/\/flusso.hr\/zh\/wp-json\/wp\/v2\/media?parent=5377"}],"wp:term":[{"taxonomy":"product_cat","embeddable":true,"href":"https:\/\/flusso.hr\/zh\/wp-json\/wp\/v2\/product_cat?post=5377"},{"taxonomy":"product_tag","embeddable":true,"href":"https:\/\/flusso.hr\/zh\/wp-json\/wp\/v2\/product_tag?post=5377"}],"curies":[{"name":"wp","href":"https:\/\/api.w.org\/{rel}","templated":true}]}}