{"id":731,"date":"2023-12-02T18:22:38","date_gmt":"2023-12-02T17:22:38","guid":{"rendered":"https:\/\/flusso.hr\/?page_id=731"},"modified":"2024-08-06T10:16:31","modified_gmt":"2024-08-06T09:16:31","slug":"saune","status":"publish","type":"page","link":"https:\/\/flusso.hr\/zh\/\u6851\u62ff\/","title":{"rendered":"\u6851\u62ff"},"content":{"rendered":"<div data-elementor-type=\"wp-page\" data-elementor-id=\"731\" class=\"elementor elementor-731\">\n\t\t\t\t\t\t\t<div class=\"elementor-element elementor-element-ced7083 e-con-full e-flex e-con e-parent\" data-id=\"ced7083\" data-element_type=\"container\" data-settings=\"{&quot;content_width&quot;:&quot;full&quot;,&quot;background_background&quot;:&quot;classic&quot;,&quot;container_type&quot;:&quot;flex&quot;}\" data-e-bg-lazyload=\"\" data-core-v316-plus=\"true\">\n\t\t\t\t<div class=\"elementor-element elementor-element-6120ed6 elementor-widget elementor-widget-heading\" data-id=\"6120ed6\" data-element_type=\"widget\" data-widget_type=\"heading.default\">\n\t\t\t\t<div class=\"elementor-widget-container\">\n\t\t\t<style>\/*! elementor - v3.18.0 - 20-12-2023 *\/\n.elementor-heading-title{padding:0;margin:0;line-height:1}.elementor-widget-heading .elementor-heading-title[class*=elementor-size-]>a{color:inherit;font-size:inherit;line-height:inherit}.elementor-widget-heading .elementor-heading-title.elementor-size-small{font-size:15px}.elementor-widget-heading .elementor-heading-title.elementor-size-medium{font-size:19px}.elementor-widget-heading .elementor-heading-title.elementor-size-large{font-size:29px}.elementor-widget-heading .elementor-heading-title.elementor-size-xl{font-size:39px}.elementor-widget-heading .elementor-heading-title.elementor-size-xxl{font-size:59px}<\/style><h1 class=\"elementor-heading-title elementor-size-default\">\u6851\u62ff\u2014\u2014\u9002\u5408\u6bcf\u4e2a\u5bb6\u5ead\u7684\u82ac\u5170\u6851\u62ff<\/h1>\t\t<\/div>\n\t\t\t\t<\/div>\n\t\t\t\t<\/div>\n\t\t<div class=\"elementor-element elementor-element-b08cad4 e-con-full e-flex e-con e-parent\" data-id=\"b08cad4\" data-element_type=\"container\" data-settings=\"{&quot;content_width&quot;:&quot;full&quot;,&quot;container_type&quot;:&quot;flex&quot;}\" data-core-v316-plus=\"true\">\n\t\t\t\t<div class=\"elementor-element elementor-element-1a58ced elementor-widget elementor-widget-heading\" data-id=\"1a58ced\" data-element_type=\"widget\" data-widget_type=\"heading.default\">\n\t\t\t\t<div class=\"elementor-widget-container\">\n\t\t\t<h2 class=\"elementor-heading-title elementor-size-default\">\u8003\u8651\u5728\u60a8\u7684\u5bb6\u4e2d\u6dfb\u52a0\u6851\u62ff\u6d74\u5ba4\u5417\uff1f<\/h2>\t\t<\/div>\n\t\t\t\t<\/div>\n\t\t\t\t<div class=\"elementor-element elementor-element-f021a89 elementor-widget elementor-widget-text-editor\" data-id=\"f021a89\" data-element_type=\"widget\" data-widget_type=\"text-editor.default\">\n\t\t\t\t<div class=\"elementor-widget-container\">\n\t\t\t<style>\/*! elementor - v3.18.0 - 20-12-2023 *\/\n.elementor-widget-text-editor.elementor-drop-cap-view-stacked .elementor-drop-cap{background-color:#69727d;color:#fff}.elementor-widget-text-editor.elementor-drop-cap-view-framed .elementor-drop-cap{color:#69727d;border:3px solid;background-color:transparent}.elementor-widget-text-editor:not(.elementor-drop-cap-view-default) .elementor-drop-cap{margin-top:8px}.elementor-widget-text-editor:not(.elementor-drop-cap-view-default) .elementor-drop-cap-letter{width:1em;height:1em}.elementor-widget-text-editor .elementor-drop-cap{float:left;text-align:center;line-height:1;font-size:50px}.elementor-widget-text-editor .elementor-drop-cap-letter{display:inline-block}<\/style>\t\t\t\t<p>\u5185\u7f6e\u6851\u62ff\u6d74\u5ba4\u63d0\u4f9b\u4e86\u7edd\u4f73\u7684\u673a\u4f1a\uff0c\u5c06\u5065\u5eb7\u548c\u5962\u534e\u5e26\u5165\u60a8\u81ea\u5df1\u7684\u8212\u9002\u7a7a\u95f4\u3002\u65e0\u8bba\u60a8\u60f3\u5728\u6d74\u5ba4\u3001\u5730\u4e0b\u5ba4\u8fd8\u662f\u4efb\u4f55\u5176\u4ed6\u623f\u95f4\u5b89\u88c5\u6851\u62ff\u623f\uff0c\u6211\u4eec\u7684\u4ea7\u54c1\u90fd\u80fd\u6ee1\u8db3\u60a8\u7684\u5177\u4f53\u613f\u671b\u548c\u9700\u6c42\u3002\u6211\u4eec\u7684\u5185\u7f6e\u6851\u62ff\u623f\u6709\u591a\u79cd\u5c3a\u5bf8\u3001\u6b3e\u5f0f\u548c\u6750\u6599\u53ef\u4f9b\u9009\u62e9\uff0c\u662f\u4efb\u4f55\u5bb6\u5ead\u7684\u5b8c\u7f8e\u89e3\u51b3\u65b9\u6848\u3002<\/p>\n<p>\u6211\u4eec\u7684\u6851\u62ff\u6d74\u5ba4\u4e0d\u4ec5\u63d0\u4f9b\u5b9e\u7528\u6027\u548c\u591a\u529f\u80fd\u6027\uff0c\u800c\u4e14\u8fd8\u63d0\u4f9b\u4e2a\u6027\u5316\u7684\u53ef\u80fd\u6027\u3002\u9009\u62e9\u5408\u9002\u7684\u5c3a\u5bf8\u3001\u5f62\u72b6\u4ee5\u53ca\u7167\u660e\u3001\u97f3\u54cd\u7cfb\u7edf\u751a\u81f3\u82b3\u9999\u7597\u6cd5\u7b49\u9644\u52a0\u9009\u9879\u4ece\u672a\u5982\u6b64\u7b80\u5355\u3002\u65e0\u8bba\u60a8\u662f\u5728\u5bfb\u627e\u4f9b\u4e2a\u4eba\u4f7f\u7528\u7684\u7d27\u51d1\u578b\u6851\u62ff\u623f\u8fd8\u662f\u4e0e\u670b\u53cb\u548c\u5bb6\u4eba\u4e00\u8d77\u95f2\u901b\u7684\u5927\u578b\u6851\u62ff\u623f\uff0c\u6211\u4eec\u7684\u4ea7\u54c1\u90fd\u5c06\u6ee1\u8db3\u60a8\u7684\u6240\u6709\u9700\u6c42\u3002<\/p>\n<p>\u5efa\u9020\u6851\u62ff\u623f\u662f\u4e00\u9879\u9700\u8981\u4e13\u5bb6\u89c4\u5212\u548c\u6267\u884c\u7684\u6295\u8d44\u3002\u6211\u4eec\u7684\u4e13\u4e1a\u4eba\u5458\u5c06\u5728\u6574\u4e2a\u8fc7\u7a0b\u4e2d\u4e3a\u60a8\u63d0\u4f9b\u652f\u6301\uff0c\u4ece\u9009\u62e9\u5bb6\u4e2d\u7684\u7406\u60f3\u4f4d\u7f6e\uff0c\u5230\u6839\u636e\u60a8\u7684\u89c4\u683c\u8bbe\u8ba1\u6851\u62ff\u6d74\u5ba4\uff0c\u518d\u5230\u5b89\u88c5\u548c\u6536\u5c3e\u5de5\u4f5c\u3002\u9664\u4e86\u63d0\u4f9b\u5404\u79cd\u6750\u6599\u548c\u9970\u9762\u5916\uff0c\u6211\u4eec\u7684\u56e2\u961f\u8fd8\u5c06\u786e\u4fdd\u60a8\u7684\u6851\u62ff\u623f\u4e0d\u4ec5\u770b\u8d77\u6765\u5f88\u68d2\uff0c\u800c\u4e14\u8fd8\u63d0\u4f9b\u6700\u4f73\u7684\u653e\u677e\u4f53\u9a8c\u3002<\/p>\n<p>\u6211\u4eec\u7684\u5185\u7f6e\u6851\u62ff\u623f\u7684\u4ef7\u683c\u6839\u636e\u60a8\u9009\u62e9\u7684\u5c3a\u5bf8\u3001\u6750\u6599\u548c\u914d\u4ef6\u800c\u6709\u6240\u4e0d\u540c\uff0c\u8ba9\u60a8\u627e\u5230\u9002\u5408\u60a8\u9884\u7b97\u7684\u7406\u60f3\u6851\u62ff\u623f\u3002\u8bf7\u7acb\u5373\u8054\u7cfb\u6211\u4eec\u83b7\u53d6\u4e2a\u6027\u5316\u62a5\u4ef7\uff0c\u5e76\u4e86\u89e3\u6211\u4eec\u5982\u4f55\u5e2e\u52a9\u60a8\u5b9e\u73b0\u5b8c\u7f8e\u6851\u62ff\u623f\u7684\u68a6\u60f3\u3002\u8bf7\u653e\u5fc3\u8054\u7cfb\u6211\u4eec\uff0c\u4ee5\u4fbf\u6211\u4eec\u5171\u540c\u6253\u9020\u60a8\u7406\u60f3\u7684\u653e\u677e\u7eff\u6d32\u3002<\/p>\t\t\t\t\t\t<\/div>\n\t\t\t\t<\/div>\n\t\t\t\t<\/div>\n\t\t<div class=\"elementor-element elementor-element-4e76e28 e-con-full e-flex e-con e-parent\" data-id=\"4e76e28\" data-element_type=\"container\" data-settings=\"{&quot;content_width&quot;:&quot;full&quot;,&quot;background_background&quot;:&quot;classic&quot;,&quot;container_type&quot;:&quot;flex&quot;}\" data-e-bg-lazyload=\"\" data-core-v316-plus=\"true\">\n\t\t\t\t<\/div>\n\t\t\t\t\t\t\t<\/div>","protected":false},"excerpt":{"rendered":"<p>Saune &#8211; Finska Sauna za svaki dom Razmi\u0161ljate o dodavanju saune u va\u0161 dom? Ugradbene saune pru\u017eaju izvanrednu priliku da unesete wellness i luksuz u udobnost vlastitog prostora. Bilo da \u017eelite saunu instalirati u kupaonicu, podrum ili bilo koju drugu prostoriju, na\u0161a ponuda omogu\u0107ava prilagodbu va\u0161im specifi\u010dnim \u017eeljama i potrebama. S razli\u010ditim veli\u010dinama, stilovima i [&hellip;]<\/p>","protected":false},"author":4,"featured_media":0,"parent":0,"menu_order":0,"comment_status":"closed","ping_status":"closed","template":"elementor_header_footer","meta":{"footnotes":""},"class_list":["post-731","page","type-page","status-publish","hentry"],"yoast_head":"<!-- This site is optimized with the Yoast SEO plugin v21.8 - https:\/\/yoast.com\/wordpress\/plugins\/seo\/ -->\n<title>Saune - Flusso<\/title>\n<meta name=\"description\" content=\"Saune: Otkrijte na\u0161u ekskluzivnu selekciju proizvoda koji \u0107e va\u0161 prostor pretvoriti u pravu oazu relaksacije i mira.\" \/>\n<meta name=\"robots\" content=\"index, follow, max-snippet:-1, max-image-preview:large, max-video-preview:-1\" \/>\n<link rel=\"canonical\" href=\"https:\/\/flusso.hr\/zh\/\u6851\u62ff\/\" \/>\n<meta property=\"og:locale\" content=\"zh_CN\" \/>\n<meta property=\"og:type\" content=\"article\" \/>\n<meta property=\"og:title\" content=\"Saune - Flusso\" \/>\n<meta property=\"og:description\" content=\"Saune: Otkrijte na\u0161u ekskluzivnu selekciju proizvoda koji \u0107e va\u0161 prostor pretvoriti u pravu oazu relaksacije i mira.\" \/>\n<meta property=\"og:url\" content=\"https:\/\/flusso.hr\/zh\/\u6851\u62ff\/\" \/>\n<meta property=\"og:site_name\" content=\"Flusso\" \/>\n<meta property=\"article:modified_time\" content=\"2024-08-06T09:16:31+00:00\" \/>\n<meta name=\"twitter:card\" content=\"summary_large_image\" \/>\n<meta name=\"twitter:label1\" content=\"\u9884\u8ba1\u9605\u8bfb\u65f6\u95f4\" \/>\n\t<meta name=\"twitter:data1\" content=\"2 \u5206\" \/>\n<script type=\"application\/ld+json\" class=\"yoast-schema-graph\">{\"@context\":\"https:\/\/schema.org\",\"@graph\":[{\"@type\":\"WebPage\",\"@id\":\"https:\/\/flusso.hr\/saune\/\",\"url\":\"https:\/\/flusso.hr\/saune\/\",\"name\":\"Saune - Flusso\",\"isPartOf\":{\"@id\":\"https:\/\/flusso.hr\/#website\"},\"datePublished\":\"2023-12-02T17:22:38+00:00\",\"dateModified\":\"2024-08-06T09:16:31+00:00\",\"description\":\"Saune: Otkrijte na\u0161u ekskluzivnu selekciju proizvoda koji \u0107e va\u0161 prostor pretvoriti u pravu oazu relaksacije i mira.\",\"breadcrumb\":{\"@id\":\"https:\/\/flusso.hr\/saune\/#breadcrumb\"},\"inLanguage\":\"zh-Hans\",\"potentialAction\":[{\"@type\":\"ReadAction\",\"target\":[\"https:\/\/flusso.hr\/saune\/\"]}]},{\"@type\":\"BreadcrumbList\",\"@id\":\"https:\/\/flusso.hr\/saune\/#breadcrumb\",\"itemListElement\":[{\"@type\":\"ListItem\",\"position\":1,\"name\":\"Home\",\"item\":\"https:\/\/flusso.hr\/\"},{\"@type\":\"ListItem\",\"position\":2,\"name\":\"Saune\"}]},{\"@type\":\"WebSite\",\"@id\":\"https:\/\/flusso.hr\/#website\",\"url\":\"https:\/\/flusso.hr\/\",\"name\":\"Flusso | Bazeni i wellness oprema\",\"description\":\"\",\"publisher\":{\"@id\":\"https:\/\/flusso.hr\/#organization\"},\"potentialAction\":[{\"@type\":\"SearchAction\",\"target\":{\"@type\":\"EntryPoint\",\"urlTemplate\":\"https:\/\/flusso.hr\/?s={search_term_string}\"},\"query-input\":\"required name=search_term_string\"}],\"inLanguage\":\"zh-Hans\"},{\"@type\":\"Organization\",\"@id\":\"https:\/\/flusso.hr\/#organization\",\"name\":\"Flusso | Bazeni i wellness oprema\",\"url\":\"https:\/\/flusso.hr\/\",\"logo\":{\"@type\":\"ImageObject\",\"inLanguage\":\"zh-Hans\",\"@id\":\"https:\/\/flusso.hr\/#\/schema\/logo\/image\/\",\"url\":\"https:\/\/flusso.hr\/wp-content\/uploads\/2023\/09\/Logo.png\",\"contentUrl\":\"https:\/\/flusso.hr\/wp-content\/uploads\/2023\/09\/Logo.png\",\"width\":52,\"height\":56,\"caption\":\"Flusso | Bazeni i wellness oprema\"},\"image\":{\"@id\":\"https:\/\/flusso.hr\/#\/schema\/logo\/image\/\"}}]}<\/script>\n<!-- \/ Yoast SEO plugin. -->","yoast_head_json":{"title":"Saune - Flusso","description":"Saune: Otkrijte na\u0161u ekskluzivnu selekciju proizvoda koji \u0107e va\u0161 prostor pretvoriti u pravu oazu relaksacije i mira.","robots":{"index":"index","follow":"follow","max-snippet":"max-snippet:-1","max-image-preview":"max-image-preview:large","max-video-preview":"max-video-preview:-1"},"canonical":"https:\/\/flusso.hr\/zh\/\u6851\u62ff\/","og_locale":"zh_CN","og_type":"article","og_title":"Saune - Flusso","og_description":"Saune: Otkrijte na\u0161u ekskluzivnu selekciju proizvoda koji \u0107e va\u0161 prostor pretvoriti u pravu oazu relaksacije i mira.","og_url":"https:\/\/flusso.hr\/zh\/\u6851\u62ff\/","og_site_name":"Flusso","article_modified_time":"2024-08-06T09:16:31+00:00","twitter_card":"summary_large_image","twitter_misc":{"\u9884\u8ba1\u9605\u8bfb\u65f6\u95f4":"2 \u5206"},"schema":{"@context":"https:\/\/schema.org","@graph":[{"@type":"WebPage","@id":"https:\/\/flusso.hr\/saune\/","url":"https:\/\/flusso.hr\/saune\/","name":"Saune - Flusso","isPartOf":{"@id":"https:\/\/flusso.hr\/#website"},"datePublished":"2023-12-02T17:22:38+00:00","dateModified":"2024-08-06T09:16:31+00:00","description":"Saune: Otkrijte na\u0161u ekskluzivnu selekciju proizvoda koji \u0107e va\u0161 prostor pretvoriti u pravu oazu relaksacije i mira.","breadcrumb":{"@id":"https:\/\/flusso.hr\/saune\/#breadcrumb"},"inLanguage":"zh-Hans","potentialAction":[{"@type":"ReadAction","target":["https:\/\/flusso.hr\/saune\/"]}]},{"@type":"BreadcrumbList","@id":"https:\/\/flusso.hr\/saune\/#breadcrumb","itemListElement":[{"@type":"ListItem","position":1,"name":"Home","item":"https:\/\/flusso.hr\/"},{"@type":"ListItem","position":2,"name":"Saune"}]},{"@type":"WebSite","@id":"https:\/\/flusso.hr\/#website","url":"https:\/\/flusso.hr\/","name":"Flusso | Bazeni i wellness oprema","description":"","publisher":{"@id":"https:\/\/flusso.hr\/#organization"},"potentialAction":[{"@type":"SearchAction","target":{"@type":"EntryPoint","urlTemplate":"https:\/\/flusso.hr\/?s={search_term_string}"},"query-input":"required name=search_term_string"}],"inLanguage":"zh-Hans"},{"@type":"Organization","@id":"https:\/\/flusso.hr\/#organization","name":"Flusso | Bazeni i wellness oprema","url":"https:\/\/flusso.hr\/","logo":{"@type":"ImageObject","inLanguage":"zh-Hans","@id":"https:\/\/flusso.hr\/#\/schema\/logo\/image\/","url":"https:\/\/flusso.hr\/wp-content\/uploads\/2023\/09\/Logo.png","contentUrl":"https:\/\/flusso.hr\/wp-content\/uploads\/2023\/09\/Logo.png","width":52,"height":56,"caption":"Flusso | Bazeni i wellness oprema"},"image":{"@id":"https:\/\/flusso.hr\/#\/schema\/logo\/image\/"}}]}},"_links":{"self":[{"href":"https:\/\/flusso.hr\/zh\/wp-json\/wp\/v2\/pages\/731","targetHints":{"allow":["GET"]}}],"collection":[{"href":"https:\/\/flusso.hr\/zh\/wp-json\/wp\/v2\/pages"}],"about":[{"href":"https:\/\/flusso.hr\/zh\/wp-json\/wp\/v2\/types\/page"}],"author":[{"embeddable":true,"href":"https:\/\/flusso.hr\/zh\/wp-json\/wp\/v2\/users\/4"}],"replies":[{"embeddable":true,"href":"https:\/\/flusso.hr\/zh\/wp-json\/wp\/v2\/comments?post=731"}],"version-history":[{"count":122,"href":"https:\/\/flusso.hr\/zh\/wp-json\/wp\/v2\/pages\/731\/revisions"}],"predecessor-version":[{"id":4143,"href":"https:\/\/flusso.hr\/zh\/wp-json\/wp\/v2\/pages\/731\/revisions\/4143"}],"wp:attachment":[{"href":"https:\/\/flusso.hr\/zh\/wp-json\/wp\/v2\/media?parent=731"}],"curies":[{"name":"wp","href":"https:\/\/api.w.org\/{rel}","templated":true}]}}