{"id":727,"date":"2023-12-02T18:19:24","date_gmt":"2023-12-02T17:19:24","guid":{"rendered":"https:\/\/flusso.hr\/?page_id=727"},"modified":"2024-04-01T20:53:56","modified_gmt":"2024-04-01T19:53:56","slug":"izgradnja-i-odrzavanje-bazena","status":"publish","type":"page","link":"https:\/\/flusso.hr\/zh\/\u6e38\u6cf3\u6c60\u7684\u5efa\u9020\u548c\u7ef4\u62a4\/","title":{"rendered":"\u6e38\u6cf3\u6c60\u7684\u5efa\u9020\u548c\u7ef4\u62a4"},"content":{"rendered":"<div data-elementor-type=\"wp-page\" data-elementor-id=\"727\" class=\"elementor elementor-727\">\n\t\t\t\t\t\t\t<div class=\"elementor-element elementor-element-65ad8ae e-con-full e-flex e-con e-parent\" data-id=\"65ad8ae\" data-element_type=\"container\" data-settings=\"{&quot;content_width&quot;:&quot;full&quot;,&quot;background_background&quot;:&quot;classic&quot;,&quot;container_type&quot;:&quot;flex&quot;}\" data-e-bg-lazyload=\"\" data-core-v316-plus=\"true\">\n\t\t\t\t<div class=\"elementor-element elementor-element-6c2349e elementor-widget elementor-widget-heading\" data-id=\"6c2349e\" data-element_type=\"widget\" data-widget_type=\"heading.default\">\n\t\t\t\t<div class=\"elementor-widget-container\">\n\t\t\t<style>\/*! elementor - v3.18.0 - 20-12-2023 *\/\n.elementor-heading-title{padding:0;margin:0;line-height:1}.elementor-widget-heading .elementor-heading-title[class*=elementor-size-]>a{color:inherit;font-size:inherit;line-height:inherit}.elementor-widget-heading .elementor-heading-title.elementor-size-small{font-size:15px}.elementor-widget-heading .elementor-heading-title.elementor-size-medium{font-size:19px}.elementor-widget-heading .elementor-heading-title.elementor-size-large{font-size:29px}.elementor-widget-heading .elementor-heading-title.elementor-size-xl{font-size:39px}.elementor-widget-heading .elementor-heading-title.elementor-size-xxl{font-size:59px}<\/style><h1 class=\"elementor-heading-title elementor-size-default\">\u6e38\u6cf3\u6c60\u7684\u5efa\u9020\u548c\u7ef4\u62a4<\/h1>\t\t<\/div>\n\t\t\t\t<\/div>\n\t\t\t\t<\/div>\n\t\t<div class=\"elementor-element elementor-element-9526ba2 e-con-full e-flex e-con e-parent\" data-id=\"9526ba2\" data-element_type=\"container\" data-settings=\"{&quot;content_width&quot;:&quot;full&quot;,&quot;container_type&quot;:&quot;flex&quot;}\" data-core-v316-plus=\"true\">\n\t\t\t\t<div class=\"elementor-element elementor-element-c1f63b2 elementor-widget elementor-widget-heading\" data-id=\"c1f63b2\" data-element_type=\"widget\" data-widget_type=\"heading.default\">\n\t\t\t\t<div class=\"elementor-widget-container\">\n\t\t\t<h2 class=\"elementor-heading-title elementor-size-default\">\u60a8\u6b63\u5728\u7814\u7a76\u5efa\u9020\u6e38\u6cf3\u6c60\u7684\u53ef\u80fd\u6027\u5417\uff1f<\/h2>\t\t<\/div>\n\t\t\t\t<\/div>\n\t\t\t\t<div class=\"elementor-element elementor-element-c11d1e6 elementor-widget elementor-widget-text-editor\" data-id=\"c11d1e6\" data-element_type=\"widget\" data-widget_type=\"text-editor.default\">\n\t\t\t\t<div class=\"elementor-widget-container\">\n\t\t\t<style>\/*! elementor - v3.18.0 - 20-12-2023 *\/\n.elementor-widget-text-editor.elementor-drop-cap-view-stacked .elementor-drop-cap{background-color:#69727d;color:#fff}.elementor-widget-text-editor.elementor-drop-cap-view-framed .elementor-drop-cap{color:#69727d;border:3px solid;background-color:transparent}.elementor-widget-text-editor:not(.elementor-drop-cap-view-default) .elementor-drop-cap{margin-top:8px}.elementor-widget-text-editor:not(.elementor-drop-cap-view-default) .elementor-drop-cap-letter{width:1em;height:1em}.elementor-widget-text-editor .elementor-drop-cap{float:left;text-align:center;line-height:1;font-size:50px}.elementor-widget-text-editor .elementor-drop-cap-letter{display:inline-block}<\/style>\t\t\t\t<p>Flusso \u63d0\u4f9b\u9002\u5408\u60a8\u7684\u7a7a\u95f4\u548c\u7f8e\u5b66\u7684\u9ad8\u8d28\u91cf\u89e3\u51b3\u65b9\u6848\u3002\u65e0\u8bba\u60a8\u662f\u5728\u5bfb\u627e\u7ecf\u5178\u6cf3\u6c60\u3001\u65e0\u8fb9\u6cf3\u6c60\u8fd8\u662f\u5b8c\u5168\u72ec\u7279\u7684\u6cf3\u6c60\uff0c\u6211\u4eec\u7684\u4e13\u5bb6\u56e2\u961f\u90fd\u81f4\u529b\u4e8e\u6253\u9020\u4e2a\u6027\u5316\u6cf3\u6c60\uff0c\u4ee5\u6ee1\u8db3\u60a8\u7684\u5404\u79cd\u9700\u6c42\u3002<\/p><p>\u4e0e\u6211\u4eec\u4e00\u8d77\u5efa\u9020\u6cf3\u6c60\u65e2\u7b80\u5355\u53c8\u65e0\u5fe7\u65e0\u8651\u3002\u9996\u5148\u662f\u9009\u62e9\u7406\u60f3\u7684\u6cf3\u6c60\u4f4d\u7f6e\u548c\u7c7b\u578b\uff0c\u5b8c\u6210\u8bb8\u53ef\u6d41\u7a0b\uff0c\u7136\u540e\u9009\u62e9\u6750\u6599\u548c\u914d\u4ef6\u3002\u6211\u4eec\u7684\u4e13\u5bb6\u5c06\u4e3a\u60a8\u63d0\u4f9b\u4e2a\u6027\u5316\u7684\u4f30\u4ef7\uff0c\u540c\u65f6\u8003\u8651\u6700\u9002\u5408\u60a8\u7684\u559c\u597d\u548c\u9884\u7b97\u7684\u5c3a\u5bf8\u3001\u5f62\u72b6\u3001\u6750\u6599\u548c\u914d\u4ef6\u3002<\/p><p>\u6211\u4eec\u7684\u4ea7\u54c1\u8fd8\u5305\u62ec\u5168\u9762\u7684\u7ef4\u62a4\u670d\u52a1\uff0c\u4ece\u6c34\u8fc7\u6ee4\u548c\u5faa\u73af\u7cfb\u7edf\u5230\u5316\u5b66\u7ef4\u62a4\u548c\u81ea\u52a8\u5316\u5b66\u5206\u914d\u5668\uff0c\u786e\u4fdd\u60a8\u7684\u6cf3\u6c60\u4fdd\u6301\u6e05\u6d01\u3001\u5b89\u5168\u5e76\u968f\u65f6\u53ef\u4ee5\u4eab\u53d7\u3002<\/p><p>\u4fdd\u62a4\u60a8\u7684\u6295\u8d44\u662f\u5173\u952e\uff0c\u8fd9\u5c31\u662f\u4e3a\u4ec0\u4e48\u6211\u4eec\u8fd8\u63d0\u4f9b\u6cf3\u6c60\u9632\u51bb\u670d\u52a1\uff0c\u786e\u4fdd\u60a8\u7684\u6cf3\u6c60\u5728\u5bd2\u51b7\u7684\u6708\u4efd\u53d7\u5230\u4fdd\u62a4\uff0c\u5e76\u4e3a\u4e0b\u4e00\u4e2a\u5b63\u8282\u505a\u597d\u51c6\u5907\u3002<\/p><p>\u8bf7\u8054\u7cfb\u6211\u4eec\uff0c\u4e3a\u60a8\u7684\u5b8c\u7f8e\u6cf3\u6c60\u8fdb\u884c\u4ef7\u683c\u4f30\u7b97\uff0c\u5e76\u4e86\u89e3 Flusso \u5982\u4f55\u5c06\u60a8\u7684\u6cf3\u6c60\u68a6\u60f3\u53d8\u6210\u73b0\u5b9e\u3002<\/p>\t\t\t\t\t\t<\/div>\n\t\t\t\t<\/div>\n\t\t\t\t<\/div>\n\t\t<div class=\"elementor-element elementor-element-3840906 e-flex e-con-boxed e-con e-parent\" data-id=\"3840906\" data-element_type=\"container\" data-settings=\"{&quot;background_background&quot;:&quot;slideshow&quot;,&quot;background_slideshow_gallery&quot;:[{&quot;id&quot;:3090,&quot;url&quot;:&quot;https:\\\/\\\/flusso.hr\\\/wp-content\\\/uploads\\\/2023\\\/12\\\/BY3A3396-scaled.jpg&quot;},{&quot;id&quot;:3088,&quot;url&quot;:&quot;https:\\\/\\\/flusso.hr\\\/wp-content\\\/uploads\\\/2023\\\/12\\\/BY3A3382-scaled.jpg&quot;}],&quot;container_type&quot;:&quot;flex&quot;,&quot;content_width&quot;:&quot;boxed&quot;,&quot;background_slideshow_loop&quot;:&quot;yes&quot;,&quot;background_slideshow_slide_duration&quot;:5000,&quot;background_slideshow_slide_transition&quot;:&quot;fade&quot;,&quot;background_slideshow_transition_duration&quot;:500}\" data-core-v316-plus=\"true\">\n\t\t\t\t\t<div class=\"e-con-inner\">\n\t\t\t\t\t<\/div>\n\t\t\t\t<\/div>\n\t\t\t\t\t\t\t<\/div>","protected":false},"excerpt":{"rendered":"<p>Izgradnja i odr\u017eavanje bazena Istra\u017eujete mogu\u0107nosti za izgradnju bazena? Flusso nudi visokokvalitetna rje\u0161enja prilago\u0111ena va\u0161em prostoru i estetici. Bez obzira tra\u017eite li klasi\u010dni bazen, beskrajni bazen ili ne\u0161to potpuno jedinstveno, na\u0161 tim stru\u010dnjaka posve\u0107en je stvaranju personaliziranog bazena koji \u0107e zadovoljiti sve va\u0161e potrebe. Izgradnja bazena s nama je jednostavna i bezbri\u017ena. Po\u010dinje odabiranjem idealne [&hellip;]<\/p>","protected":false},"author":4,"featured_media":0,"parent":0,"menu_order":0,"comment_status":"closed","ping_status":"closed","template":"elementor_header_footer","meta":{"footnotes":""},"class_list":["post-727","page","type-page","status-publish","hentry"],"yoast_head":"<!-- This site is optimized with the Yoast SEO plugin v21.8 - https:\/\/yoast.com\/wordpress\/plugins\/seo\/ -->\n<title>Izgradnja i odr\u017eavanje bazena - Flusso<\/title>\n<meta name=\"description\" content=\"Izgradnja i odr\u017eavanje bazena: Otkrijte na\u0161u ekskluzivnu selekciju proizvoda koji \u0107e va\u0161 prostor pretvoriti u pravu oazu relaksacije i mira.\" \/>\n<meta name=\"robots\" content=\"index, follow, max-snippet:-1, max-image-preview:large, max-video-preview:-1\" \/>\n<link rel=\"canonical\" href=\"https:\/\/flusso.hr\/zh\/\u6e38\u6cf3\u6c60\u7684\u5efa\u9020\u548c\u7ef4\u62a4\/\" \/>\n<meta property=\"og:locale\" content=\"zh_CN\" \/>\n<meta property=\"og:type\" content=\"article\" \/>\n<meta property=\"og:title\" content=\"Izgradnja i odr\u017eavanje bazena - Flusso\" \/>\n<meta property=\"og:description\" content=\"Izgradnja i odr\u017eavanje bazena: Otkrijte na\u0161u ekskluzivnu selekciju proizvoda koji \u0107e va\u0161 prostor pretvoriti u pravu oazu relaksacije i mira.\" \/>\n<meta property=\"og:url\" content=\"https:\/\/flusso.hr\/zh\/\u6e38\u6cf3\u6c60\u7684\u5efa\u9020\u548c\u7ef4\u62a4\/\" \/>\n<meta property=\"og:site_name\" content=\"Flusso\" \/>\n<meta property=\"article:modified_time\" content=\"2024-04-01T19:53:56+00:00\" \/>\n<meta name=\"twitter:card\" content=\"summary_large_image\" \/>\n<meta name=\"twitter:label1\" content=\"\u9884\u8ba1\u9605\u8bfb\u65f6\u95f4\" \/>\n\t<meta name=\"twitter:data1\" content=\"1 \u5206\" \/>\n<script type=\"application\/ld+json\" class=\"yoast-schema-graph\">{\"@context\":\"https:\/\/schema.org\",\"@graph\":[{\"@type\":\"WebPage\",\"@id\":\"https:\/\/flusso.hr\/izgradnja-i-odrzavanje-bazena\/\",\"url\":\"https:\/\/flusso.hr\/izgradnja-i-odrzavanje-bazena\/\",\"name\":\"Izgradnja i odr\u017eavanje bazena - Flusso\",\"isPartOf\":{\"@id\":\"https:\/\/flusso.hr\/#website\"},\"datePublished\":\"2023-12-02T17:19:24+00:00\",\"dateModified\":\"2024-04-01T19:53:56+00:00\",\"description\":\"Izgradnja i odr\u017eavanje bazena: Otkrijte na\u0161u ekskluzivnu selekciju proizvoda koji \u0107e va\u0161 prostor pretvoriti u pravu oazu relaksacije i mira.\",\"breadcrumb\":{\"@id\":\"https:\/\/flusso.hr\/izgradnja-i-odrzavanje-bazena\/#breadcrumb\"},\"inLanguage\":\"zh-Hans\",\"potentialAction\":[{\"@type\":\"ReadAction\",\"target\":[\"https:\/\/flusso.hr\/izgradnja-i-odrzavanje-bazena\/\"]}]},{\"@type\":\"BreadcrumbList\",\"@id\":\"https:\/\/flusso.hr\/izgradnja-i-odrzavanje-bazena\/#breadcrumb\",\"itemListElement\":[{\"@type\":\"ListItem\",\"position\":1,\"name\":\"Home\",\"item\":\"https:\/\/flusso.hr\/\"},{\"@type\":\"ListItem\",\"position\":2,\"name\":\"Izgradnja i odr\u017eavanje bazena\"}]},{\"@type\":\"WebSite\",\"@id\":\"https:\/\/flusso.hr\/#website\",\"url\":\"https:\/\/flusso.hr\/\",\"name\":\"Flusso | Bazeni i wellness oprema\",\"description\":\"\",\"publisher\":{\"@id\":\"https:\/\/flusso.hr\/#organization\"},\"potentialAction\":[{\"@type\":\"SearchAction\",\"target\":{\"@type\":\"EntryPoint\",\"urlTemplate\":\"https:\/\/flusso.hr\/?s={search_term_string}\"},\"query-input\":\"required name=search_term_string\"}],\"inLanguage\":\"zh-Hans\"},{\"@type\":\"Organization\",\"@id\":\"https:\/\/flusso.hr\/#organization\",\"name\":\"Flusso | Bazeni i wellness oprema\",\"url\":\"https:\/\/flusso.hr\/\",\"logo\":{\"@type\":\"ImageObject\",\"inLanguage\":\"zh-Hans\",\"@id\":\"https:\/\/flusso.hr\/#\/schema\/logo\/image\/\",\"url\":\"https:\/\/flusso.hr\/wp-content\/uploads\/2023\/09\/Logo.png\",\"contentUrl\":\"https:\/\/flusso.hr\/wp-content\/uploads\/2023\/09\/Logo.png\",\"width\":52,\"height\":56,\"caption\":\"Flusso | Bazeni i wellness oprema\"},\"image\":{\"@id\":\"https:\/\/flusso.hr\/#\/schema\/logo\/image\/\"}}]}<\/script>\n<!-- \/ Yoast SEO plugin. -->","yoast_head_json":{"title":"Izgradnja i odr\u017eavanje bazena - Flusso","description":"Izgradnja i odr\u017eavanje bazena: Otkrijte na\u0161u ekskluzivnu selekciju proizvoda koji \u0107e va\u0161 prostor pretvoriti u pravu oazu relaksacije i mira.","robots":{"index":"index","follow":"follow","max-snippet":"max-snippet:-1","max-image-preview":"max-image-preview:large","max-video-preview":"max-video-preview:-1"},"canonical":"https:\/\/flusso.hr\/zh\/\u6e38\u6cf3\u6c60\u7684\u5efa\u9020\u548c\u7ef4\u62a4\/","og_locale":"zh_CN","og_type":"article","og_title":"Izgradnja i odr\u017eavanje bazena - Flusso","og_description":"Izgradnja i odr\u017eavanje bazena: Otkrijte na\u0161u ekskluzivnu selekciju proizvoda koji \u0107e va\u0161 prostor pretvoriti u pravu oazu relaksacije i mira.","og_url":"https:\/\/flusso.hr\/zh\/\u6e38\u6cf3\u6c60\u7684\u5efa\u9020\u548c\u7ef4\u62a4\/","og_site_name":"Flusso","article_modified_time":"2024-04-01T19:53:56+00:00","twitter_card":"summary_large_image","twitter_misc":{"\u9884\u8ba1\u9605\u8bfb\u65f6\u95f4":"1 \u5206"},"schema":{"@context":"https:\/\/schema.org","@graph":[{"@type":"WebPage","@id":"https:\/\/flusso.hr\/izgradnja-i-odrzavanje-bazena\/","url":"https:\/\/flusso.hr\/izgradnja-i-odrzavanje-bazena\/","name":"Izgradnja i odr\u017eavanje bazena - Flusso","isPartOf":{"@id":"https:\/\/flusso.hr\/#website"},"datePublished":"2023-12-02T17:19:24+00:00","dateModified":"2024-04-01T19:53:56+00:00","description":"Izgradnja i odr\u017eavanje bazena: Otkrijte na\u0161u ekskluzivnu selekciju proizvoda koji \u0107e va\u0161 prostor pretvoriti u pravu oazu relaksacije i mira.","breadcrumb":{"@id":"https:\/\/flusso.hr\/izgradnja-i-odrzavanje-bazena\/#breadcrumb"},"inLanguage":"zh-Hans","potentialAction":[{"@type":"ReadAction","target":["https:\/\/flusso.hr\/izgradnja-i-odrzavanje-bazena\/"]}]},{"@type":"BreadcrumbList","@id":"https:\/\/flusso.hr\/izgradnja-i-odrzavanje-bazena\/#breadcrumb","itemListElement":[{"@type":"ListItem","position":1,"name":"Home","item":"https:\/\/flusso.hr\/"},{"@type":"ListItem","position":2,"name":"Izgradnja i odr\u017eavanje bazena"}]},{"@type":"WebSite","@id":"https:\/\/flusso.hr\/#website","url":"https:\/\/flusso.hr\/","name":"Flusso | Bazeni i wellness oprema","description":"","publisher":{"@id":"https:\/\/flusso.hr\/#organization"},"potentialAction":[{"@type":"SearchAction","target":{"@type":"EntryPoint","urlTemplate":"https:\/\/flusso.hr\/?s={search_term_string}"},"query-input":"required name=search_term_string"}],"inLanguage":"zh-Hans"},{"@type":"Organization","@id":"https:\/\/flusso.hr\/#organization","name":"Flusso | Bazeni i wellness oprema","url":"https:\/\/flusso.hr\/","logo":{"@type":"ImageObject","inLanguage":"zh-Hans","@id":"https:\/\/flusso.hr\/#\/schema\/logo\/image\/","url":"https:\/\/flusso.hr\/wp-content\/uploads\/2023\/09\/Logo.png","contentUrl":"https:\/\/flusso.hr\/wp-content\/uploads\/2023\/09\/Logo.png","width":52,"height":56,"caption":"Flusso | Bazeni i wellness oprema"},"image":{"@id":"https:\/\/flusso.hr\/#\/schema\/logo\/image\/"}}]}},"_links":{"self":[{"href":"https:\/\/flusso.hr\/zh\/wp-json\/wp\/v2\/pages\/727","targetHints":{"allow":["GET"]}}],"collection":[{"href":"https:\/\/flusso.hr\/zh\/wp-json\/wp\/v2\/pages"}],"about":[{"href":"https:\/\/flusso.hr\/zh\/wp-json\/wp\/v2\/types\/page"}],"author":[{"embeddable":true,"href":"https:\/\/flusso.hr\/zh\/wp-json\/wp\/v2\/users\/4"}],"replies":[{"embeddable":true,"href":"https:\/\/flusso.hr\/zh\/wp-json\/wp\/v2\/comments?post=727"}],"version-history":[{"count":145,"href":"https:\/\/flusso.hr\/zh\/wp-json\/wp\/v2\/pages\/727\/revisions"}],"predecessor-version":[{"id":4070,"href":"https:\/\/flusso.hr\/zh\/wp-json\/wp\/v2\/pages\/727\/revisions\/4070"}],"wp:attachment":[{"href":"https:\/\/flusso.hr\/zh\/wp-json\/wp\/v2\/media?parent=727"}],"curies":[{"name":"wp","href":"https:\/\/api.w.org\/{rel}","templated":true}]}}