{"id":4840,"date":"2026-01-29T11:46:39","date_gmt":"2026-01-29T10:46:39","guid":{"rendered":"https:\/\/flusso.hr\/?post_type=product&#038;p=4840"},"modified":"2026-02-25T13:52:47","modified_gmt":"2026-02-25T12:52:47","slug":"zodiac-rf-5600-iq-freerider-bezicni-cistac-bazena","status":"publish","type":"product","link":"https:\/\/flusso.hr\/uk\/product\/zodiac-rf-5600-iq-freerider-bezicni-cistac-bazena\/","title":{"rendered":"Zodiac RF 5600 iQ FREERIDER\u2122 &#8211; be\u017ei\u010dni \u010dista\u010d bazena"},"content":{"rendered":"","protected":false},"excerpt":{"rendered":"<p>Be\u017ei\u010dna sloboda: dugotrajna litij-ionska baterija i baza za brzo punjenje<\/p>\n<p>Ciklonska izvedba: beskompromisno \u010di\u0161\u0107enje<\/p>\n<p>Jednostavan za uporabu: Patentirani daljinski upravlja\u010d<\/p>\n<p>Za bazene do dimenzija 12 x 6 m<\/p>","protected":false},"featured_media":4847,"comment_status":"open","ping_status":"closed","template":"","meta":[],"product_cat":[45],"product_tag":[],"class_list":{"0":"post-4840","1":"product","2":"type-product","3":"status-publish","4":"has-post-thumbnail","6":"product_cat-automatski-cistaci","8":"first","9":"instock","10":"shipping-taxable","11":"purchasable","12":"product-type-simple"},"yoast_head":"<!-- This site is optimized with the Yoast SEO plugin v21.8 - https:\/\/yoast.com\/wordpress\/plugins\/seo\/ -->\n<title>Zodiac RF 5600 iQ FREERIDER\u2122 - be\u017ei\u010dni \u010dista\u010d bazena - Flusso<\/title>\n<meta name=\"robots\" content=\"index, follow, max-snippet:-1, max-image-preview:large, max-video-preview:-1\" \/>\n<link rel=\"canonical\" href=\"https:\/\/flusso.hr\/uk\/product\/zodiac-rf-5600-iq-freerider-bezicni-cistac-bazena\/\" \/>\n<meta property=\"og:locale\" content=\"uk_UA\" \/>\n<meta property=\"og:type\" content=\"article\" \/>\n<meta property=\"og:title\" content=\"Zodiac RF 5600 iQ FREERIDER\u2122 - be\u017ei\u010dni \u010dista\u010d bazena - Flusso\" \/>\n<meta property=\"og:description\" content=\"Be\u017ei\u010dna sloboda: dugotrajna litij-ionska baterija i baza za brzo punjenje  Ciklonska izvedba: beskompromisno \u010di\u0161\u0107enje  Jednostavan za uporabu: Patentirani daljinski upravlja\u010d  Za bazene do dimenzija 12 x 6 m\" \/>\n<meta property=\"og:url\" content=\"https:\/\/flusso.hr\/uk\/product\/zodiac-rf-5600-iq-freerider-bezicni-cistac-bazena\/\" \/>\n<meta property=\"og:site_name\" content=\"Flusso\" \/>\n<meta property=\"article:modified_time\" content=\"2026-02-25T12:52:47+00:00\" \/>\n<meta property=\"og:image\" content=\"https:\/\/flusso.hr\/wp-content\/uploads\/2026\/01\/5600.jpg\" \/>\n\t<meta property=\"og:image:width\" content=\"1024\" \/>\n\t<meta property=\"og:image:height\" content=\"881\" \/>\n\t<meta property=\"og:image:type\" content=\"image\/jpeg\" \/>\n<meta name=\"twitter:card\" content=\"summary_large_image\" \/>\n<meta name=\"twitter:label1\" content=\"\u041f\u0440\u0438\u0431\u043b. \u0447\u0430\u0441 \u0447\u0438\u0442\u0430\u043d\u043d\u044f\" \/>\n\t<meta name=\"twitter:data1\" content=\"1 \u0445\u0432\u0438\u043b\u0438\u043d\u0430\" \/>\n<script type=\"application\/ld+json\" class=\"yoast-schema-graph\">{\"@context\":\"https:\/\/schema.org\",\"@graph\":[{\"@type\":\"WebPage\",\"@id\":\"https:\/\/flusso.hr\/product\/zodiac-rf-5600-iq-freerider-bezicni-cistac-bazena\/\",\"url\":\"https:\/\/flusso.hr\/product\/zodiac-rf-5600-iq-freerider-bezicni-cistac-bazena\/\",\"name\":\"Zodiac RF 5600 iQ FREERIDER\u2122 - be\u017ei\u010dni \u010dista\u010d bazena - Flusso\",\"isPartOf\":{\"@id\":\"https:\/\/flusso.hr\/#website\"},\"datePublished\":\"2026-01-29T10:46:39+00:00\",\"dateModified\":\"2026-02-25T12:52:47+00:00\",\"breadcrumb\":{\"@id\":\"https:\/\/flusso.hr\/product\/zodiac-rf-5600-iq-freerider-bezicni-cistac-bazena\/#breadcrumb\"},\"inLanguage\":\"uk\",\"potentialAction\":[{\"@type\":\"ReadAction\",\"target\":[\"https:\/\/flusso.hr\/product\/zodiac-rf-5600-iq-freerider-bezicni-cistac-bazena\/\"]}]},{\"@type\":\"BreadcrumbList\",\"@id\":\"https:\/\/flusso.hr\/product\/zodiac-rf-5600-iq-freerider-bezicni-cistac-bazena\/#breadcrumb\",\"itemListElement\":[{\"@type\":\"ListItem\",\"position\":1,\"name\":\"Home\",\"item\":\"https:\/\/flusso.hr\/\"},{\"@type\":\"ListItem\",\"position\":2,\"name\":\"Shop\",\"item\":\"https:\/\/flusso.hr\/shop\/\"},{\"@type\":\"ListItem\",\"position\":3,\"name\":\"Zodiac RF 5600 iQ FREERIDER\u2122 &#8211; be\u017ei\u010dni \u010dista\u010d bazena\"}]},{\"@type\":\"WebSite\",\"@id\":\"https:\/\/flusso.hr\/#website\",\"url\":\"https:\/\/flusso.hr\/\",\"name\":\"Flusso | Bazeni i wellness oprema\",\"description\":\"\",\"publisher\":{\"@id\":\"https:\/\/flusso.hr\/#organization\"},\"potentialAction\":[{\"@type\":\"SearchAction\",\"target\":{\"@type\":\"EntryPoint\",\"urlTemplate\":\"https:\/\/flusso.hr\/?s={search_term_string}\"},\"query-input\":\"required name=search_term_string\"}],\"inLanguage\":\"uk\"},{\"@type\":\"Organization\",\"@id\":\"https:\/\/flusso.hr\/#organization\",\"name\":\"Flusso | Bazeni i wellness oprema\",\"url\":\"https:\/\/flusso.hr\/\",\"logo\":{\"@type\":\"ImageObject\",\"inLanguage\":\"uk\",\"@id\":\"https:\/\/flusso.hr\/#\/schema\/logo\/image\/\",\"url\":\"https:\/\/flusso.hr\/wp-content\/uploads\/2023\/09\/Logo.png\",\"contentUrl\":\"https:\/\/flusso.hr\/wp-content\/uploads\/2023\/09\/Logo.png\",\"width\":52,\"height\":56,\"caption\":\"Flusso | Bazeni i wellness oprema\"},\"image\":{\"@id\":\"https:\/\/flusso.hr\/#\/schema\/logo\/image\/\"}}]}<\/script>\n<!-- \/ Yoast SEO plugin. -->","yoast_head_json":{"title":"Zodiac RF 5600 iQ FREERIDER\u2122 - be\u017ei\u010dni \u010dista\u010d bazena - Flusso","robots":{"index":"index","follow":"follow","max-snippet":"max-snippet:-1","max-image-preview":"max-image-preview:large","max-video-preview":"max-video-preview:-1"},"canonical":"https:\/\/flusso.hr\/uk\/product\/zodiac-rf-5600-iq-freerider-bezicni-cistac-bazena\/","og_locale":"uk_UA","og_type":"article","og_title":"Zodiac RF 5600 iQ FREERIDER\u2122 - be\u017ei\u010dni \u010dista\u010d bazena - Flusso","og_description":"Be\u017ei\u010dna sloboda: dugotrajna litij-ionska baterija i baza za brzo punjenje  Ciklonska izvedba: beskompromisno \u010di\u0161\u0107enje  Jednostavan za uporabu: Patentirani daljinski upravlja\u010d  Za bazene do dimenzija 12 x 6 m","og_url":"https:\/\/flusso.hr\/uk\/product\/zodiac-rf-5600-iq-freerider-bezicni-cistac-bazena\/","og_site_name":"Flusso","article_modified_time":"2026-02-25T12:52:47+00:00","og_image":[{"width":1024,"height":881,"url":"https:\/\/flusso.hr\/wp-content\/uploads\/2026\/01\/5600.jpg","type":"image\/jpeg"}],"twitter_card":"summary_large_image","twitter_misc":{"\u041f\u0440\u0438\u0431\u043b. \u0447\u0430\u0441 \u0447\u0438\u0442\u0430\u043d\u043d\u044f":"1 \u0445\u0432\u0438\u043b\u0438\u043d\u0430"},"schema":{"@context":"https:\/\/schema.org","@graph":[{"@type":"WebPage","@id":"https:\/\/flusso.hr\/product\/zodiac-rf-5600-iq-freerider-bezicni-cistac-bazena\/","url":"https:\/\/flusso.hr\/product\/zodiac-rf-5600-iq-freerider-bezicni-cistac-bazena\/","name":"Zodiac RF 5600 iQ FREERIDER\u2122 - be\u017ei\u010dni \u010dista\u010d bazena - Flusso","isPartOf":{"@id":"https:\/\/flusso.hr\/#website"},"datePublished":"2026-01-29T10:46:39+00:00","dateModified":"2026-02-25T12:52:47+00:00","breadcrumb":{"@id":"https:\/\/flusso.hr\/product\/zodiac-rf-5600-iq-freerider-bezicni-cistac-bazena\/#breadcrumb"},"inLanguage":"uk","potentialAction":[{"@type":"ReadAction","target":["https:\/\/flusso.hr\/product\/zodiac-rf-5600-iq-freerider-bezicni-cistac-bazena\/"]}]},{"@type":"BreadcrumbList","@id":"https:\/\/flusso.hr\/product\/zodiac-rf-5600-iq-freerider-bezicni-cistac-bazena\/#breadcrumb","itemListElement":[{"@type":"ListItem","position":1,"name":"Home","item":"https:\/\/flusso.hr\/"},{"@type":"ListItem","position":2,"name":"Shop","item":"https:\/\/flusso.hr\/shop\/"},{"@type":"ListItem","position":3,"name":"Zodiac RF 5600 iQ FREERIDER\u2122 &#8211; be\u017ei\u010dni \u010dista\u010d bazena"}]},{"@type":"WebSite","@id":"https:\/\/flusso.hr\/#website","url":"https:\/\/flusso.hr\/","name":"Flusso | Bazeni i wellness oprema","description":"","publisher":{"@id":"https:\/\/flusso.hr\/#organization"},"potentialAction":[{"@type":"SearchAction","target":{"@type":"EntryPoint","urlTemplate":"https:\/\/flusso.hr\/?s={search_term_string}"},"query-input":"required name=search_term_string"}],"inLanguage":"uk"},{"@type":"Organization","@id":"https:\/\/flusso.hr\/#organization","name":"Flusso | Bazeni i wellness oprema","url":"https:\/\/flusso.hr\/","logo":{"@type":"ImageObject","inLanguage":"uk","@id":"https:\/\/flusso.hr\/#\/schema\/logo\/image\/","url":"https:\/\/flusso.hr\/wp-content\/uploads\/2023\/09\/Logo.png","contentUrl":"https:\/\/flusso.hr\/wp-content\/uploads\/2023\/09\/Logo.png","width":52,"height":56,"caption":"Flusso | Bazeni i wellness oprema"},"image":{"@id":"https:\/\/flusso.hr\/#\/schema\/logo\/image\/"}}]}},"_links":{"self":[{"href":"https:\/\/flusso.hr\/uk\/wp-json\/wp\/v2\/product\/4840","targetHints":{"allow":["GET"]}}],"collection":[{"href":"https:\/\/flusso.hr\/uk\/wp-json\/wp\/v2\/product"}],"about":[{"href":"https:\/\/flusso.hr\/uk\/wp-json\/wp\/v2\/types\/product"}],"replies":[{"embeddable":true,"href":"https:\/\/flusso.hr\/uk\/wp-json\/wp\/v2\/comments?post=4840"}],"wp:featuredmedia":[{"embeddable":true,"href":"https:\/\/flusso.hr\/uk\/wp-json\/wp\/v2\/media\/4847"}],"wp:attachment":[{"href":"https:\/\/flusso.hr\/uk\/wp-json\/wp\/v2\/media?parent=4840"}],"wp:term":[{"taxonomy":"product_cat","embeddable":true,"href":"https:\/\/flusso.hr\/uk\/wp-json\/wp\/v2\/product_cat?post=4840"},{"taxonomy":"product_tag","embeddable":true,"href":"https:\/\/flusso.hr\/uk\/wp-json\/wp\/v2\/product_tag?post=4840"}],"curies":[{"name":"wp","href":"https:\/\/api.w.org\/{rel}","templated":true}]}}