{"id":382,"date":"2023-11-30T18:33:32","date_gmt":"2023-11-30T17:33:32","guid":{"rendered":"https:\/\/flusso.hr\/?post_type=product&#038;p=382"},"modified":"2026-02-02T15:16:37","modified_gmt":"2026-02-02T14:16:37","slug":"hidromasazna-kada-balance-e","status":"publish","type":"product","link":"https:\/\/flusso.hr\/uk\/product\/\u0433\u0456\u0434\u0440\u043e\u043c\u0430\u0441\u0430\u0436\u043d\u0430-\u0432\u0430\u043d\u043d\u0430-\u0431\u0430\u043b\u0430\u043d\u0441-\u0435\/","title":{"rendered":"\u0413\u0456\u0434\u0440\u043e\u043c\u0430\u0441\u0430\u0436\u043d\u0430 \u0432\u0430\u043d\u043d\u0430 Balance E"},"content":{"rendered":"","protected":false},"excerpt":{"rendered":"<p>Balance E hidromasa\u017ena kada je model savr\u0161enih dimenzija. Najbolji izbor za obitelj i dru\u0161tvo zahvaljuju\u0107i 2 le\u017ee\u0107e i 3 sjede\u0107e pozicije.<\/p>\n<p>31 hidromasa\u017ena mlaznica i 12 zra\u010dnih mlaznica stvaraju savr\u0161eno iskustvo masa\u017ee.<\/p>\n<p>Savr\u0161ena kada za opu\u0161tanje s obitelji ili masa\u017enu seansu s dru\u0161tvom.<\/p>","protected":false},"featured_media":1725,"comment_status":"open","ping_status":"closed","template":"","meta":[],"product_cat":[71],"product_tag":[],"class_list":{"0":"post-382","1":"product","2":"type-product","3":"status-publish","4":"has-post-thumbnail","6":"product_cat-astralpool-hidromasazne-kade","8":"first","9":"instock","10":"shipping-taxable","11":"purchasable","12":"product-type-simple"},"yoast_head":"<!-- This site is optimized with the Yoast SEO plugin v21.8 - https:\/\/yoast.com\/wordpress\/plugins\/seo\/ -->\n<title>Hidromasa\u017ena kada Balance E - Flusso<\/title>\n<meta name=\"robots\" content=\"index, follow, max-snippet:-1, max-image-preview:large, max-video-preview:-1\" \/>\n<link rel=\"canonical\" href=\"https:\/\/flusso.hr\/uk\/product\/\u0433\u0456\u0434\u0440\u043e\u043c\u0430\u0441\u0430\u0436\u043d\u0430-\u0432\u0430\u043d\u043d\u0430-\u0431\u0430\u043b\u0430\u043d\u0441-\u0435\/\" \/>\n<meta property=\"og:locale\" content=\"uk_UA\" \/>\n<meta property=\"og:type\" content=\"article\" \/>\n<meta property=\"og:title\" content=\"Hidromasa\u017ena kada Balance E - Flusso\" \/>\n<meta property=\"og:description\" content=\"Balance E hidromasa\u017ena kada je model savr\u0161enih dimenzija. Najbolji izbor za obitelj i dru\u0161tvo zahvaljuju\u0107i 2 le\u017ee\u0107e i 3 sjede\u0107e pozicije.  31 hidromasa\u017ena mlaznica i 12 zra\u010dnih mlaznica stvaraju savr\u0161eno iskustvo masa\u017ee.  Savr\u0161ena kada za opu\u0161tanje s obitelji ili masa\u017enu seansu s dru\u0161tvom.\" \/>\n<meta property=\"og:url\" content=\"https:\/\/flusso.hr\/uk\/product\/\u0433\u0456\u0434\u0440\u043e\u043c\u0430\u0441\u0430\u0436\u043d\u0430-\u0432\u0430\u043d\u043d\u0430-\u0431\u0430\u043b\u0430\u043d\u0441-\u0435\/\" \/>\n<meta property=\"og:site_name\" content=\"Flusso\" \/>\n<meta property=\"article:modified_time\" content=\"2026-02-02T14:16:37+00:00\" \/>\n<meta property=\"og:image\" content=\"https:\/\/flusso.hr\/wp-content\/uploads\/2023\/11\/balance-e-1.jpg\" \/>\n\t<meta property=\"og:image:width\" content=\"800\" \/>\n\t<meta property=\"og:image:height\" content=\"800\" \/>\n\t<meta property=\"og:image:type\" content=\"image\/jpeg\" \/>\n<meta name=\"twitter:card\" content=\"summary_large_image\" \/>\n<script type=\"application\/ld+json\" class=\"yoast-schema-graph\">{\"@context\":\"https:\/\/schema.org\",\"@graph\":[{\"@type\":\"WebPage\",\"@id\":\"https:\/\/flusso.hr\/product\/hidromasazna-kada-balance-e\/\",\"url\":\"https:\/\/flusso.hr\/product\/hidromasazna-kada-balance-e\/\",\"name\":\"Hidromasa\u017ena kada Balance E - Flusso\",\"isPartOf\":{\"@id\":\"https:\/\/flusso.hr\/#website\"},\"datePublished\":\"2023-11-30T17:33:32+00:00\",\"dateModified\":\"2026-02-02T14:16:37+00:00\",\"breadcrumb\":{\"@id\":\"https:\/\/flusso.hr\/product\/hidromasazna-kada-balance-e\/#breadcrumb\"},\"inLanguage\":\"uk\",\"potentialAction\":[{\"@type\":\"ReadAction\",\"target\":[\"https:\/\/flusso.hr\/product\/hidromasazna-kada-balance-e\/\"]}]},{\"@type\":\"BreadcrumbList\",\"@id\":\"https:\/\/flusso.hr\/product\/hidromasazna-kada-balance-e\/#breadcrumb\",\"itemListElement\":[{\"@type\":\"ListItem\",\"position\":1,\"name\":\"Home\",\"item\":\"https:\/\/flusso.hr\/\"},{\"@type\":\"ListItem\",\"position\":2,\"name\":\"Shop\",\"item\":\"https:\/\/flusso.hr\/shop\/\"},{\"@type\":\"ListItem\",\"position\":3,\"name\":\"Hidromasa\u017ena kada Balance E\"}]},{\"@type\":\"WebSite\",\"@id\":\"https:\/\/flusso.hr\/#website\",\"url\":\"https:\/\/flusso.hr\/\",\"name\":\"Flusso | Bazeni i wellness oprema\",\"description\":\"\",\"publisher\":{\"@id\":\"https:\/\/flusso.hr\/#organization\"},\"potentialAction\":[{\"@type\":\"SearchAction\",\"target\":{\"@type\":\"EntryPoint\",\"urlTemplate\":\"https:\/\/flusso.hr\/?s={search_term_string}\"},\"query-input\":\"required name=search_term_string\"}],\"inLanguage\":\"uk\"},{\"@type\":\"Organization\",\"@id\":\"https:\/\/flusso.hr\/#organization\",\"name\":\"Flusso | Bazeni i wellness oprema\",\"url\":\"https:\/\/flusso.hr\/\",\"logo\":{\"@type\":\"ImageObject\",\"inLanguage\":\"uk\",\"@id\":\"https:\/\/flusso.hr\/#\/schema\/logo\/image\/\",\"url\":\"https:\/\/flusso.hr\/wp-content\/uploads\/2023\/09\/Logo.png\",\"contentUrl\":\"https:\/\/flusso.hr\/wp-content\/uploads\/2023\/09\/Logo.png\",\"width\":52,\"height\":56,\"caption\":\"Flusso | Bazeni i wellness oprema\"},\"image\":{\"@id\":\"https:\/\/flusso.hr\/#\/schema\/logo\/image\/\"}}]}<\/script>\n<!-- \/ Yoast SEO plugin. -->","yoast_head_json":{"title":"Hidromasa\u017ena kada Balance E - Flusso","robots":{"index":"index","follow":"follow","max-snippet":"max-snippet:-1","max-image-preview":"max-image-preview:large","max-video-preview":"max-video-preview:-1"},"canonical":"https:\/\/flusso.hr\/uk\/product\/\u0433\u0456\u0434\u0440\u043e\u043c\u0430\u0441\u0430\u0436\u043d\u0430-\u0432\u0430\u043d\u043d\u0430-\u0431\u0430\u043b\u0430\u043d\u0441-\u0435\/","og_locale":"uk_UA","og_type":"article","og_title":"Hidromasa\u017ena kada Balance E - Flusso","og_description":"Balance E hidromasa\u017ena kada je model savr\u0161enih dimenzija. Najbolji izbor za obitelj i dru\u0161tvo zahvaljuju\u0107i 2 le\u017ee\u0107e i 3 sjede\u0107e pozicije.  31 hidromasa\u017ena mlaznica i 12 zra\u010dnih mlaznica stvaraju savr\u0161eno iskustvo masa\u017ee.  Savr\u0161ena kada za opu\u0161tanje s obitelji ili masa\u017enu seansu s dru\u0161tvom.","og_url":"https:\/\/flusso.hr\/uk\/product\/\u0433\u0456\u0434\u0440\u043e\u043c\u0430\u0441\u0430\u0436\u043d\u0430-\u0432\u0430\u043d\u043d\u0430-\u0431\u0430\u043b\u0430\u043d\u0441-\u0435\/","og_site_name":"Flusso","article_modified_time":"2026-02-02T14:16:37+00:00","og_image":[{"width":800,"height":800,"url":"https:\/\/flusso.hr\/wp-content\/uploads\/2023\/11\/balance-e-1.jpg","type":"image\/jpeg"}],"twitter_card":"summary_large_image","schema":{"@context":"https:\/\/schema.org","@graph":[{"@type":"WebPage","@id":"https:\/\/flusso.hr\/product\/hidromasazna-kada-balance-e\/","url":"https:\/\/flusso.hr\/product\/hidromasazna-kada-balance-e\/","name":"Hidromasa\u017ena kada Balance E - Flusso","isPartOf":{"@id":"https:\/\/flusso.hr\/#website"},"datePublished":"2023-11-30T17:33:32+00:00","dateModified":"2026-02-02T14:16:37+00:00","breadcrumb":{"@id":"https:\/\/flusso.hr\/product\/hidromasazna-kada-balance-e\/#breadcrumb"},"inLanguage":"uk","potentialAction":[{"@type":"ReadAction","target":["https:\/\/flusso.hr\/product\/hidromasazna-kada-balance-e\/"]}]},{"@type":"BreadcrumbList","@id":"https:\/\/flusso.hr\/product\/hidromasazna-kada-balance-e\/#breadcrumb","itemListElement":[{"@type":"ListItem","position":1,"name":"Home","item":"https:\/\/flusso.hr\/"},{"@type":"ListItem","position":2,"name":"Shop","item":"https:\/\/flusso.hr\/shop\/"},{"@type":"ListItem","position":3,"name":"Hidromasa\u017ena kada Balance E"}]},{"@type":"WebSite","@id":"https:\/\/flusso.hr\/#website","url":"https:\/\/flusso.hr\/","name":"Flusso | Bazeni i wellness oprema","description":"","publisher":{"@id":"https:\/\/flusso.hr\/#organization"},"potentialAction":[{"@type":"SearchAction","target":{"@type":"EntryPoint","urlTemplate":"https:\/\/flusso.hr\/?s={search_term_string}"},"query-input":"required name=search_term_string"}],"inLanguage":"uk"},{"@type":"Organization","@id":"https:\/\/flusso.hr\/#organization","name":"Flusso | Bazeni i wellness oprema","url":"https:\/\/flusso.hr\/","logo":{"@type":"ImageObject","inLanguage":"uk","@id":"https:\/\/flusso.hr\/#\/schema\/logo\/image\/","url":"https:\/\/flusso.hr\/wp-content\/uploads\/2023\/09\/Logo.png","contentUrl":"https:\/\/flusso.hr\/wp-content\/uploads\/2023\/09\/Logo.png","width":52,"height":56,"caption":"Flusso | Bazeni i wellness oprema"},"image":{"@id":"https:\/\/flusso.hr\/#\/schema\/logo\/image\/"}}]}},"_links":{"self":[{"href":"https:\/\/flusso.hr\/uk\/wp-json\/wp\/v2\/product\/382","targetHints":{"allow":["GET"]}}],"collection":[{"href":"https:\/\/flusso.hr\/uk\/wp-json\/wp\/v2\/product"}],"about":[{"href":"https:\/\/flusso.hr\/uk\/wp-json\/wp\/v2\/types\/product"}],"replies":[{"embeddable":true,"href":"https:\/\/flusso.hr\/uk\/wp-json\/wp\/v2\/comments?post=382"}],"wp:featuredmedia":[{"embeddable":true,"href":"https:\/\/flusso.hr\/uk\/wp-json\/wp\/v2\/media\/1725"}],"wp:attachment":[{"href":"https:\/\/flusso.hr\/uk\/wp-json\/wp\/v2\/media?parent=382"}],"wp:term":[{"taxonomy":"product_cat","embeddable":true,"href":"https:\/\/flusso.hr\/uk\/wp-json\/wp\/v2\/product_cat?post=382"},{"taxonomy":"product_tag","embeddable":true,"href":"https:\/\/flusso.hr\/uk\/wp-json\/wp\/v2\/product_tag?post=382"}],"curies":[{"name":"wp","href":"https:\/\/api.w.org\/{rel}","templated":true}]}}