{"id":5351,"date":"2026-02-03T13:13:45","date_gmt":"2026-02-03T12:13:45","guid":{"rendered":"https:\/\/flusso.hr\/?post_type=product&#038;p=5351"},"modified":"2026-02-03T14:13:31","modified_gmt":"2026-02-03T13:13:31","slug":"vendom-hidromasazna-kada-tahiti","status":"publish","type":"product","link":"https:\/\/flusso.hr\/sv\/product\/vendom-hidromasazna-kada-tahiti\/","title":{"rendered":"Vendom hidromasa\u017ena kada Tahiti, 213 x 165 x 87.5 cm"},"content":{"rendered":"","protected":false},"excerpt":{"rendered":"<p data-start=\"25\" data-end=\"321\">Tra\u017eite li spa bazen osmi\u0161ljen za opu\u0161tanje i apsolutnu dobrobit? Kolekcija <strong data-start=\"101\" data-end=\"114\">Sensation<\/strong> stvorena je za vas.<br data-start=\"134\" data-end=\"137\" \/>Dostupni u modelima za 3 do 6 osoba, ove spa kade opremljene su brojnim naprednim mlaznicama koje pru\u017eaju duboku masa\u017eu za osloba\u0111anje napetosti mi\u0161i\u0107a i potpuni osje\u0107aj opu\u0161tanja.<\/p>\n<p data-start=\"323\" data-end=\"489\" data-is-last-node=\"\" data-is-only-node=\"\">","protected":false},"featured_media":5355,"comment_status":"open","ping_status":"closed","template":"","meta":[],"product_cat":[70],"product_tag":[],"class_list":{"0":"post-5351","1":"product","2":"type-product","3":"status-publish","4":"has-post-thumbnail","6":"product_cat-vendom-hidromasazne-kade","8":"first","9":"instock","10":"shipping-taxable","11":"product-type-simple"},"yoast_head":"<!-- This site is optimized with the Yoast SEO plugin v21.8 - https:\/\/yoast.com\/wordpress\/plugins\/seo\/ -->\n<title>Vendom hidromasa\u017ena kada Tahiti, 213 x 165 x 87.5 cm - Flusso<\/title>\n<meta name=\"robots\" content=\"index, follow, max-snippet:-1, max-image-preview:large, max-video-preview:-1\" \/>\n<link rel=\"canonical\" href=\"https:\/\/flusso.hr\/sv\/product\/vendom-hidromasazna-kada-tahiti\/\" \/>\n<meta property=\"og:locale\" content=\"sv_SE\" \/>\n<meta property=\"og:type\" content=\"article\" \/>\n<meta property=\"og:title\" content=\"Vendom hidromasa\u017ena kada Tahiti, 213 x 165 x 87.5 cm - Flusso\" \/>\n<meta property=\"og:description\" content=\"Tra\u017eite li spa bazen osmi\u0161ljen za opu\u0161tanje i apsolutnu dobrobit? Kolekcija Sensation stvorena je za vas.Dostupni u modelima za 3 do 6 osoba, ove spa kade opremljene su brojnim naprednim mlaznicama koje pru\u017eaju duboku masa\u017eu za osloba\u0111anje napetosti mi\u0161i\u0107a i potpuni osje\u0107aj opu\u0161tanja.\" \/>\n<meta property=\"og:url\" content=\"https:\/\/flusso.hr\/sv\/product\/vendom-hidromasazna-kada-tahiti\/\" \/>\n<meta property=\"og:site_name\" content=\"Flusso\" \/>\n<meta property=\"article:modified_time\" content=\"2026-02-03T13:13:31+00:00\" \/>\n<meta property=\"og:image\" content=\"https:\/\/flusso.hr\/wp-content\/uploads\/2026\/02\/T10-TAHITI-1.jpg\" \/>\n\t<meta property=\"og:image:width\" content=\"1920\" \/>\n\t<meta property=\"og:image:height\" content=\"1280\" \/>\n\t<meta property=\"og:image:type\" content=\"image\/jpeg\" \/>\n<meta name=\"twitter:card\" content=\"summary_large_image\" \/>\n<meta name=\"twitter:label1\" content=\"Ber\u00e4knad l\u00e4stid\" \/>\n\t<meta name=\"twitter:data1\" content=\"1 minut\" \/>\n<script type=\"application\/ld+json\" class=\"yoast-schema-graph\">{\"@context\":\"https:\/\/schema.org\",\"@graph\":[{\"@type\":\"WebPage\",\"@id\":\"https:\/\/flusso.hr\/product\/vendom-hidromasazna-kada-tahiti\/\",\"url\":\"https:\/\/flusso.hr\/product\/vendom-hidromasazna-kada-tahiti\/\",\"name\":\"Vendom hidromasa\u017ena kada Tahiti, 213 x 165 x 87.5 cm - Flusso\",\"isPartOf\":{\"@id\":\"https:\/\/flusso.hr\/#website\"},\"datePublished\":\"2026-02-03T12:13:45+00:00\",\"dateModified\":\"2026-02-03T13:13:31+00:00\",\"breadcrumb\":{\"@id\":\"https:\/\/flusso.hr\/product\/vendom-hidromasazna-kada-tahiti\/#breadcrumb\"},\"inLanguage\":\"sv-SE\",\"potentialAction\":[{\"@type\":\"ReadAction\",\"target\":[\"https:\/\/flusso.hr\/product\/vendom-hidromasazna-kada-tahiti\/\"]}]},{\"@type\":\"BreadcrumbList\",\"@id\":\"https:\/\/flusso.hr\/product\/vendom-hidromasazna-kada-tahiti\/#breadcrumb\",\"itemListElement\":[{\"@type\":\"ListItem\",\"position\":1,\"name\":\"Home\",\"item\":\"https:\/\/flusso.hr\/\"},{\"@type\":\"ListItem\",\"position\":2,\"name\":\"Shop\",\"item\":\"https:\/\/flusso.hr\/shop\/\"},{\"@type\":\"ListItem\",\"position\":3,\"name\":\"Vendom hidromasa\u017ena kada Tahiti, 213 x 165 x 87.5 cm\"}]},{\"@type\":\"WebSite\",\"@id\":\"https:\/\/flusso.hr\/#website\",\"url\":\"https:\/\/flusso.hr\/\",\"name\":\"Flusso | Bazeni i wellness oprema\",\"description\":\"\",\"publisher\":{\"@id\":\"https:\/\/flusso.hr\/#organization\"},\"potentialAction\":[{\"@type\":\"SearchAction\",\"target\":{\"@type\":\"EntryPoint\",\"urlTemplate\":\"https:\/\/flusso.hr\/?s={search_term_string}\"},\"query-input\":\"required name=search_term_string\"}],\"inLanguage\":\"sv-SE\"},{\"@type\":\"Organization\",\"@id\":\"https:\/\/flusso.hr\/#organization\",\"name\":\"Flusso | Bazeni i wellness oprema\",\"url\":\"https:\/\/flusso.hr\/\",\"logo\":{\"@type\":\"ImageObject\",\"inLanguage\":\"sv-SE\",\"@id\":\"https:\/\/flusso.hr\/#\/schema\/logo\/image\/\",\"url\":\"https:\/\/flusso.hr\/wp-content\/uploads\/2023\/09\/Logo.png\",\"contentUrl\":\"https:\/\/flusso.hr\/wp-content\/uploads\/2023\/09\/Logo.png\",\"width\":52,\"height\":56,\"caption\":\"Flusso | Bazeni i wellness oprema\"},\"image\":{\"@id\":\"https:\/\/flusso.hr\/#\/schema\/logo\/image\/\"}}]}<\/script>\n<!-- \/ Yoast SEO plugin. -->","yoast_head_json":{"title":"Vendom hidromasa\u017ena kada Tahiti, 213 x 165 x 87.5 cm - Flusso","robots":{"index":"index","follow":"follow","max-snippet":"max-snippet:-1","max-image-preview":"max-image-preview:large","max-video-preview":"max-video-preview:-1"},"canonical":"https:\/\/flusso.hr\/sv\/product\/vendom-hidromasazna-kada-tahiti\/","og_locale":"sv_SE","og_type":"article","og_title":"Vendom hidromasa\u017ena kada Tahiti, 213 x 165 x 87.5 cm - Flusso","og_description":"Tra\u017eite li spa bazen osmi\u0161ljen za opu\u0161tanje i apsolutnu dobrobit? Kolekcija Sensation stvorena je za vas.Dostupni u modelima za 3 do 6 osoba, ove spa kade opremljene su brojnim naprednim mlaznicama koje pru\u017eaju duboku masa\u017eu za osloba\u0111anje napetosti mi\u0161i\u0107a i potpuni osje\u0107aj opu\u0161tanja.","og_url":"https:\/\/flusso.hr\/sv\/product\/vendom-hidromasazna-kada-tahiti\/","og_site_name":"Flusso","article_modified_time":"2026-02-03T13:13:31+00:00","og_image":[{"width":1920,"height":1280,"url":"https:\/\/flusso.hr\/wp-content\/uploads\/2026\/02\/T10-TAHITI-1.jpg","type":"image\/jpeg"}],"twitter_card":"summary_large_image","twitter_misc":{"Ber\u00e4knad l\u00e4stid":"1 minut"},"schema":{"@context":"https:\/\/schema.org","@graph":[{"@type":"WebPage","@id":"https:\/\/flusso.hr\/product\/vendom-hidromasazna-kada-tahiti\/","url":"https:\/\/flusso.hr\/product\/vendom-hidromasazna-kada-tahiti\/","name":"Vendom hidromasa\u017ena kada Tahiti, 213 x 165 x 87.5 cm - Flusso","isPartOf":{"@id":"https:\/\/flusso.hr\/#website"},"datePublished":"2026-02-03T12:13:45+00:00","dateModified":"2026-02-03T13:13:31+00:00","breadcrumb":{"@id":"https:\/\/flusso.hr\/product\/vendom-hidromasazna-kada-tahiti\/#breadcrumb"},"inLanguage":"sv-SE","potentialAction":[{"@type":"ReadAction","target":["https:\/\/flusso.hr\/product\/vendom-hidromasazna-kada-tahiti\/"]}]},{"@type":"BreadcrumbList","@id":"https:\/\/flusso.hr\/product\/vendom-hidromasazna-kada-tahiti\/#breadcrumb","itemListElement":[{"@type":"ListItem","position":1,"name":"Home","item":"https:\/\/flusso.hr\/"},{"@type":"ListItem","position":2,"name":"Shop","item":"https:\/\/flusso.hr\/shop\/"},{"@type":"ListItem","position":3,"name":"Vendom hidromasa\u017ena kada Tahiti, 213 x 165 x 87.5 cm"}]},{"@type":"WebSite","@id":"https:\/\/flusso.hr\/#website","url":"https:\/\/flusso.hr\/","name":"Flusso | Bazeni i wellness oprema","description":"","publisher":{"@id":"https:\/\/flusso.hr\/#organization"},"potentialAction":[{"@type":"SearchAction","target":{"@type":"EntryPoint","urlTemplate":"https:\/\/flusso.hr\/?s={search_term_string}"},"query-input":"required name=search_term_string"}],"inLanguage":"sv-SE"},{"@type":"Organization","@id":"https:\/\/flusso.hr\/#organization","name":"Flusso | Bazeni i wellness oprema","url":"https:\/\/flusso.hr\/","logo":{"@type":"ImageObject","inLanguage":"sv-SE","@id":"https:\/\/flusso.hr\/#\/schema\/logo\/image\/","url":"https:\/\/flusso.hr\/wp-content\/uploads\/2023\/09\/Logo.png","contentUrl":"https:\/\/flusso.hr\/wp-content\/uploads\/2023\/09\/Logo.png","width":52,"height":56,"caption":"Flusso | Bazeni i wellness oprema"},"image":{"@id":"https:\/\/flusso.hr\/#\/schema\/logo\/image\/"}}]}},"_links":{"self":[{"href":"https:\/\/flusso.hr\/sv\/wp-json\/wp\/v2\/product\/5351","targetHints":{"allow":["GET"]}}],"collection":[{"href":"https:\/\/flusso.hr\/sv\/wp-json\/wp\/v2\/product"}],"about":[{"href":"https:\/\/flusso.hr\/sv\/wp-json\/wp\/v2\/types\/product"}],"replies":[{"embeddable":true,"href":"https:\/\/flusso.hr\/sv\/wp-json\/wp\/v2\/comments?post=5351"}],"wp:featuredmedia":[{"embeddable":true,"href":"https:\/\/flusso.hr\/sv\/wp-json\/wp\/v2\/media\/5355"}],"wp:attachment":[{"href":"https:\/\/flusso.hr\/sv\/wp-json\/wp\/v2\/media?parent=5351"}],"wp:term":[{"taxonomy":"product_cat","embeddable":true,"href":"https:\/\/flusso.hr\/sv\/wp-json\/wp\/v2\/product_cat?post=5351"},{"taxonomy":"product_tag","embeddable":true,"href":"https:\/\/flusso.hr\/sv\/wp-json\/wp\/v2\/product_tag?post=5351"}],"curies":[{"name":"wp","href":"https:\/\/api.w.org\/{rel}","templated":true}]}}