{"id":4856,"date":"2026-01-29T11:52:57","date_gmt":"2026-01-29T10:52:57","guid":{"rendered":"https:\/\/flusso.hr\/?post_type=product&#038;p=4856"},"modified":"2026-01-29T14:13:03","modified_gmt":"2026-01-29T13:13:03","slug":"zodiac-re-4300-voyager-elektricni-cistac","status":"publish","type":"product","link":"https:\/\/flusso.hr\/sv\/product\/zodiac-re-4300-voyager-elektricni-cistac\/","title":{"rendered":"Zodiac RE 4300 VOYAGER\u2122 elektri\u010dni \u010dista\u010d"},"content":{"rendered":"","protected":false},"excerpt":{"rendered":"<p>Optimalna u\u010dinkovitost \u010di\u0161\u0107enja: Patentirano ciklonsko usisavanje\/Helix oblikovane \u010detke\/Progresivna dvostupanjska filtracija 150\/60 \u00b5<\/p>\n<p>Integrirana okretnost: Dizajn za rad u svim oblicima bazena ili povr\u0161inama\/Gusjenica\/akcelerometar i senzori \u017eiroskopa<\/p>\n<p>Jednostavna upotreba: Filter s pristupom odozgo\/prozirni poklopac<\/p>\n<p>Za bazene do dimenzija 10 x 5 m<\/p>","protected":false},"featured_media":4866,"comment_status":"open","ping_status":"closed","template":"","meta":[],"product_cat":[45],"product_tag":[],"class_list":{"0":"post-4856","1":"product","2":"type-product","3":"status-publish","4":"has-post-thumbnail","6":"product_cat-automatski-cistaci","8":"first","9":"instock","10":"shipping-taxable","11":"purchasable","12":"product-type-simple"},"yoast_head":"<!-- This site is optimized with the Yoast SEO plugin v21.8 - https:\/\/yoast.com\/wordpress\/plugins\/seo\/ -->\n<title>Zodiac RE 4300 VOYAGER\u2122 elektri\u010dni \u010dista\u010d - Flusso<\/title>\n<meta name=\"robots\" content=\"index, follow, max-snippet:-1, max-image-preview:large, max-video-preview:-1\" \/>\n<link rel=\"canonical\" href=\"https:\/\/flusso.hr\/sv\/product\/zodiac-re-4300-voyager-elektricni-cistac\/\" \/>\n<meta property=\"og:locale\" content=\"sv_SE\" \/>\n<meta property=\"og:type\" content=\"article\" \/>\n<meta property=\"og:title\" content=\"Zodiac RE 4300 VOYAGER\u2122 elektri\u010dni \u010dista\u010d - Flusso\" \/>\n<meta property=\"og:description\" content=\"Optimalna u\u010dinkovitost \u010di\u0161\u0107enja: Patentirano ciklonsko usisavanje\/Helix oblikovane \u010detke\/Progresivna dvostupanjska filtracija 150\/60 \u00b5  Integrirana okretnost: Dizajn za rad u svim oblicima bazena ili povr\u0161inama\/Gusjenica\/akcelerometar i senzori \u017eiroskopa  Jednostavna upotreba: Filter s pristupom odozgo\/prozirni poklopac  Za bazene do dimenzija 10 x 5 m\" \/>\n<meta property=\"og:url\" content=\"https:\/\/flusso.hr\/sv\/product\/zodiac-re-4300-voyager-elektricni-cistac\/\" \/>\n<meta property=\"og:site_name\" content=\"Flusso\" \/>\n<meta property=\"article:modified_time\" content=\"2026-01-29T13:13:03+00:00\" \/>\n<meta property=\"og:image\" content=\"https:\/\/flusso.hr\/wp-content\/uploads\/2026\/01\/WR000449_01.jpg\" \/>\n\t<meta property=\"og:image:width\" content=\"1024\" \/>\n\t<meta property=\"og:image:height\" content=\"881\" \/>\n\t<meta property=\"og:image:type\" content=\"image\/jpeg\" \/>\n<meta name=\"twitter:card\" content=\"summary_large_image\" \/>\n<meta name=\"twitter:label1\" content=\"Ber\u00e4knad l\u00e4stid\" \/>\n\t<meta name=\"twitter:data1\" content=\"1 minut\" \/>\n<script type=\"application\/ld+json\" class=\"yoast-schema-graph\">{\"@context\":\"https:\/\/schema.org\",\"@graph\":[{\"@type\":\"WebPage\",\"@id\":\"https:\/\/flusso.hr\/product\/zodiac-re-4300-voyager-elektricni-cistac\/\",\"url\":\"https:\/\/flusso.hr\/product\/zodiac-re-4300-voyager-elektricni-cistac\/\",\"name\":\"Zodiac RE 4300 VOYAGER\u2122 elektri\u010dni \u010dista\u010d - Flusso\",\"isPartOf\":{\"@id\":\"https:\/\/flusso.hr\/#website\"},\"datePublished\":\"2026-01-29T10:52:57+00:00\",\"dateModified\":\"2026-01-29T13:13:03+00:00\",\"breadcrumb\":{\"@id\":\"https:\/\/flusso.hr\/product\/zodiac-re-4300-voyager-elektricni-cistac\/#breadcrumb\"},\"inLanguage\":\"sv-SE\",\"potentialAction\":[{\"@type\":\"ReadAction\",\"target\":[\"https:\/\/flusso.hr\/product\/zodiac-re-4300-voyager-elektricni-cistac\/\"]}]},{\"@type\":\"BreadcrumbList\",\"@id\":\"https:\/\/flusso.hr\/product\/zodiac-re-4300-voyager-elektricni-cistac\/#breadcrumb\",\"itemListElement\":[{\"@type\":\"ListItem\",\"position\":1,\"name\":\"Home\",\"item\":\"https:\/\/flusso.hr\/\"},{\"@type\":\"ListItem\",\"position\":2,\"name\":\"Shop\",\"item\":\"https:\/\/flusso.hr\/shop\/\"},{\"@type\":\"ListItem\",\"position\":3,\"name\":\"Zodiac RE 4300 VOYAGER\u2122 elektri\u010dni \u010dista\u010d\"}]},{\"@type\":\"WebSite\",\"@id\":\"https:\/\/flusso.hr\/#website\",\"url\":\"https:\/\/flusso.hr\/\",\"name\":\"Flusso | Bazeni i wellness oprema\",\"description\":\"\",\"publisher\":{\"@id\":\"https:\/\/flusso.hr\/#organization\"},\"potentialAction\":[{\"@type\":\"SearchAction\",\"target\":{\"@type\":\"EntryPoint\",\"urlTemplate\":\"https:\/\/flusso.hr\/?s={search_term_string}\"},\"query-input\":\"required name=search_term_string\"}],\"inLanguage\":\"sv-SE\"},{\"@type\":\"Organization\",\"@id\":\"https:\/\/flusso.hr\/#organization\",\"name\":\"Flusso | Bazeni i wellness oprema\",\"url\":\"https:\/\/flusso.hr\/\",\"logo\":{\"@type\":\"ImageObject\",\"inLanguage\":\"sv-SE\",\"@id\":\"https:\/\/flusso.hr\/#\/schema\/logo\/image\/\",\"url\":\"https:\/\/flusso.hr\/wp-content\/uploads\/2023\/09\/Logo.png\",\"contentUrl\":\"https:\/\/flusso.hr\/wp-content\/uploads\/2023\/09\/Logo.png\",\"width\":52,\"height\":56,\"caption\":\"Flusso | Bazeni i wellness oprema\"},\"image\":{\"@id\":\"https:\/\/flusso.hr\/#\/schema\/logo\/image\/\"}}]}<\/script>\n<!-- \/ Yoast SEO plugin. -->","yoast_head_json":{"title":"Zodiac RE 4300 VOYAGER\u2122 elektri\u010dni \u010dista\u010d - Flusso","robots":{"index":"index","follow":"follow","max-snippet":"max-snippet:-1","max-image-preview":"max-image-preview:large","max-video-preview":"max-video-preview:-1"},"canonical":"https:\/\/flusso.hr\/sv\/product\/zodiac-re-4300-voyager-elektricni-cistac\/","og_locale":"sv_SE","og_type":"article","og_title":"Zodiac RE 4300 VOYAGER\u2122 elektri\u010dni \u010dista\u010d - Flusso","og_description":"Optimalna u\u010dinkovitost \u010di\u0161\u0107enja: Patentirano ciklonsko usisavanje\/Helix oblikovane \u010detke\/Progresivna dvostupanjska filtracija 150\/60 \u00b5  Integrirana okretnost: Dizajn za rad u svim oblicima bazena ili povr\u0161inama\/Gusjenica\/akcelerometar i senzori \u017eiroskopa  Jednostavna upotreba: Filter s pristupom odozgo\/prozirni poklopac  Za bazene do dimenzija 10 x 5 m","og_url":"https:\/\/flusso.hr\/sv\/product\/zodiac-re-4300-voyager-elektricni-cistac\/","og_site_name":"Flusso","article_modified_time":"2026-01-29T13:13:03+00:00","og_image":[{"width":1024,"height":881,"url":"https:\/\/flusso.hr\/wp-content\/uploads\/2026\/01\/WR000449_01.jpg","type":"image\/jpeg"}],"twitter_card":"summary_large_image","twitter_misc":{"Ber\u00e4knad l\u00e4stid":"1 minut"},"schema":{"@context":"https:\/\/schema.org","@graph":[{"@type":"WebPage","@id":"https:\/\/flusso.hr\/product\/zodiac-re-4300-voyager-elektricni-cistac\/","url":"https:\/\/flusso.hr\/product\/zodiac-re-4300-voyager-elektricni-cistac\/","name":"Zodiac RE 4300 VOYAGER\u2122 elektri\u010dni \u010dista\u010d - Flusso","isPartOf":{"@id":"https:\/\/flusso.hr\/#website"},"datePublished":"2026-01-29T10:52:57+00:00","dateModified":"2026-01-29T13:13:03+00:00","breadcrumb":{"@id":"https:\/\/flusso.hr\/product\/zodiac-re-4300-voyager-elektricni-cistac\/#breadcrumb"},"inLanguage":"sv-SE","potentialAction":[{"@type":"ReadAction","target":["https:\/\/flusso.hr\/product\/zodiac-re-4300-voyager-elektricni-cistac\/"]}]},{"@type":"BreadcrumbList","@id":"https:\/\/flusso.hr\/product\/zodiac-re-4300-voyager-elektricni-cistac\/#breadcrumb","itemListElement":[{"@type":"ListItem","position":1,"name":"Home","item":"https:\/\/flusso.hr\/"},{"@type":"ListItem","position":2,"name":"Shop","item":"https:\/\/flusso.hr\/shop\/"},{"@type":"ListItem","position":3,"name":"Zodiac RE 4300 VOYAGER\u2122 elektri\u010dni \u010dista\u010d"}]},{"@type":"WebSite","@id":"https:\/\/flusso.hr\/#website","url":"https:\/\/flusso.hr\/","name":"Flusso | Bazeni i wellness oprema","description":"","publisher":{"@id":"https:\/\/flusso.hr\/#organization"},"potentialAction":[{"@type":"SearchAction","target":{"@type":"EntryPoint","urlTemplate":"https:\/\/flusso.hr\/?s={search_term_string}"},"query-input":"required name=search_term_string"}],"inLanguage":"sv-SE"},{"@type":"Organization","@id":"https:\/\/flusso.hr\/#organization","name":"Flusso | Bazeni i wellness oprema","url":"https:\/\/flusso.hr\/","logo":{"@type":"ImageObject","inLanguage":"sv-SE","@id":"https:\/\/flusso.hr\/#\/schema\/logo\/image\/","url":"https:\/\/flusso.hr\/wp-content\/uploads\/2023\/09\/Logo.png","contentUrl":"https:\/\/flusso.hr\/wp-content\/uploads\/2023\/09\/Logo.png","width":52,"height":56,"caption":"Flusso | Bazeni i wellness oprema"},"image":{"@id":"https:\/\/flusso.hr\/#\/schema\/logo\/image\/"}}]}},"_links":{"self":[{"href":"https:\/\/flusso.hr\/sv\/wp-json\/wp\/v2\/product\/4856","targetHints":{"allow":["GET"]}}],"collection":[{"href":"https:\/\/flusso.hr\/sv\/wp-json\/wp\/v2\/product"}],"about":[{"href":"https:\/\/flusso.hr\/sv\/wp-json\/wp\/v2\/types\/product"}],"replies":[{"embeddable":true,"href":"https:\/\/flusso.hr\/sv\/wp-json\/wp\/v2\/comments?post=4856"}],"wp:featuredmedia":[{"embeddable":true,"href":"https:\/\/flusso.hr\/sv\/wp-json\/wp\/v2\/media\/4866"}],"wp:attachment":[{"href":"https:\/\/flusso.hr\/sv\/wp-json\/wp\/v2\/media?parent=4856"}],"wp:term":[{"taxonomy":"product_cat","embeddable":true,"href":"https:\/\/flusso.hr\/sv\/wp-json\/wp\/v2\/product_cat?post=4856"},{"taxonomy":"product_tag","embeddable":true,"href":"https:\/\/flusso.hr\/sv\/wp-json\/wp\/v2\/product_tag?post=4856"}],"curies":[{"name":"wp","href":"https:\/\/api.w.org\/{rel}","templated":true}]}}