{"id":727,"date":"2023-12-02T18:19:24","date_gmt":"2023-12-02T17:19:24","guid":{"rendered":"https:\/\/flusso.hr\/?page_id=727"},"modified":"2024-04-01T20:53:56","modified_gmt":"2024-04-01T19:53:56","slug":"izgradnja-i-odrzavanje-bazena","status":"publish","type":"page","link":"https:\/\/flusso.hr\/nl\/bouw-en-onderhoud-van-zwembad\/","title":{"rendered":"Aanleg en onderhoud van zwembaden"},"content":{"rendered":"<div data-elementor-type=\"wp-page\" data-elementor-id=\"727\" class=\"elementor elementor-727\">\n\t\t\t\t\t\t\t<div class=\"elementor-element elementor-element-65ad8ae e-con-full e-flex e-con e-parent\" data-id=\"65ad8ae\" data-element_type=\"container\" data-settings=\"{&quot;content_width&quot;:&quot;full&quot;,&quot;background_background&quot;:&quot;classic&quot;,&quot;container_type&quot;:&quot;flex&quot;}\" data-e-bg-lazyload=\"\" data-core-v316-plus=\"true\">\n\t\t\t\t<div class=\"elementor-element elementor-element-6c2349e elementor-widget elementor-widget-heading\" data-id=\"6c2349e\" data-element_type=\"widget\" data-widget_type=\"heading.default\">\n\t\t\t\t<div class=\"elementor-widget-container\">\n\t\t\t<style>\/*! elementor - v3.18.0 - 20-12-2023 *\/\n.elementor-heading-title{padding:0;margin:0;line-height:1}.elementor-widget-heading .elementor-heading-title[class*=elementor-size-]>a{color:inherit;font-size:inherit;line-height:inherit}.elementor-widget-heading .elementor-heading-title.elementor-size-small{font-size:15px}.elementor-widget-heading .elementor-heading-title.elementor-size-medium{font-size:19px}.elementor-widget-heading .elementor-heading-title.elementor-size-large{font-size:29px}.elementor-widget-heading .elementor-heading-title.elementor-size-xl{font-size:39px}.elementor-widget-heading .elementor-heading-title.elementor-size-xxl{font-size:59px}<\/style><h1 class=\"elementor-heading-title elementor-size-default\">Aanleg en onderhoud van zwembaden<\/h1>\t\t<\/div>\n\t\t\t\t<\/div>\n\t\t\t\t<\/div>\n\t\t<div class=\"elementor-element elementor-element-9526ba2 e-con-full e-flex e-con e-parent\" data-id=\"9526ba2\" data-element_type=\"container\" data-settings=\"{&quot;content_width&quot;:&quot;full&quot;,&quot;container_type&quot;:&quot;flex&quot;}\" data-core-v316-plus=\"true\">\n\t\t\t\t<div class=\"elementor-element elementor-element-c1f63b2 elementor-widget elementor-widget-heading\" data-id=\"c1f63b2\" data-element_type=\"widget\" data-widget_type=\"heading.default\">\n\t\t\t\t<div class=\"elementor-widget-container\">\n\t\t\t<h2 class=\"elementor-heading-title elementor-size-default\">Onderzoekt u de mogelijkheden voor het bouwen van een zwembad?<\/h2>\t\t<\/div>\n\t\t\t\t<\/div>\n\t\t\t\t<div class=\"elementor-element elementor-element-c11d1e6 elementor-widget elementor-widget-text-editor\" data-id=\"c11d1e6\" data-element_type=\"widget\" data-widget_type=\"text-editor.default\">\n\t\t\t\t<div class=\"elementor-widget-container\">\n\t\t\t<style>\/*! elementor - v3.18.0 - 20-12-2023 *\/\n.elementor-widget-text-editor.elementor-drop-cap-view-stacked .elementor-drop-cap{background-color:#69727d;color:#fff}.elementor-widget-text-editor.elementor-drop-cap-view-framed .elementor-drop-cap{color:#69727d;border:3px solid;background-color:transparent}.elementor-widget-text-editor:not(.elementor-drop-cap-view-default) .elementor-drop-cap{margin-top:8px}.elementor-widget-text-editor:not(.elementor-drop-cap-view-default) .elementor-drop-cap-letter{width:1em;height:1em}.elementor-widget-text-editor .elementor-drop-cap{float:left;text-align:center;line-height:1;font-size:50px}.elementor-widget-text-editor .elementor-drop-cap-letter{display:inline-block}<\/style>\t\t\t\t<p>Flusso biedt hoogwaardige oplossingen aangepast aan uw ruimte en esthetiek. Of u nu op zoek bent naar een klassiek zwembad, een overloopzwembad of iets totaal unieks, ons team van experts is toegewijd aan het cre\u00ebren van een gepersonaliseerd zwembad dat aan al uw wensen voldoet.<\/p><p>Bij ons een zwembad bouwen is eenvoudig en zorgeloos. Het begint met het kiezen van de ideale locatie en het type zwembad, het navigeren door het vergunningsproces en het kiezen van materialen en accessoires. Onze experts geven u een gepersonaliseerde beoordeling, waarbij rekening wordt gehouden met de maat, vorm, materialen en accessoires die het beste bij uw voorkeuren en budget passen.<\/p><p>Ons aanbod omvat ook uitgebreide onderhoudsdiensten, van waterfiltratie- en circulatiesystemen tot chemicali\u00ebnonderhoud en automatische chemicali\u00ebndispensers, zodat uw zwembad schoon, veilig en klaar voor gebruik blijft.<\/p><p>Het beschermen van uw investering is van cruciaal belang. Daarom bieden wij ook diensten voor het overwinteren van uw zwembad aan, zodat uw zwembad beschermd is tijdens de koude maanden en klaar is voor het volgende seizoen.<\/p><p>Neem contact met ons op voor een prijsopgave voor uw perfecte zwembad en ontdek hoe Flusso uw zwembaddromen werkelijkheid kan maken.<\/p>\t\t\t\t\t\t<\/div>\n\t\t\t\t<\/div>\n\t\t\t\t<\/div>\n\t\t<div class=\"elementor-element elementor-element-3840906 e-flex e-con-boxed e-con e-parent\" data-id=\"3840906\" data-element_type=\"container\" data-settings=\"{&quot;background_background&quot;:&quot;slideshow&quot;,&quot;background_slideshow_gallery&quot;:[{&quot;id&quot;:3090,&quot;url&quot;:&quot;https:\\\/\\\/flusso.hr\\\/wp-content\\\/uploads\\\/2023\\\/12\\\/BY3A3396-scaled.jpg&quot;},{&quot;id&quot;:3088,&quot;url&quot;:&quot;https:\\\/\\\/flusso.hr\\\/wp-content\\\/uploads\\\/2023\\\/12\\\/BY3A3382-scaled.jpg&quot;}],&quot;container_type&quot;:&quot;flex&quot;,&quot;content_width&quot;:&quot;boxed&quot;,&quot;background_slideshow_loop&quot;:&quot;yes&quot;,&quot;background_slideshow_slide_duration&quot;:5000,&quot;background_slideshow_slide_transition&quot;:&quot;fade&quot;,&quot;background_slideshow_transition_duration&quot;:500}\" data-core-v316-plus=\"true\">\n\t\t\t\t\t<div class=\"e-con-inner\">\n\t\t\t\t\t<\/div>\n\t\t\t\t<\/div>\n\t\t\t\t\t\t\t<\/div>","protected":false},"excerpt":{"rendered":"<p>Izgradnja i odr\u017eavanje bazena Istra\u017eujete mogu\u0107nosti za izgradnju bazena? Flusso nudi visokokvalitetna rje\u0161enja prilago\u0111ena va\u0161em prostoru i estetici. Bez obzira tra\u017eite li klasi\u010dni bazen, beskrajni bazen ili ne\u0161to potpuno jedinstveno, na\u0161 tim stru\u010dnjaka posve\u0107en je stvaranju personaliziranog bazena koji \u0107e zadovoljiti sve va\u0161e potrebe. Izgradnja bazena s nama je jednostavna i bezbri\u017ena. Po\u010dinje odabiranjem idealne [&hellip;]<\/p>","protected":false},"author":4,"featured_media":0,"parent":0,"menu_order":0,"comment_status":"closed","ping_status":"closed","template":"elementor_header_footer","meta":{"footnotes":""},"class_list":["post-727","page","type-page","status-publish","hentry"],"yoast_head":"<!-- This site is optimized with the Yoast SEO plugin v21.8 - https:\/\/yoast.com\/wordpress\/plugins\/seo\/ -->\n<title>Izgradnja i odr\u017eavanje bazena - Flusso<\/title>\n<meta name=\"description\" content=\"Izgradnja i odr\u017eavanje bazena: Otkrijte na\u0161u ekskluzivnu selekciju proizvoda koji \u0107e va\u0161 prostor pretvoriti u pravu oazu relaksacije i mira.\" \/>\n<meta name=\"robots\" content=\"index, follow, max-snippet:-1, max-image-preview:large, max-video-preview:-1\" \/>\n<link rel=\"canonical\" href=\"https:\/\/flusso.hr\/nl\/bouw-en-onderhoud-van-zwembad\/\" \/>\n<meta property=\"og:locale\" content=\"nl_NL\" \/>\n<meta property=\"og:type\" content=\"article\" \/>\n<meta property=\"og:title\" content=\"Izgradnja i odr\u017eavanje bazena - Flusso\" \/>\n<meta property=\"og:description\" content=\"Izgradnja i odr\u017eavanje bazena: Otkrijte na\u0161u ekskluzivnu selekciju proizvoda koji \u0107e va\u0161 prostor pretvoriti u pravu oazu relaksacije i mira.\" \/>\n<meta property=\"og:url\" content=\"https:\/\/flusso.hr\/nl\/bouw-en-onderhoud-van-zwembad\/\" \/>\n<meta property=\"og:site_name\" content=\"Flusso\" \/>\n<meta property=\"article:modified_time\" content=\"2024-04-01T19:53:56+00:00\" \/>\n<meta name=\"twitter:card\" content=\"summary_large_image\" \/>\n<meta name=\"twitter:label1\" content=\"Geschatte leestijd\" \/>\n\t<meta name=\"twitter:data1\" content=\"1 minuut\" \/>\n<script type=\"application\/ld+json\" class=\"yoast-schema-graph\">{\"@context\":\"https:\/\/schema.org\",\"@graph\":[{\"@type\":\"WebPage\",\"@id\":\"https:\/\/flusso.hr\/izgradnja-i-odrzavanje-bazena\/\",\"url\":\"https:\/\/flusso.hr\/izgradnja-i-odrzavanje-bazena\/\",\"name\":\"Izgradnja i odr\u017eavanje bazena - Flusso\",\"isPartOf\":{\"@id\":\"https:\/\/flusso.hr\/#website\"},\"datePublished\":\"2023-12-02T17:19:24+00:00\",\"dateModified\":\"2024-04-01T19:53:56+00:00\",\"description\":\"Izgradnja i odr\u017eavanje bazena: Otkrijte na\u0161u ekskluzivnu selekciju proizvoda koji \u0107e va\u0161 prostor pretvoriti u pravu oazu relaksacije i mira.\",\"breadcrumb\":{\"@id\":\"https:\/\/flusso.hr\/izgradnja-i-odrzavanje-bazena\/#breadcrumb\"},\"inLanguage\":\"nl-NL\",\"potentialAction\":[{\"@type\":\"ReadAction\",\"target\":[\"https:\/\/flusso.hr\/izgradnja-i-odrzavanje-bazena\/\"]}]},{\"@type\":\"BreadcrumbList\",\"@id\":\"https:\/\/flusso.hr\/izgradnja-i-odrzavanje-bazena\/#breadcrumb\",\"itemListElement\":[{\"@type\":\"ListItem\",\"position\":1,\"name\":\"Home\",\"item\":\"https:\/\/flusso.hr\/\"},{\"@type\":\"ListItem\",\"position\":2,\"name\":\"Izgradnja i odr\u017eavanje bazena\"}]},{\"@type\":\"WebSite\",\"@id\":\"https:\/\/flusso.hr\/#website\",\"url\":\"https:\/\/flusso.hr\/\",\"name\":\"Flusso | Bazeni i wellness oprema\",\"description\":\"\",\"publisher\":{\"@id\":\"https:\/\/flusso.hr\/#organization\"},\"potentialAction\":[{\"@type\":\"SearchAction\",\"target\":{\"@type\":\"EntryPoint\",\"urlTemplate\":\"https:\/\/flusso.hr\/?s={search_term_string}\"},\"query-input\":\"required name=search_term_string\"}],\"inLanguage\":\"nl-NL\"},{\"@type\":\"Organization\",\"@id\":\"https:\/\/flusso.hr\/#organization\",\"name\":\"Flusso | Bazeni i wellness oprema\",\"url\":\"https:\/\/flusso.hr\/\",\"logo\":{\"@type\":\"ImageObject\",\"inLanguage\":\"nl-NL\",\"@id\":\"https:\/\/flusso.hr\/#\/schema\/logo\/image\/\",\"url\":\"https:\/\/flusso.hr\/wp-content\/uploads\/2023\/09\/Logo.png\",\"contentUrl\":\"https:\/\/flusso.hr\/wp-content\/uploads\/2023\/09\/Logo.png\",\"width\":52,\"height\":56,\"caption\":\"Flusso | Bazeni i wellness oprema\"},\"image\":{\"@id\":\"https:\/\/flusso.hr\/#\/schema\/logo\/image\/\"}}]}<\/script>\n<!-- \/ Yoast SEO plugin. -->","yoast_head_json":{"title":"Izgradnja i odr\u017eavanje bazena - Flusso","description":"Izgradnja i odr\u017eavanje bazena: Otkrijte na\u0161u ekskluzivnu selekciju proizvoda koji \u0107e va\u0161 prostor pretvoriti u pravu oazu relaksacije i mira.","robots":{"index":"index","follow":"follow","max-snippet":"max-snippet:-1","max-image-preview":"max-image-preview:large","max-video-preview":"max-video-preview:-1"},"canonical":"https:\/\/flusso.hr\/nl\/bouw-en-onderhoud-van-zwembad\/","og_locale":"nl_NL","og_type":"article","og_title":"Izgradnja i odr\u017eavanje bazena - Flusso","og_description":"Izgradnja i odr\u017eavanje bazena: Otkrijte na\u0161u ekskluzivnu selekciju proizvoda koji \u0107e va\u0161 prostor pretvoriti u pravu oazu relaksacije i mira.","og_url":"https:\/\/flusso.hr\/nl\/bouw-en-onderhoud-van-zwembad\/","og_site_name":"Flusso","article_modified_time":"2024-04-01T19:53:56+00:00","twitter_card":"summary_large_image","twitter_misc":{"Geschatte leestijd":"1 minuut"},"schema":{"@context":"https:\/\/schema.org","@graph":[{"@type":"WebPage","@id":"https:\/\/flusso.hr\/izgradnja-i-odrzavanje-bazena\/","url":"https:\/\/flusso.hr\/izgradnja-i-odrzavanje-bazena\/","name":"Izgradnja i odr\u017eavanje bazena - Flusso","isPartOf":{"@id":"https:\/\/flusso.hr\/#website"},"datePublished":"2023-12-02T17:19:24+00:00","dateModified":"2024-04-01T19:53:56+00:00","description":"Izgradnja i odr\u017eavanje bazena: Otkrijte na\u0161u ekskluzivnu selekciju proizvoda koji \u0107e va\u0161 prostor pretvoriti u pravu oazu relaksacije i mira.","breadcrumb":{"@id":"https:\/\/flusso.hr\/izgradnja-i-odrzavanje-bazena\/#breadcrumb"},"inLanguage":"nl-NL","potentialAction":[{"@type":"ReadAction","target":["https:\/\/flusso.hr\/izgradnja-i-odrzavanje-bazena\/"]}]},{"@type":"BreadcrumbList","@id":"https:\/\/flusso.hr\/izgradnja-i-odrzavanje-bazena\/#breadcrumb","itemListElement":[{"@type":"ListItem","position":1,"name":"Home","item":"https:\/\/flusso.hr\/"},{"@type":"ListItem","position":2,"name":"Izgradnja i odr\u017eavanje bazena"}]},{"@type":"WebSite","@id":"https:\/\/flusso.hr\/#website","url":"https:\/\/flusso.hr\/","name":"Flusso | Bazeni i wellness oprema","description":"","publisher":{"@id":"https:\/\/flusso.hr\/#organization"},"potentialAction":[{"@type":"SearchAction","target":{"@type":"EntryPoint","urlTemplate":"https:\/\/flusso.hr\/?s={search_term_string}"},"query-input":"required name=search_term_string"}],"inLanguage":"nl-NL"},{"@type":"Organization","@id":"https:\/\/flusso.hr\/#organization","name":"Flusso | Bazeni i wellness oprema","url":"https:\/\/flusso.hr\/","logo":{"@type":"ImageObject","inLanguage":"nl-NL","@id":"https:\/\/flusso.hr\/#\/schema\/logo\/image\/","url":"https:\/\/flusso.hr\/wp-content\/uploads\/2023\/09\/Logo.png","contentUrl":"https:\/\/flusso.hr\/wp-content\/uploads\/2023\/09\/Logo.png","width":52,"height":56,"caption":"Flusso | Bazeni i wellness oprema"},"image":{"@id":"https:\/\/flusso.hr\/#\/schema\/logo\/image\/"}}]}},"_links":{"self":[{"href":"https:\/\/flusso.hr\/nl\/wp-json\/wp\/v2\/pages\/727","targetHints":{"allow":["GET"]}}],"collection":[{"href":"https:\/\/flusso.hr\/nl\/wp-json\/wp\/v2\/pages"}],"about":[{"href":"https:\/\/flusso.hr\/nl\/wp-json\/wp\/v2\/types\/page"}],"author":[{"embeddable":true,"href":"https:\/\/flusso.hr\/nl\/wp-json\/wp\/v2\/users\/4"}],"replies":[{"embeddable":true,"href":"https:\/\/flusso.hr\/nl\/wp-json\/wp\/v2\/comments?post=727"}],"version-history":[{"count":145,"href":"https:\/\/flusso.hr\/nl\/wp-json\/wp\/v2\/pages\/727\/revisions"}],"predecessor-version":[{"id":4070,"href":"https:\/\/flusso.hr\/nl\/wp-json\/wp\/v2\/pages\/727\/revisions\/4070"}],"wp:attachment":[{"href":"https:\/\/flusso.hr\/nl\/wp-json\/wp\/v2\/media?parent=727"}],"curies":[{"name":"wp","href":"https:\/\/api.w.org\/{rel}","templated":true}]}}