{"id":4815,"date":"2026-01-29T11:18:07","date_gmt":"2026-01-29T10:18:07","guid":{"rendered":"https:\/\/flusso.hr\/?post_type=product&#038;p=4815"},"modified":"2026-01-30T07:43:57","modified_gmt":"2026-01-30T06:43:57","slug":"baterijski-usisivac-voltera-75","status":"publish","type":"product","link":"https:\/\/flusso.hr\/it\/product\/baterijski-usisivac-voltera-75\/","title":{"rendered":"Baterijski usisiva\u010d Voltera 75"},"content":{"rendered":"","protected":false},"excerpt":{"rendered":"<p>Be\u017ei\u010dni usisava\u010d<\/p>\n<p>Ko\u0161 filtera: Da<\/p>\n<p>Kapacitet filtera: 250 + 50 mic<\/p>\n<p>Daljinsko upravljanje: Ne<\/p>\n<p>Protok: 75 l\/min<\/p>\n<p>Kapacitet otpada: 3 kg<\/p>\n<p>Max. vrijeme rada: 75 min.<\/p>\n<p>&nbsp;<\/p>","protected":false},"featured_media":5085,"comment_status":"open","ping_status":"closed","template":"","meta":[],"product_cat":[45],"product_tag":[],"class_list":{"0":"post-4815","1":"product","2":"type-product","3":"status-publish","4":"has-post-thumbnail","6":"product_cat-automatski-cistaci","8":"first","9":"instock","10":"shipping-taxable","11":"purchasable","12":"product-type-simple"},"yoast_head":"<!-- This site is optimized with the Yoast SEO plugin v21.8 - https:\/\/yoast.com\/wordpress\/plugins\/seo\/ -->\n<title>Baterijski usisiva\u010d Voltera 75 - Flusso<\/title>\n<meta name=\"robots\" content=\"index, follow, max-snippet:-1, max-image-preview:large, max-video-preview:-1\" \/>\n<link rel=\"canonical\" href=\"https:\/\/flusso.hr\/it\/product\/baterijski-usisivac-voltera-75\/\" \/>\n<meta property=\"og:locale\" content=\"it_IT\" \/>\n<meta property=\"og:type\" content=\"article\" \/>\n<meta property=\"og:title\" content=\"Baterijski usisiva\u010d Voltera 75 - Flusso\" \/>\n<meta property=\"og:description\" content=\"Be\u017ei\u010dni usisava\u010d  Ko\u0161 filtera: Da  Kapacitet filtera: 250 + 50 mic  Daljinsko upravljanje: Ne  Protok: 75 l\/min  Kapacitet otpada: 3 kg  Max. vrijeme rada: 75 min.  &nbsp;\" \/>\n<meta property=\"og:url\" content=\"https:\/\/flusso.hr\/it\/product\/baterijski-usisivac-voltera-75\/\" \/>\n<meta property=\"og:site_name\" content=\"Flusso\" \/>\n<meta property=\"article:modified_time\" content=\"2026-01-30T06:43:57+00:00\" \/>\n<meta property=\"og:image\" content=\"https:\/\/flusso.hr\/wp-content\/uploads\/2026\/01\/voltera-1.jpg\" \/>\n\t<meta property=\"og:image:width\" content=\"1319\" \/>\n\t<meta property=\"og:image:height\" content=\"1024\" \/>\n\t<meta property=\"og:image:type\" content=\"image\/jpeg\" \/>\n<meta name=\"twitter:card\" content=\"summary_large_image\" \/>\n<meta name=\"twitter:label1\" content=\"Tempo di lettura stimato\" \/>\n\t<meta name=\"twitter:data1\" content=\"1 minuto\" \/>\n<script type=\"application\/ld+json\" class=\"yoast-schema-graph\">{\"@context\":\"https:\/\/schema.org\",\"@graph\":[{\"@type\":\"WebPage\",\"@id\":\"https:\/\/flusso.hr\/product\/baterijski-usisivac-voltera-75\/\",\"url\":\"https:\/\/flusso.hr\/product\/baterijski-usisivac-voltera-75\/\",\"name\":\"Baterijski usisiva\u010d Voltera 75 - Flusso\",\"isPartOf\":{\"@id\":\"https:\/\/flusso.hr\/#website\"},\"datePublished\":\"2026-01-29T10:18:07+00:00\",\"dateModified\":\"2026-01-30T06:43:57+00:00\",\"breadcrumb\":{\"@id\":\"https:\/\/flusso.hr\/product\/baterijski-usisivac-voltera-75\/#breadcrumb\"},\"inLanguage\":\"it-IT\",\"potentialAction\":[{\"@type\":\"ReadAction\",\"target\":[\"https:\/\/flusso.hr\/product\/baterijski-usisivac-voltera-75\/\"]}]},{\"@type\":\"BreadcrumbList\",\"@id\":\"https:\/\/flusso.hr\/product\/baterijski-usisivac-voltera-75\/#breadcrumb\",\"itemListElement\":[{\"@type\":\"ListItem\",\"position\":1,\"name\":\"Home\",\"item\":\"https:\/\/flusso.hr\/\"},{\"@type\":\"ListItem\",\"position\":2,\"name\":\"Shop\",\"item\":\"https:\/\/flusso.hr\/shop\/\"},{\"@type\":\"ListItem\",\"position\":3,\"name\":\"Baterijski usisiva\u010d Voltera 75\"}]},{\"@type\":\"WebSite\",\"@id\":\"https:\/\/flusso.hr\/#website\",\"url\":\"https:\/\/flusso.hr\/\",\"name\":\"Flusso | Bazeni i wellness oprema\",\"description\":\"\",\"publisher\":{\"@id\":\"https:\/\/flusso.hr\/#organization\"},\"potentialAction\":[{\"@type\":\"SearchAction\",\"target\":{\"@type\":\"EntryPoint\",\"urlTemplate\":\"https:\/\/flusso.hr\/?s={search_term_string}\"},\"query-input\":\"required name=search_term_string\"}],\"inLanguage\":\"it-IT\"},{\"@type\":\"Organization\",\"@id\":\"https:\/\/flusso.hr\/#organization\",\"name\":\"Flusso | Bazeni i wellness oprema\",\"url\":\"https:\/\/flusso.hr\/\",\"logo\":{\"@type\":\"ImageObject\",\"inLanguage\":\"it-IT\",\"@id\":\"https:\/\/flusso.hr\/#\/schema\/logo\/image\/\",\"url\":\"https:\/\/flusso.hr\/wp-content\/uploads\/2023\/09\/Logo.png\",\"contentUrl\":\"https:\/\/flusso.hr\/wp-content\/uploads\/2023\/09\/Logo.png\",\"width\":52,\"height\":56,\"caption\":\"Flusso | Bazeni i wellness oprema\"},\"image\":{\"@id\":\"https:\/\/flusso.hr\/#\/schema\/logo\/image\/\"}}]}<\/script>\n<!-- \/ Yoast SEO plugin. -->","yoast_head_json":{"title":"Baterijski usisiva\u010d Voltera 75 - Flusso","robots":{"index":"index","follow":"follow","max-snippet":"max-snippet:-1","max-image-preview":"max-image-preview:large","max-video-preview":"max-video-preview:-1"},"canonical":"https:\/\/flusso.hr\/it\/product\/baterijski-usisivac-voltera-75\/","og_locale":"it_IT","og_type":"article","og_title":"Baterijski usisiva\u010d Voltera 75 - Flusso","og_description":"Be\u017ei\u010dni usisava\u010d  Ko\u0161 filtera: Da  Kapacitet filtera: 250 + 50 mic  Daljinsko upravljanje: Ne  Protok: 75 l\/min  Kapacitet otpada: 3 kg  Max. vrijeme rada: 75 min.  &nbsp;","og_url":"https:\/\/flusso.hr\/it\/product\/baterijski-usisivac-voltera-75\/","og_site_name":"Flusso","article_modified_time":"2026-01-30T06:43:57+00:00","og_image":[{"width":1319,"height":1024,"url":"https:\/\/flusso.hr\/wp-content\/uploads\/2026\/01\/voltera-1.jpg","type":"image\/jpeg"}],"twitter_card":"summary_large_image","twitter_misc":{"Tempo di lettura stimato":"1 minuto"},"schema":{"@context":"https:\/\/schema.org","@graph":[{"@type":"WebPage","@id":"https:\/\/flusso.hr\/product\/baterijski-usisivac-voltera-75\/","url":"https:\/\/flusso.hr\/product\/baterijski-usisivac-voltera-75\/","name":"Baterijski usisiva\u010d Voltera 75 - Flusso","isPartOf":{"@id":"https:\/\/flusso.hr\/#website"},"datePublished":"2026-01-29T10:18:07+00:00","dateModified":"2026-01-30T06:43:57+00:00","breadcrumb":{"@id":"https:\/\/flusso.hr\/product\/baterijski-usisivac-voltera-75\/#breadcrumb"},"inLanguage":"it-IT","potentialAction":[{"@type":"ReadAction","target":["https:\/\/flusso.hr\/product\/baterijski-usisivac-voltera-75\/"]}]},{"@type":"BreadcrumbList","@id":"https:\/\/flusso.hr\/product\/baterijski-usisivac-voltera-75\/#breadcrumb","itemListElement":[{"@type":"ListItem","position":1,"name":"Home","item":"https:\/\/flusso.hr\/"},{"@type":"ListItem","position":2,"name":"Shop","item":"https:\/\/flusso.hr\/shop\/"},{"@type":"ListItem","position":3,"name":"Baterijski usisiva\u010d Voltera 75"}]},{"@type":"WebSite","@id":"https:\/\/flusso.hr\/#website","url":"https:\/\/flusso.hr\/","name":"Flusso | Bazeni i wellness oprema","description":"","publisher":{"@id":"https:\/\/flusso.hr\/#organization"},"potentialAction":[{"@type":"SearchAction","target":{"@type":"EntryPoint","urlTemplate":"https:\/\/flusso.hr\/?s={search_term_string}"},"query-input":"required name=search_term_string"}],"inLanguage":"it-IT"},{"@type":"Organization","@id":"https:\/\/flusso.hr\/#organization","name":"Flusso | Bazeni i wellness oprema","url":"https:\/\/flusso.hr\/","logo":{"@type":"ImageObject","inLanguage":"it-IT","@id":"https:\/\/flusso.hr\/#\/schema\/logo\/image\/","url":"https:\/\/flusso.hr\/wp-content\/uploads\/2023\/09\/Logo.png","contentUrl":"https:\/\/flusso.hr\/wp-content\/uploads\/2023\/09\/Logo.png","width":52,"height":56,"caption":"Flusso | Bazeni i wellness oprema"},"image":{"@id":"https:\/\/flusso.hr\/#\/schema\/logo\/image\/"}}]}},"_links":{"self":[{"href":"https:\/\/flusso.hr\/it\/wp-json\/wp\/v2\/product\/4815","targetHints":{"allow":["GET"]}}],"collection":[{"href":"https:\/\/flusso.hr\/it\/wp-json\/wp\/v2\/product"}],"about":[{"href":"https:\/\/flusso.hr\/it\/wp-json\/wp\/v2\/types\/product"}],"replies":[{"embeddable":true,"href":"https:\/\/flusso.hr\/it\/wp-json\/wp\/v2\/comments?post=4815"}],"wp:featuredmedia":[{"embeddable":true,"href":"https:\/\/flusso.hr\/it\/wp-json\/wp\/v2\/media\/5085"}],"wp:attachment":[{"href":"https:\/\/flusso.hr\/it\/wp-json\/wp\/v2\/media?parent=4815"}],"wp:term":[{"taxonomy":"product_cat","embeddable":true,"href":"https:\/\/flusso.hr\/it\/wp-json\/wp\/v2\/product_cat?post=4815"},{"taxonomy":"product_tag","embeddable":true,"href":"https:\/\/flusso.hr\/it\/wp-json\/wp\/v2\/product_tag?post=4815"}],"curies":[{"name":"wp","href":"https:\/\/api.w.org\/{rel}","templated":true}]}}