{"id":4386,"date":"2026-01-26T10:08:54","date_gmt":"2026-01-26T09:08:54","guid":{"rendered":"https:\/\/flusso.hr\/?post_type=product&#038;p=4386"},"modified":"2026-01-26T10:14:15","modified_gmt":"2026-01-26T09:14:15","slug":"kromirani-solarni-tus-antracit-s-s","status":"publish","type":"product","link":"https:\/\/flusso.hr\/it\/product\/kromirani-solarni-tus-antracit-s-s\/","title":{"rendered":"Kromirani solarni tu\u0161 antracit S.S."},"content":{"rendered":"<p><span class=\"fontstyle0\">Elegantnog, aerodinami<\/span><span class=\"fontstyle2\">\u010d<\/span><span class=\"fontstyle0\">nog dizajna, AstralPool Chrome solarni tu\u0161 isti<\/span><span class=\"fontstyle2\">\u010d<\/span><span class=\"fontstyle0\">e se svojim modernim vintage stilom, u \u0161irokoj paleti boja i zavr\u0161nih obrada kako biste odabrali onaj koji se najbolje uklapa u okolinu va\u0161eg bazena. U\u017eivajte u opu\u0161taju<\/span><span class=\"fontstyle2\">\u0107<\/span><span class=\"fontstyle0\">em iskustvu prije i poslije svakog plivanja zahvaljuju<\/span><span class=\"fontstyle2\">\u0107<\/span><span class=\"fontstyle0\">i velikom spremniku od 30 l za dobivanje tople vode bez potro\u0161nje energije. Ovaj tu\u0161 ulazi u kategoriju zelenih rje\u0161enja za svakodnevnu uporabu va\u0161eg bazena brinu<\/span><span class=\"fontstyle2\">\u0107<\/span><span class=\"fontstyle0\">i ne samo za okoli\u0161, ve<\/span><span class=\"fontstyle2\">\u0107 <\/span><span class=\"fontstyle0\">i za va\u0161e zdravlje i zdravlje drugih.<\/span><\/p>","protected":false},"excerpt":{"rendered":"<p>Kromirani solarni tu\u0161<\/p>","protected":false},"featured_media":4387,"comment_status":"open","ping_status":"closed","template":"","meta":[],"product_cat":[52,54],"product_tag":[],"class_list":{"0":"post-4386","1":"product","2":"type-product","3":"status-publish","4":"has-post-thumbnail","6":"product_cat-bazensko-okruzenje","7":"product_cat-tusevi","9":"first","10":"instock","11":"shipping-taxable","12":"purchasable","13":"product-type-simple"},"yoast_head":"<!-- This site is optimized with the Yoast SEO plugin v21.8 - https:\/\/yoast.com\/wordpress\/plugins\/seo\/ -->\n<title>Kromirani solarni tu\u0161 antracit S.S. - Flusso<\/title>\n<meta name=\"robots\" content=\"index, follow, max-snippet:-1, max-image-preview:large, max-video-preview:-1\" \/>\n<link rel=\"canonical\" href=\"https:\/\/flusso.hr\/it\/product\/kromirani-solarni-tus-antracit-s-s\/\" \/>\n<meta property=\"og:locale\" content=\"it_IT\" \/>\n<meta property=\"og:type\" content=\"article\" \/>\n<meta property=\"og:title\" content=\"Kromirani solarni tu\u0161 antracit S.S. - Flusso\" \/>\n<meta property=\"og:description\" content=\"Kromirani solarni tu\u0161\" \/>\n<meta property=\"og:url\" content=\"https:\/\/flusso.hr\/it\/product\/kromirani-solarni-tus-antracit-s-s\/\" \/>\n<meta property=\"og:site_name\" content=\"Flusso\" \/>\n<meta property=\"article:modified_time\" content=\"2026-01-26T09:14:15+00:00\" \/>\n<meta property=\"og:image\" content=\"https:\/\/flusso.hr\/wp-content\/uploads\/2026\/01\/74055_74054-1.jpg\" \/>\n\t<meta property=\"og:image:width\" content=\"960\" \/>\n\t<meta property=\"og:image:height\" content=\"1920\" \/>\n\t<meta property=\"og:image:type\" content=\"image\/jpeg\" \/>\n<meta name=\"twitter:card\" content=\"summary_large_image\" \/>\n<meta name=\"twitter:label1\" content=\"Tempo di lettura stimato\" \/>\n\t<meta name=\"twitter:data1\" content=\"1 minuto\" \/>\n<script type=\"application\/ld+json\" class=\"yoast-schema-graph\">{\"@context\":\"https:\/\/schema.org\",\"@graph\":[{\"@type\":\"WebPage\",\"@id\":\"https:\/\/flusso.hr\/product\/kromirani-solarni-tus-antracit-s-s\/\",\"url\":\"https:\/\/flusso.hr\/product\/kromirani-solarni-tus-antracit-s-s\/\",\"name\":\"Kromirani solarni tu\u0161 antracit S.S. - Flusso\",\"isPartOf\":{\"@id\":\"https:\/\/flusso.hr\/#website\"},\"datePublished\":\"2026-01-26T09:08:54+00:00\",\"dateModified\":\"2026-01-26T09:14:15+00:00\",\"breadcrumb\":{\"@id\":\"https:\/\/flusso.hr\/product\/kromirani-solarni-tus-antracit-s-s\/#breadcrumb\"},\"inLanguage\":\"it-IT\",\"potentialAction\":[{\"@type\":\"ReadAction\",\"target\":[\"https:\/\/flusso.hr\/product\/kromirani-solarni-tus-antracit-s-s\/\"]}]},{\"@type\":\"BreadcrumbList\",\"@id\":\"https:\/\/flusso.hr\/product\/kromirani-solarni-tus-antracit-s-s\/#breadcrumb\",\"itemListElement\":[{\"@type\":\"ListItem\",\"position\":1,\"name\":\"Home\",\"item\":\"https:\/\/flusso.hr\/\"},{\"@type\":\"ListItem\",\"position\":2,\"name\":\"Shop\",\"item\":\"https:\/\/flusso.hr\/shop\/\"},{\"@type\":\"ListItem\",\"position\":3,\"name\":\"Kromirani solarni tu\u0161 antracit S.S.\"}]},{\"@type\":\"WebSite\",\"@id\":\"https:\/\/flusso.hr\/#website\",\"url\":\"https:\/\/flusso.hr\/\",\"name\":\"Flusso | Bazeni i wellness oprema\",\"description\":\"\",\"publisher\":{\"@id\":\"https:\/\/flusso.hr\/#organization\"},\"potentialAction\":[{\"@type\":\"SearchAction\",\"target\":{\"@type\":\"EntryPoint\",\"urlTemplate\":\"https:\/\/flusso.hr\/?s={search_term_string}\"},\"query-input\":\"required name=search_term_string\"}],\"inLanguage\":\"it-IT\"},{\"@type\":\"Organization\",\"@id\":\"https:\/\/flusso.hr\/#organization\",\"name\":\"Flusso | Bazeni i wellness oprema\",\"url\":\"https:\/\/flusso.hr\/\",\"logo\":{\"@type\":\"ImageObject\",\"inLanguage\":\"it-IT\",\"@id\":\"https:\/\/flusso.hr\/#\/schema\/logo\/image\/\",\"url\":\"https:\/\/flusso.hr\/wp-content\/uploads\/2023\/09\/Logo.png\",\"contentUrl\":\"https:\/\/flusso.hr\/wp-content\/uploads\/2023\/09\/Logo.png\",\"width\":52,\"height\":56,\"caption\":\"Flusso | Bazeni i wellness oprema\"},\"image\":{\"@id\":\"https:\/\/flusso.hr\/#\/schema\/logo\/image\/\"}}]}<\/script>\n<!-- \/ Yoast SEO plugin. -->","yoast_head_json":{"title":"Kromirani solarni tu\u0161 antracit S.S. - Flusso","robots":{"index":"index","follow":"follow","max-snippet":"max-snippet:-1","max-image-preview":"max-image-preview:large","max-video-preview":"max-video-preview:-1"},"canonical":"https:\/\/flusso.hr\/it\/product\/kromirani-solarni-tus-antracit-s-s\/","og_locale":"it_IT","og_type":"article","og_title":"Kromirani solarni tu\u0161 antracit S.S. - Flusso","og_description":"Kromirani solarni tu\u0161","og_url":"https:\/\/flusso.hr\/it\/product\/kromirani-solarni-tus-antracit-s-s\/","og_site_name":"Flusso","article_modified_time":"2026-01-26T09:14:15+00:00","og_image":[{"width":960,"height":1920,"url":"https:\/\/flusso.hr\/wp-content\/uploads\/2026\/01\/74055_74054-1.jpg","type":"image\/jpeg"}],"twitter_card":"summary_large_image","twitter_misc":{"Tempo di lettura stimato":"1 minuto"},"schema":{"@context":"https:\/\/schema.org","@graph":[{"@type":"WebPage","@id":"https:\/\/flusso.hr\/product\/kromirani-solarni-tus-antracit-s-s\/","url":"https:\/\/flusso.hr\/product\/kromirani-solarni-tus-antracit-s-s\/","name":"Kromirani solarni tu\u0161 antracit S.S. - Flusso","isPartOf":{"@id":"https:\/\/flusso.hr\/#website"},"datePublished":"2026-01-26T09:08:54+00:00","dateModified":"2026-01-26T09:14:15+00:00","breadcrumb":{"@id":"https:\/\/flusso.hr\/product\/kromirani-solarni-tus-antracit-s-s\/#breadcrumb"},"inLanguage":"it-IT","potentialAction":[{"@type":"ReadAction","target":["https:\/\/flusso.hr\/product\/kromirani-solarni-tus-antracit-s-s\/"]}]},{"@type":"BreadcrumbList","@id":"https:\/\/flusso.hr\/product\/kromirani-solarni-tus-antracit-s-s\/#breadcrumb","itemListElement":[{"@type":"ListItem","position":1,"name":"Home","item":"https:\/\/flusso.hr\/"},{"@type":"ListItem","position":2,"name":"Shop","item":"https:\/\/flusso.hr\/shop\/"},{"@type":"ListItem","position":3,"name":"Kromirani solarni tu\u0161 antracit S.S."}]},{"@type":"WebSite","@id":"https:\/\/flusso.hr\/#website","url":"https:\/\/flusso.hr\/","name":"Flusso | Bazeni i wellness oprema","description":"","publisher":{"@id":"https:\/\/flusso.hr\/#organization"},"potentialAction":[{"@type":"SearchAction","target":{"@type":"EntryPoint","urlTemplate":"https:\/\/flusso.hr\/?s={search_term_string}"},"query-input":"required name=search_term_string"}],"inLanguage":"it-IT"},{"@type":"Organization","@id":"https:\/\/flusso.hr\/#organization","name":"Flusso | Bazeni i wellness oprema","url":"https:\/\/flusso.hr\/","logo":{"@type":"ImageObject","inLanguage":"it-IT","@id":"https:\/\/flusso.hr\/#\/schema\/logo\/image\/","url":"https:\/\/flusso.hr\/wp-content\/uploads\/2023\/09\/Logo.png","contentUrl":"https:\/\/flusso.hr\/wp-content\/uploads\/2023\/09\/Logo.png","width":52,"height":56,"caption":"Flusso | Bazeni i wellness oprema"},"image":{"@id":"https:\/\/flusso.hr\/#\/schema\/logo\/image\/"}}]}},"_links":{"self":[{"href":"https:\/\/flusso.hr\/it\/wp-json\/wp\/v2\/product\/4386","targetHints":{"allow":["GET"]}}],"collection":[{"href":"https:\/\/flusso.hr\/it\/wp-json\/wp\/v2\/product"}],"about":[{"href":"https:\/\/flusso.hr\/it\/wp-json\/wp\/v2\/types\/product"}],"replies":[{"embeddable":true,"href":"https:\/\/flusso.hr\/it\/wp-json\/wp\/v2\/comments?post=4386"}],"wp:featuredmedia":[{"embeddable":true,"href":"https:\/\/flusso.hr\/it\/wp-json\/wp\/v2\/media\/4387"}],"wp:attachment":[{"href":"https:\/\/flusso.hr\/it\/wp-json\/wp\/v2\/media?parent=4386"}],"wp:term":[{"taxonomy":"product_cat","embeddable":true,"href":"https:\/\/flusso.hr\/it\/wp-json\/wp\/v2\/product_cat?post=4386"},{"taxonomy":"product_tag","embeddable":true,"href":"https:\/\/flusso.hr\/it\/wp-json\/wp\/v2\/product_tag?post=4386"}],"curies":[{"name":"wp","href":"https:\/\/api.w.org\/{rel}","templated":true}]}}