{"id":4345,"date":"2025-02-10T13:28:45","date_gmt":"2025-02-10T12:28:45","guid":{"rendered":"https:\/\/flusso.hr\/?post_type=product&#038;p=4345"},"modified":"2025-02-10T13:32:37","modified_gmt":"2025-02-10T12:32:37","slug":"astralpool-tekuci-flokulant-1-l","status":"publish","type":"product","link":"https:\/\/flusso.hr\/fi\/product\/astralpool-tekuci-flokulant-1-l\/","title":{"rendered":"Astralpool teku\u0107i flokulant 1 l"},"content":{"rendered":"","protected":false},"excerpt":{"rendered":"<p>Bistri vodu eliminiraju\u0107i koloidne \u010destice koje uzrokuju zamu\u0107enje vode.<\/p>","protected":false},"featured_media":4346,"comment_status":"open","ping_status":"closed","template":"","meta":[],"product_cat":[24],"product_tag":[],"class_list":{"0":"post-4345","1":"product","2":"type-product","3":"status-publish","4":"has-post-thumbnail","6":"product_cat-sredstva-za-tretman-vode","8":"first","9":"instock","10":"shipping-taxable","11":"purchasable","12":"product-type-simple"},"yoast_head":"<!-- This site is optimized with the Yoast SEO plugin v21.8 - https:\/\/yoast.com\/wordpress\/plugins\/seo\/ -->\n<title>Astralpool teku\u0107i flokulant 1 l - Flusso<\/title>\n<meta name=\"robots\" content=\"index, follow, max-snippet:-1, max-image-preview:large, max-video-preview:-1\" \/>\n<link rel=\"canonical\" href=\"https:\/\/flusso.hr\/fi\/product\/astralpool-tekuci-flokulant-1-l\/\" \/>\n<meta property=\"og:locale\" content=\"fi_FI\" \/>\n<meta property=\"og:type\" content=\"article\" \/>\n<meta property=\"og:title\" content=\"Astralpool teku\u0107i flokulant 1 l - Flusso\" \/>\n<meta property=\"og:description\" content=\"Bistri vodu eliminiraju\u0107i koloidne \u010destice koje uzrokuju zamu\u0107enje vode.\" \/>\n<meta property=\"og:url\" content=\"https:\/\/flusso.hr\/fi\/product\/astralpool-tekuci-flokulant-1-l\/\" \/>\n<meta property=\"og:site_name\" content=\"Flusso\" \/>\n<meta property=\"article:modified_time\" content=\"2025-02-10T12:32:37+00:00\" \/>\n<meta property=\"og:image\" content=\"https:\/\/flusso.hr\/wp-content\/uploads\/2025\/02\/tekuci-flokulant_manje-pakiranje.png\" \/>\n\t<meta property=\"og:image:width\" content=\"1440\" \/>\n\t<meta property=\"og:image:height\" content=\"1920\" \/>\n\t<meta property=\"og:image:type\" content=\"image\/png\" \/>\n<meta name=\"twitter:card\" content=\"summary_large_image\" \/>\n<meta name=\"twitter:label1\" content=\"Arvioitu lukuaika\" \/>\n\t<meta name=\"twitter:data1\" content=\"1 minuutti\" \/>\n<script type=\"application\/ld+json\" class=\"yoast-schema-graph\">{\"@context\":\"https:\/\/schema.org\",\"@graph\":[{\"@type\":\"WebPage\",\"@id\":\"https:\/\/flusso.hr\/product\/astralpool-tekuci-flokulant-1-l\/\",\"url\":\"https:\/\/flusso.hr\/product\/astralpool-tekuci-flokulant-1-l\/\",\"name\":\"Astralpool teku\u0107i flokulant 1 l - Flusso\",\"isPartOf\":{\"@id\":\"https:\/\/flusso.hr\/#website\"},\"datePublished\":\"2025-02-10T12:28:45+00:00\",\"dateModified\":\"2025-02-10T12:32:37+00:00\",\"breadcrumb\":{\"@id\":\"https:\/\/flusso.hr\/product\/astralpool-tekuci-flokulant-1-l\/#breadcrumb\"},\"inLanguage\":\"fi\",\"potentialAction\":[{\"@type\":\"ReadAction\",\"target\":[\"https:\/\/flusso.hr\/product\/astralpool-tekuci-flokulant-1-l\/\"]}]},{\"@type\":\"BreadcrumbList\",\"@id\":\"https:\/\/flusso.hr\/product\/astralpool-tekuci-flokulant-1-l\/#breadcrumb\",\"itemListElement\":[{\"@type\":\"ListItem\",\"position\":1,\"name\":\"Home\",\"item\":\"https:\/\/flusso.hr\/\"},{\"@type\":\"ListItem\",\"position\":2,\"name\":\"Shop\",\"item\":\"https:\/\/flusso.hr\/shop\/\"},{\"@type\":\"ListItem\",\"position\":3,\"name\":\"Astralpool teku\u0107i flokulant 1 l\"}]},{\"@type\":\"WebSite\",\"@id\":\"https:\/\/flusso.hr\/#website\",\"url\":\"https:\/\/flusso.hr\/\",\"name\":\"Flusso | Bazeni i wellness oprema\",\"description\":\"\",\"publisher\":{\"@id\":\"https:\/\/flusso.hr\/#organization\"},\"potentialAction\":[{\"@type\":\"SearchAction\",\"target\":{\"@type\":\"EntryPoint\",\"urlTemplate\":\"https:\/\/flusso.hr\/?s={search_term_string}\"},\"query-input\":\"required name=search_term_string\"}],\"inLanguage\":\"fi\"},{\"@type\":\"Organization\",\"@id\":\"https:\/\/flusso.hr\/#organization\",\"name\":\"Flusso | Bazeni i wellness oprema\",\"url\":\"https:\/\/flusso.hr\/\",\"logo\":{\"@type\":\"ImageObject\",\"inLanguage\":\"fi\",\"@id\":\"https:\/\/flusso.hr\/#\/schema\/logo\/image\/\",\"url\":\"https:\/\/flusso.hr\/wp-content\/uploads\/2023\/09\/Logo.png\",\"contentUrl\":\"https:\/\/flusso.hr\/wp-content\/uploads\/2023\/09\/Logo.png\",\"width\":52,\"height\":56,\"caption\":\"Flusso | Bazeni i wellness oprema\"},\"image\":{\"@id\":\"https:\/\/flusso.hr\/#\/schema\/logo\/image\/\"}}]}<\/script>\n<!-- \/ Yoast SEO plugin. -->","yoast_head_json":{"title":"Astralpool teku\u0107i flokulant 1 l - Flusso","robots":{"index":"index","follow":"follow","max-snippet":"max-snippet:-1","max-image-preview":"max-image-preview:large","max-video-preview":"max-video-preview:-1"},"canonical":"https:\/\/flusso.hr\/fi\/product\/astralpool-tekuci-flokulant-1-l\/","og_locale":"fi_FI","og_type":"article","og_title":"Astralpool teku\u0107i flokulant 1 l - Flusso","og_description":"Bistri vodu eliminiraju\u0107i koloidne \u010destice koje uzrokuju zamu\u0107enje vode.","og_url":"https:\/\/flusso.hr\/fi\/product\/astralpool-tekuci-flokulant-1-l\/","og_site_name":"Flusso","article_modified_time":"2025-02-10T12:32:37+00:00","og_image":[{"width":1440,"height":1920,"url":"https:\/\/flusso.hr\/wp-content\/uploads\/2025\/02\/tekuci-flokulant_manje-pakiranje.png","type":"image\/png"}],"twitter_card":"summary_large_image","twitter_misc":{"Arvioitu lukuaika":"1 minuutti"},"schema":{"@context":"https:\/\/schema.org","@graph":[{"@type":"WebPage","@id":"https:\/\/flusso.hr\/product\/astralpool-tekuci-flokulant-1-l\/","url":"https:\/\/flusso.hr\/product\/astralpool-tekuci-flokulant-1-l\/","name":"Astralpool teku\u0107i flokulant 1 l - Flusso","isPartOf":{"@id":"https:\/\/flusso.hr\/#website"},"datePublished":"2025-02-10T12:28:45+00:00","dateModified":"2025-02-10T12:32:37+00:00","breadcrumb":{"@id":"https:\/\/flusso.hr\/product\/astralpool-tekuci-flokulant-1-l\/#breadcrumb"},"inLanguage":"fi","potentialAction":[{"@type":"ReadAction","target":["https:\/\/flusso.hr\/product\/astralpool-tekuci-flokulant-1-l\/"]}]},{"@type":"BreadcrumbList","@id":"https:\/\/flusso.hr\/product\/astralpool-tekuci-flokulant-1-l\/#breadcrumb","itemListElement":[{"@type":"ListItem","position":1,"name":"Home","item":"https:\/\/flusso.hr\/"},{"@type":"ListItem","position":2,"name":"Shop","item":"https:\/\/flusso.hr\/shop\/"},{"@type":"ListItem","position":3,"name":"Astralpool teku\u0107i flokulant 1 l"}]},{"@type":"WebSite","@id":"https:\/\/flusso.hr\/#website","url":"https:\/\/flusso.hr\/","name":"Flusso | Bazeni i wellness oprema","description":"","publisher":{"@id":"https:\/\/flusso.hr\/#organization"},"potentialAction":[{"@type":"SearchAction","target":{"@type":"EntryPoint","urlTemplate":"https:\/\/flusso.hr\/?s={search_term_string}"},"query-input":"required name=search_term_string"}],"inLanguage":"fi"},{"@type":"Organization","@id":"https:\/\/flusso.hr\/#organization","name":"Flusso | Bazeni i wellness oprema","url":"https:\/\/flusso.hr\/","logo":{"@type":"ImageObject","inLanguage":"fi","@id":"https:\/\/flusso.hr\/#\/schema\/logo\/image\/","url":"https:\/\/flusso.hr\/wp-content\/uploads\/2023\/09\/Logo.png","contentUrl":"https:\/\/flusso.hr\/wp-content\/uploads\/2023\/09\/Logo.png","width":52,"height":56,"caption":"Flusso | Bazeni i wellness oprema"},"image":{"@id":"https:\/\/flusso.hr\/#\/schema\/logo\/image\/"}}]}},"_links":{"self":[{"href":"https:\/\/flusso.hr\/fi\/wp-json\/wp\/v2\/product\/4345","targetHints":{"allow":["GET"]}}],"collection":[{"href":"https:\/\/flusso.hr\/fi\/wp-json\/wp\/v2\/product"}],"about":[{"href":"https:\/\/flusso.hr\/fi\/wp-json\/wp\/v2\/types\/product"}],"replies":[{"embeddable":true,"href":"https:\/\/flusso.hr\/fi\/wp-json\/wp\/v2\/comments?post=4345"}],"wp:featuredmedia":[{"embeddable":true,"href":"https:\/\/flusso.hr\/fi\/wp-json\/wp\/v2\/media\/4346"}],"wp:attachment":[{"href":"https:\/\/flusso.hr\/fi\/wp-json\/wp\/v2\/media?parent=4345"}],"wp:term":[{"taxonomy":"product_cat","embeddable":true,"href":"https:\/\/flusso.hr\/fi\/wp-json\/wp\/v2\/product_cat?post=4345"},{"taxonomy":"product_tag","embeddable":true,"href":"https:\/\/flusso.hr\/fi\/wp-json\/wp\/v2\/product_tag?post=4345"}],"curies":[{"name":"wp","href":"https:\/\/api.w.org\/{rel}","templated":true}]}}