{"id":729,"date":"2023-12-02T18:22:22","date_gmt":"2023-12-02T17:22:22","guid":{"rendered":"https:\/\/flusso.hr\/?page_id=729"},"modified":"2024-04-01T21:25:04","modified_gmt":"2024-04-01T20:25:04","slug":"jacuzzi-hidromasazne-kade","status":"publish","type":"page","link":"https:\/\/flusso.hr\/fi\/poreallas-vesihieronta-altaat\/","title":{"rendered":"Poreallas, vesihieronta-altaat"},"content":{"rendered":"<div data-elementor-type=\"wp-page\" data-elementor-id=\"729\" class=\"elementor elementor-729\">\n\t\t\t\t\t\t\t<div class=\"elementor-element elementor-element-8aa45dd e-con-full e-flex e-con e-parent\" data-id=\"8aa45dd\" data-element_type=\"container\" data-settings=\"{&quot;background_background&quot;:&quot;classic&quot;,&quot;content_width&quot;:&quot;full&quot;,&quot;container_type&quot;:&quot;flex&quot;}\" data-e-bg-lazyload=\"\" data-core-v316-plus=\"true\">\n\t\t\t\t<div class=\"elementor-element elementor-element-378791b elementor-widget__width-inherit elementor-widget elementor-widget-heading\" data-id=\"378791b\" data-element_type=\"widget\" data-widget_type=\"heading.default\">\n\t\t\t\t<div class=\"elementor-widget-container\">\n\t\t\t<style>\/*! elementor - v3.18.0 - 20-12-2023 *\/\n.elementor-heading-title{padding:0;margin:0;line-height:1}.elementor-widget-heading .elementor-heading-title[class*=elementor-size-]>a{color:inherit;font-size:inherit;line-height:inherit}.elementor-widget-heading .elementor-heading-title.elementor-size-small{font-size:15px}.elementor-widget-heading .elementor-heading-title.elementor-size-medium{font-size:19px}.elementor-widget-heading .elementor-heading-title.elementor-size-large{font-size:29px}.elementor-widget-heading .elementor-heading-title.elementor-size-xl{font-size:39px}.elementor-widget-heading .elementor-heading-title.elementor-size-xxl{font-size:59px}<\/style><h1 class=\"elementor-heading-title elementor-size-default\">Poreallas, vesihieronta-altaat<\/h1>\t\t<\/div>\n\t\t\t\t<\/div>\n\t\t\t\t<\/div>\n\t\t<div class=\"elementor-element elementor-element-a837cd5 e-con-full e-flex e-con e-parent\" data-id=\"a837cd5\" data-element_type=\"container\" data-settings=\"{&quot;content_width&quot;:&quot;full&quot;,&quot;container_type&quot;:&quot;flex&quot;}\" data-core-v316-plus=\"true\">\n\t\t\t\t<div class=\"elementor-element elementor-element-9b9b234 elementor-widget elementor-widget-heading\" data-id=\"9b9b234\" data-element_type=\"widget\" data-widget_type=\"heading.default\">\n\t\t\t\t<div class=\"elementor-widget-container\">\n\t\t\t<h2 class=\"elementor-heading-title elementor-size-default\">Haluatko lis\u00e4t\u00e4 ripauksen luksusta ja rentoutumista kotiisi?<\/h2>\t\t<\/div>\n\t\t\t\t<\/div>\n\t\t\t\t<div class=\"elementor-element elementor-element-86d3eb3 elementor-widget elementor-widget-text-editor\" data-id=\"86d3eb3\" data-element_type=\"widget\" data-widget_type=\"text-editor.default\">\n\t\t\t\t<div class=\"elementor-widget-container\">\n\t\t\t<style>\/*! elementor - v3.18.0 - 20-12-2023 *\/\n.elementor-widget-text-editor.elementor-drop-cap-view-stacked .elementor-drop-cap{background-color:#69727d;color:#fff}.elementor-widget-text-editor.elementor-drop-cap-view-framed .elementor-drop-cap{color:#69727d;border:3px solid;background-color:transparent}.elementor-widget-text-editor:not(.elementor-drop-cap-view-default) .elementor-drop-cap{margin-top:8px}.elementor-widget-text-editor:not(.elementor-drop-cap-view-default) .elementor-drop-cap-letter{width:1em;height:1em}.elementor-widget-text-editor .elementor-drop-cap{float:left;text-align:center;line-height:1;font-size:50px}.elementor-widget-text-editor .elementor-drop-cap-letter{display:inline-block}<\/style>\t\t\t\t<p>Kylpytynnyremme ovat t\u00e4ydellinen ratkaisu! Etsitp\u00e4 sitten tapaa lievitt\u00e4\u00e4 kipeit\u00e4 lihaksia, v\u00e4hent\u00e4\u00e4 stressi\u00e4 tai vain nauttia rentouttavasta hyvinvointikokemuksesta, ammeemme tarjoavat ihanteellisen ymp\u00e4rist\u00f6n.<\/p><p>Valikoimamme sis\u00e4lt\u00e4\u00e4 laajan valikoiman kylpytynnyreit\u00e4, jotka on suunniteltu vastaamaan erilaisia tarpeita ja makuja. Meilt\u00e4 l\u00f6yd\u00e4t kaiken tarvitsemasi tyylikk\u00e4ist\u00e4 sis\u00e4malleista, jotka sopivat t\u00e4ydellisesti kylpyhuoneeseesi, kest\u00e4viin ulkoporealtaisiin, jotka tekev\u00e4t puutarhastasi tai terassistasi todellisen rentoutumisen keitaan.<\/p><p>Vesihieronta-altaiden lis\u00e4ksi tarjoamme my\u00f6s erilaisia lis\u00e4toimintoja, kuten aromaterapiaa ja valotehosteita, jotka nostavat rentoutumisesi korkeammalle tasolle. Lis\u00e4ksi porealtaissamme on erikoistoimintoja, kuten jalkahieronta, joka on ihanteellinen lis\u00e4rentouttavaan.<\/p><p>Olemme tietoisia laadun t\u00e4rkeydest\u00e4, mink\u00e4 vuoksi kylpyammeemme on valmistettu ensiluokkaisista materiaaleista, mik\u00e4 takaa sijoituksesi kest\u00e4vyyden ja kest\u00e4v\u00e4n arvon. Etsitp\u00e4 sitten intiimi\u00e4 hyvinvointiel\u00e4myst\u00e4 kahdelle tai haluat nauttia rentoutumisesta perheen ja yst\u00e4vien kanssa, kylpytynnyrimme tarjoavat unohtumattoman rentoutumiskokemuksen.<\/p><p>Jos haluat lis\u00e4tietoja tuotteistamme, hinnoistamme ja henkil\u00f6kohtaisista neuvoistamme, ota meihin yhteytt\u00e4 suoraan.<br \/><br \/>Ammattitaitoinen henkil\u00f6kuntamme auttaa mielell\u00e4\u00e4n sinua valitsemaan ihanteellisen kylpyammeen, joka t\u00e4ytt\u00e4\u00e4 kaikki toiveesi ja tarpeesi. Koe \u00e4\u00e4rimm\u00e4inen rentoutumiskokemus vesihierontaammeemme avulla ja tee kodistasi henkil\u00f6kohtainen wellness-keskus.<\/p>\t\t\t\t\t\t<\/div>\n\t\t\t\t<\/div>\n\t\t\t\t<div class=\"elementor-element elementor-element-a7f2b00 gallery-spacing-custom elementor-widget elementor-widget-image-gallery\" data-id=\"a7f2b00\" data-element_type=\"widget\" data-widget_type=\"image-gallery.default\">\n\t\t\t\t<div class=\"elementor-widget-container\">\n\t\t\t<style>\/*! elementor - v3.18.0 - 20-12-2023 *\/\n.elementor-image-gallery .gallery-item{display:inline-block;text-align:center;vertical-align:top;width:100%;max-width:100%;margin:0 auto}.elementor-image-gallery .gallery-item img{margin:0 auto}.elementor-image-gallery .gallery-item .gallery-caption{margin:0}.elementor-image-gallery figure img{display:block}.elementor-image-gallery figure figcaption{width:100%}.gallery-spacing-custom .elementor-image-gallery .gallery-icon{padding:0}@media (min-width:768px){.elementor-image-gallery .gallery-columns-2 .gallery-item{max-width:50%}.elementor-image-gallery .gallery-columns-3 .gallery-item{max-width:33.33%}.elementor-image-gallery .gallery-columns-4 .gallery-item{max-width:25%}.elementor-image-gallery .gallery-columns-5 .gallery-item{max-width:20%}.elementor-image-gallery .gallery-columns-6 .gallery-item{max-width:16.666%}.elementor-image-gallery .gallery-columns-7 .gallery-item{max-width:14.28%}.elementor-image-gallery .gallery-columns-8 .gallery-item{max-width:12.5%}.elementor-image-gallery .gallery-columns-9 .gallery-item{max-width:11.11%}.elementor-image-gallery .gallery-columns-10 .gallery-item{max-width:10%}}@media (min-width:480px) and (max-width:767px){.elementor-image-gallery .gallery.gallery-columns-2 .gallery-item,.elementor-image-gallery .gallery.gallery-columns-3 .gallery-item,.elementor-image-gallery .gallery.gallery-columns-4 .gallery-item,.elementor-image-gallery .gallery.gallery-columns-5 .gallery-item,.elementor-image-gallery .gallery.gallery-columns-6 .gallery-item,.elementor-image-gallery .gallery.gallery-columns-7 .gallery-item,.elementor-image-gallery .gallery.gallery-columns-8 .gallery-item,.elementor-image-gallery .gallery.gallery-columns-9 .gallery-item,.elementor-image-gallery .gallery.gallery-columns-10 .gallery-item{max-width:50%}}@media (max-width:479px){.elementor-image-gallery .gallery.gallery-columns-2 .gallery-item,.elementor-image-gallery .gallery.gallery-columns-3 .gallery-item,.elementor-image-gallery .gallery.gallery-columns-4 .gallery-item,.elementor-image-gallery .gallery.gallery-columns-5 .gallery-item,.elementor-image-gallery .gallery.gallery-columns-6 .gallery-item,.elementor-image-gallery .gallery.gallery-columns-7 .gallery-item,.elementor-image-gallery .gallery.gallery-columns-8 .gallery-item,.elementor-image-gallery .gallery.gallery-columns-9 .gallery-item,.elementor-image-gallery .gallery.gallery-columns-10 .gallery-item{max-width:100%}}<\/style>\t\t<div class=\"elementor-image-gallery\">\n\t\t\t<div id='gallery-1' class='gallery galleryid-729 gallery-columns-4 gallery-size-thumbnail'><figure class='gallery-item'>\n\t\t\t<div class='gallery-icon landscape'>\n\t\t\t\t<a data-elementor-open-lightbox=\"yes\" data-elementor-lightbox-slideshow=\"a7f2b00\" data-elementor-lightbox-title=\"evolution-70\" data-e-action-hash=\"#elementor-action%3Aaction%3Dlightbox%26settings%3DeyJpZCI6MzUwNSwidXJsIjoiaHR0cHM6XC9cL2ZsdXNzby5oclwvd3AtY29udGVudFwvdXBsb2Fkc1wvMjAyM1wvMTJcL2V2b2x1dGlvbi03MC1lMTcwMzM3Mjc5NDI5Ni5qcGciLCJzbGlkZXNob3ciOiJhN2YyYjAwIn0%3D\" href='https:\/\/flusso.hr\/wp-content\/uploads\/2023\/12\/evolution-70-e1703372794296.jpg'><img decoding=\"async\" width=\"150\" height=\"150\" src=\"https:\/\/flusso.hr\/wp-content\/uploads\/2023\/12\/evolution-70-e1703372794296.jpg\" class=\"attachment-thumbnail size-thumbnail\" alt=\"Vesihieronta-amme ja hyvinvointilaitteet moderneissa tiloissa\" \/><\/a>\n\t\t\t<\/div><\/figure><figure class='gallery-item'>\n\t\t\t<div class='gallery-icon landscape'>\n\t\t\t\t<a data-elementor-open-lightbox=\"yes\" data-elementor-lightbox-slideshow=\"a7f2b00\" data-elementor-lightbox-title=\"wellness-oprema-jacuzzi\" data-e-action-hash=\"#elementor-action%3Aaction%3Dlightbox%26settings%3DeyJpZCI6MzUwNCwidXJsIjoiaHR0cHM6XC9cL2ZsdXNzby5oclwvd3AtY29udGVudFwvdXBsb2Fkc1wvMjAyM1wvMTJcL3B1cmUtZTE3MDM2MjgxNDI4NDQuanBnIiwic2xpZGVzaG93IjoiYTdmMmIwMCJ9\" href='https:\/\/flusso.hr\/wp-content\/uploads\/2023\/12\/pure-e1703628142844.jpg'><img decoding=\"async\" width=\"150\" height=\"150\" src=\"https:\/\/flusso.hr\/wp-content\/uploads\/2023\/12\/pure-e1703628142844-150x150.jpg\" class=\"attachment-thumbnail size-thumbnail\" alt=\"Vesihieronta-amme modernissa sisustuksessa\" srcset=\"https:\/\/flusso.hr\/wp-content\/uploads\/2023\/12\/pure-e1703628142844-150x150.jpg 150w, https:\/\/flusso.hr\/wp-content\/uploads\/2023\/12\/pure-e1703628142844-300x300.jpg 300w, https:\/\/flusso.hr\/wp-content\/uploads\/2023\/12\/pure-e1703628142844-600x600.jpg 600w, https:\/\/flusso.hr\/wp-content\/uploads\/2023\/12\/pure-e1703628142844-100x100.jpg 100w, https:\/\/flusso.hr\/wp-content\/uploads\/2023\/12\/pure-e1703628142844.jpg 740w\" sizes=\"(max-width: 150px) 100vw, 150px\" \/><\/a>\n\t\t\t<\/div><\/figure><figure class='gallery-item'>\n\t\t\t<div class='gallery-icon landscape'>\n\t\t\t\t<a data-elementor-open-lightbox=\"yes\" data-elementor-lightbox-slideshow=\"a7f2b00\" data-elementor-lightbox-title=\"spa-balance-astralpool (1)\" data-e-action-hash=\"#elementor-action%3Aaction%3Dlightbox%26settings%3DeyJpZCI6MzA5NCwidXJsIjoiaHR0cHM6XC9cL2ZsdXNzby5oclwvd3AtY29udGVudFwvdXBsb2Fkc1wvMjAyM1wvMTJcL3NwYS1iYWxhbmNlLWFzdHJhbHBvb2wtMS1lMTcwMzIwNjQ3NzQ3Mi5qcGciLCJzbGlkZXNob3ciOiJhN2YyYjAwIn0%3D\" href='https:\/\/flusso.hr\/wp-content\/uploads\/2023\/12\/spa-balance-astralpool-1-e1703206477472.jpg'><img decoding=\"async\" width=\"150\" height=\"150\" src=\"https:\/\/flusso.hr\/wp-content\/uploads\/2023\/12\/spa-balance-astralpool-1-e1703206477472-150x150.jpg\" class=\"attachment-thumbnail size-thumbnail\" alt=\"Puukuvioinen vesihieronta-allas pihalla\" srcset=\"https:\/\/flusso.hr\/wp-content\/uploads\/2023\/12\/spa-balance-astralpool-1-e1703206477472-150x150.jpg 150w, https:\/\/flusso.hr\/wp-content\/uploads\/2023\/12\/spa-balance-astralpool-1-e1703206477472-300x300.jpg 300w, https:\/\/flusso.hr\/wp-content\/uploads\/2023\/12\/spa-balance-astralpool-1-e1703206477472-100x100.jpg 100w\" sizes=\"(max-width: 150px) 100vw, 150px\" \/><\/a>\n\t\t\t<\/div><\/figure><figure class='gallery-item'>\n\t\t\t<div class='gallery-icon landscape'>\n\t\t\t\t<a data-elementor-open-lightbox=\"yes\" data-elementor-lightbox-slideshow=\"a7f2b00\" data-elementor-lightbox-title=\"Wellness oprema u drvenoj prostoriji\" data-e-action-hash=\"#elementor-action%3Aaction%3Dlightbox%26settings%3DeyJpZCI6MzUwMiwidXJsIjoiaHR0cHM6XC9cL2ZsdXNzby5oclwvd3AtY29udGVudFwvdXBsb2Fkc1wvMjAyM1wvMTJcL0NvcHktb2YtU3dpbVNwYV9MYWdvb25fQXN0cmFsUG9vbF9Jbmdyb3VuZC1zY2FsZWQuanBnIiwic2xpZGVzaG93IjoiYTdmMmIwMCJ9\" href='https:\/\/flusso.hr\/wp-content\/uploads\/2023\/12\/Copy-of-SwimSpa_Lagoon_AstralPool_Inground-scaled.jpg'><img loading=\"lazy\" decoding=\"async\" width=\"150\" height=\"150\" src=\"https:\/\/flusso.hr\/wp-content\/uploads\/2023\/12\/Copy-of-SwimSpa_Lagoon_AstralPool_Inground-scaled.jpg\" class=\"attachment-thumbnail size-thumbnail\" alt=\"Vesihieronta-amme ja hyvinvointilaitteet puuhuoneessa\" \/><\/a>\n\t\t\t<\/div><\/figure>\n\t\t<\/div>\n\t\t<\/div>\n\t\t\t\t<\/div>\n\t\t\t\t<\/div>\n\t\t\t\t<\/div>\n\t\t<div class=\"elementor-element elementor-element-16722be e-con-full e-flex e-con e-parent\" data-id=\"16722be\" data-element_type=\"container\" data-settings=\"{&quot;content_width&quot;:&quot;full&quot;,&quot;container_type&quot;:&quot;flex&quot;}\" data-core-v316-plus=\"true\">\n\t\t<div class=\"elementor-element elementor-element-dd75b6e e-con-full e-flex e-con e-child\" data-id=\"dd75b6e\" data-element_type=\"container\" data-settings=\"{&quot;content_width&quot;:&quot;full&quot;,&quot;background_background&quot;:&quot;classic&quot;,&quot;container_type&quot;:&quot;flex&quot;}\" data-e-bg-lazyload=\"\">\n\t\t\t\t<\/div>\n\t\t\t\t<\/div>\n\t\t\t\t\t\t\t<\/div>","protected":false},"excerpt":{"rendered":"<p>Poreallas, vesihieronta-altaat Haluatko lis\u00e4t\u00e4 ripaus luksusta ja rentoutumista kotiisi? Kylpytynnyremme ovat t\u00e4ydellinen ratkaisu! Etsitp\u00e4 sitten tapaa lievitt\u00e4\u00e4 kipeit\u00e4 lihaksia, v\u00e4hent\u00e4\u00e4 stressi\u00e4 tai vain nauttia rentouttavasta hyvinvointikokemuksesta, ammeemme tarjoavat ihanteellisen ymp\u00e4rist\u00f6n. Valikoimamme sis\u00e4lt\u00e4\u00e4 laajan valikoiman vesihieronta-ammeita, jotka on suunniteltu vastaamaan erilaisiin tarpeisiin [...]<\/p>","protected":false},"author":4,"featured_media":0,"parent":0,"menu_order":0,"comment_status":"closed","ping_status":"closed","template":"elementor_header_footer","meta":{"footnotes":""},"class_list":["post-729","page","type-page","status-publish","hentry"],"yoast_head":"<!-- This site is optimized with the Yoast SEO plugin v21.8 - https:\/\/yoast.com\/wordpress\/plugins\/seo\/ -->\n<title>Jacuzzi, hidromasa\u017ene kade - Flusso<\/title>\n<meta name=\"description\" content=\"Hidromasa\u017ene kade: Otkrijte na\u0161u ekskluzivnu selekciju proizvoda koji \u0107e va\u0161 prostor pretvoriti u pravu oazu relaksacije i mira.\" \/>\n<meta name=\"robots\" content=\"index, follow, max-snippet:-1, max-image-preview:large, max-video-preview:-1\" \/>\n<link rel=\"canonical\" href=\"https:\/\/flusso.hr\/fi\/poreallas-vesihieronta-altaat\/\" \/>\n<meta property=\"og:locale\" content=\"fi_FI\" \/>\n<meta property=\"og:type\" content=\"article\" \/>\n<meta property=\"og:title\" content=\"Jacuzzi, hidromasa\u017ene kade - Flusso\" \/>\n<meta property=\"og:description\" content=\"Hidromasa\u017ene kade: Otkrijte na\u0161u ekskluzivnu selekciju proizvoda koji \u0107e va\u0161 prostor pretvoriti u pravu oazu relaksacije i mira.\" \/>\n<meta property=\"og:url\" content=\"https:\/\/flusso.hr\/fi\/poreallas-vesihieronta-altaat\/\" \/>\n<meta property=\"og:site_name\" content=\"Flusso\" \/>\n<meta property=\"article:modified_time\" content=\"2024-04-01T20:25:04+00:00\" \/>\n<meta property=\"og:image\" content=\"https:\/\/flusso.hr\/wp-content\/uploads\/2023\/12\/evolution-70-e1703372794296.jpg\" \/>\n<meta name=\"twitter:card\" content=\"summary_large_image\" \/>\n<meta name=\"twitter:label1\" content=\"Arvioitu lukuaika\" \/>\n\t<meta name=\"twitter:data1\" content=\"2 minuuttia\" \/>\n<script type=\"application\/ld+json\" class=\"yoast-schema-graph\">{\"@context\":\"https:\/\/schema.org\",\"@graph\":[{\"@type\":\"WebPage\",\"@id\":\"https:\/\/flusso.hr\/jacuzzi-hidromasazne-kade\/\",\"url\":\"https:\/\/flusso.hr\/jacuzzi-hidromasazne-kade\/\",\"name\":\"Jacuzzi, hidromasa\u017ene kade - Flusso\",\"isPartOf\":{\"@id\":\"https:\/\/flusso.hr\/#website\"},\"datePublished\":\"2023-12-02T17:22:22+00:00\",\"dateModified\":\"2024-04-01T20:25:04+00:00\",\"description\":\"Hidromasa\u017ene kade: Otkrijte na\u0161u ekskluzivnu selekciju proizvoda koji \u0107e va\u0161 prostor pretvoriti u pravu oazu relaksacije i mira.\",\"breadcrumb\":{\"@id\":\"https:\/\/flusso.hr\/jacuzzi-hidromasazne-kade\/#breadcrumb\"},\"inLanguage\":\"fi\",\"potentialAction\":[{\"@type\":\"ReadAction\",\"target\":[\"https:\/\/flusso.hr\/jacuzzi-hidromasazne-kade\/\"]}]},{\"@type\":\"BreadcrumbList\",\"@id\":\"https:\/\/flusso.hr\/jacuzzi-hidromasazne-kade\/#breadcrumb\",\"itemListElement\":[{\"@type\":\"ListItem\",\"position\":1,\"name\":\"Home\",\"item\":\"https:\/\/flusso.hr\/\"},{\"@type\":\"ListItem\",\"position\":2,\"name\":\"Jacuzzi, hidromasa\u017ene kade\"}]},{\"@type\":\"WebSite\",\"@id\":\"https:\/\/flusso.hr\/#website\",\"url\":\"https:\/\/flusso.hr\/\",\"name\":\"Flusso | Bazeni i wellness oprema\",\"description\":\"\",\"publisher\":{\"@id\":\"https:\/\/flusso.hr\/#organization\"},\"potentialAction\":[{\"@type\":\"SearchAction\",\"target\":{\"@type\":\"EntryPoint\",\"urlTemplate\":\"https:\/\/flusso.hr\/?s={search_term_string}\"},\"query-input\":\"required name=search_term_string\"}],\"inLanguage\":\"fi\"},{\"@type\":\"Organization\",\"@id\":\"https:\/\/flusso.hr\/#organization\",\"name\":\"Flusso | Bazeni i wellness oprema\",\"url\":\"https:\/\/flusso.hr\/\",\"logo\":{\"@type\":\"ImageObject\",\"inLanguage\":\"fi\",\"@id\":\"https:\/\/flusso.hr\/#\/schema\/logo\/image\/\",\"url\":\"https:\/\/flusso.hr\/wp-content\/uploads\/2023\/09\/Logo.png\",\"contentUrl\":\"https:\/\/flusso.hr\/wp-content\/uploads\/2023\/09\/Logo.png\",\"width\":52,\"height\":56,\"caption\":\"Flusso | Bazeni i wellness oprema\"},\"image\":{\"@id\":\"https:\/\/flusso.hr\/#\/schema\/logo\/image\/\"}}]}<\/script>\n<!-- \/ Yoast SEO plugin. -->","yoast_head_json":{"title":"Jacuzzi, hidromasa\u017ene kade - Flusso","description":"Hidromasa\u017ene kade: Otkrijte na\u0161u ekskluzivnu selekciju proizvoda koji \u0107e va\u0161 prostor pretvoriti u pravu oazu relaksacije i mira.","robots":{"index":"index","follow":"follow","max-snippet":"max-snippet:-1","max-image-preview":"max-image-preview:large","max-video-preview":"max-video-preview:-1"},"canonical":"https:\/\/flusso.hr\/fi\/poreallas-vesihieronta-altaat\/","og_locale":"fi_FI","og_type":"article","og_title":"Jacuzzi, hidromasa\u017ene kade - Flusso","og_description":"Hidromasa\u017ene kade: Otkrijte na\u0161u ekskluzivnu selekciju proizvoda koji \u0107e va\u0161 prostor pretvoriti u pravu oazu relaksacije i mira.","og_url":"https:\/\/flusso.hr\/fi\/poreallas-vesihieronta-altaat\/","og_site_name":"Flusso","article_modified_time":"2024-04-01T20:25:04+00:00","og_image":[{"url":"https:\/\/flusso.hr\/wp-content\/uploads\/2023\/12\/evolution-70-e1703372794296.jpg"}],"twitter_card":"summary_large_image","twitter_misc":{"Arvioitu lukuaika":"2 minuuttia"},"schema":{"@context":"https:\/\/schema.org","@graph":[{"@type":"WebPage","@id":"https:\/\/flusso.hr\/jacuzzi-hidromasazne-kade\/","url":"https:\/\/flusso.hr\/jacuzzi-hidromasazne-kade\/","name":"Jacuzzi, hidromasa\u017ene kade - Flusso","isPartOf":{"@id":"https:\/\/flusso.hr\/#website"},"datePublished":"2023-12-02T17:22:22+00:00","dateModified":"2024-04-01T20:25:04+00:00","description":"Hidromasa\u017ene kade: Otkrijte na\u0161u ekskluzivnu selekciju proizvoda koji \u0107e va\u0161 prostor pretvoriti u pravu oazu relaksacije i mira.","breadcrumb":{"@id":"https:\/\/flusso.hr\/jacuzzi-hidromasazne-kade\/#breadcrumb"},"inLanguage":"fi","potentialAction":[{"@type":"ReadAction","target":["https:\/\/flusso.hr\/jacuzzi-hidromasazne-kade\/"]}]},{"@type":"BreadcrumbList","@id":"https:\/\/flusso.hr\/jacuzzi-hidromasazne-kade\/#breadcrumb","itemListElement":[{"@type":"ListItem","position":1,"name":"Home","item":"https:\/\/flusso.hr\/"},{"@type":"ListItem","position":2,"name":"Jacuzzi, hidromasa\u017ene kade"}]},{"@type":"WebSite","@id":"https:\/\/flusso.hr\/#website","url":"https:\/\/flusso.hr\/","name":"Flusso | Bazeni i wellness oprema","description":"","publisher":{"@id":"https:\/\/flusso.hr\/#organization"},"potentialAction":[{"@type":"SearchAction","target":{"@type":"EntryPoint","urlTemplate":"https:\/\/flusso.hr\/?s={search_term_string}"},"query-input":"required name=search_term_string"}],"inLanguage":"fi"},{"@type":"Organization","@id":"https:\/\/flusso.hr\/#organization","name":"Flusso | Bazeni i wellness oprema","url":"https:\/\/flusso.hr\/","logo":{"@type":"ImageObject","inLanguage":"fi","@id":"https:\/\/flusso.hr\/#\/schema\/logo\/image\/","url":"https:\/\/flusso.hr\/wp-content\/uploads\/2023\/09\/Logo.png","contentUrl":"https:\/\/flusso.hr\/wp-content\/uploads\/2023\/09\/Logo.png","width":52,"height":56,"caption":"Flusso | Bazeni i wellness oprema"},"image":{"@id":"https:\/\/flusso.hr\/#\/schema\/logo\/image\/"}}]}},"_links":{"self":[{"href":"https:\/\/flusso.hr\/fi\/wp-json\/wp\/v2\/pages\/729","targetHints":{"allow":["GET"]}}],"collection":[{"href":"https:\/\/flusso.hr\/fi\/wp-json\/wp\/v2\/pages"}],"about":[{"href":"https:\/\/flusso.hr\/fi\/wp-json\/wp\/v2\/types\/page"}],"author":[{"embeddable":true,"href":"https:\/\/flusso.hr\/fi\/wp-json\/wp\/v2\/users\/4"}],"replies":[{"embeddable":true,"href":"https:\/\/flusso.hr\/fi\/wp-json\/wp\/v2\/comments?post=729"}],"version-history":[{"count":119,"href":"https:\/\/flusso.hr\/fi\/wp-json\/wp\/v2\/pages\/729\/revisions"}],"predecessor-version":[{"id":4079,"href":"https:\/\/flusso.hr\/fi\/wp-json\/wp\/v2\/pages\/729\/revisions\/4079"}],"wp:attachment":[{"href":"https:\/\/flusso.hr\/fi\/wp-json\/wp\/v2\/media?parent=729"}],"curies":[{"name":"wp","href":"https:\/\/api.w.org\/{rel}","templated":true}]}}