{"id":727,"date":"2023-12-02T18:19:24","date_gmt":"2023-12-02T17:19:24","guid":{"rendered":"https:\/\/flusso.hr\/?page_id=727"},"modified":"2024-04-01T20:53:56","modified_gmt":"2024-04-01T19:53:56","slug":"izgradnja-i-odrzavanje-bazena","status":"publish","type":"page","link":"https:\/\/flusso.hr\/fi\/uima-altaan-rakentaminen-ja-huolto\/","title":{"rendered":"Uima-altaiden rakentaminen ja huolto"},"content":{"rendered":"<div data-elementor-type=\"wp-page\" data-elementor-id=\"727\" class=\"elementor elementor-727\">\n\t\t\t\t\t\t\t<div class=\"elementor-element elementor-element-65ad8ae e-con-full e-flex e-con e-parent\" data-id=\"65ad8ae\" data-element_type=\"container\" data-settings=\"{&quot;content_width&quot;:&quot;full&quot;,&quot;background_background&quot;:&quot;classic&quot;,&quot;container_type&quot;:&quot;flex&quot;}\" data-e-bg-lazyload=\"\" data-core-v316-plus=\"true\">\n\t\t\t\t<div class=\"elementor-element elementor-element-6c2349e elementor-widget elementor-widget-heading\" data-id=\"6c2349e\" data-element_type=\"widget\" data-widget_type=\"heading.default\">\n\t\t\t\t<div class=\"elementor-widget-container\">\n\t\t\t<style>\/*! elementor - v3.18.0 - 20-12-2023 *\/\n.elementor-heading-title{padding:0;margin:0;line-height:1}.elementor-widget-heading .elementor-heading-title[class*=elementor-size-]>a{color:inherit;font-size:inherit;line-height:inherit}.elementor-widget-heading .elementor-heading-title.elementor-size-small{font-size:15px}.elementor-widget-heading .elementor-heading-title.elementor-size-medium{font-size:19px}.elementor-widget-heading .elementor-heading-title.elementor-size-large{font-size:29px}.elementor-widget-heading .elementor-heading-title.elementor-size-xl{font-size:39px}.elementor-widget-heading .elementor-heading-title.elementor-size-xxl{font-size:59px}<\/style><h1 class=\"elementor-heading-title elementor-size-default\">Uima-altaiden rakentaminen ja huolto<\/h1>\t\t<\/div>\n\t\t\t\t<\/div>\n\t\t\t\t<\/div>\n\t\t<div class=\"elementor-element elementor-element-9526ba2 e-con-full e-flex e-con e-parent\" data-id=\"9526ba2\" data-element_type=\"container\" data-settings=\"{&quot;content_width&quot;:&quot;full&quot;,&quot;container_type&quot;:&quot;flex&quot;}\" data-core-v316-plus=\"true\">\n\t\t\t\t<div class=\"elementor-element elementor-element-c1f63b2 elementor-widget elementor-widget-heading\" data-id=\"c1f63b2\" data-element_type=\"widget\" data-widget_type=\"heading.default\">\n\t\t\t\t<div class=\"elementor-widget-container\">\n\t\t\t<h2 class=\"elementor-heading-title elementor-size-default\">Tutkitko mahdollisuuksia uima-altaan rakentamiseen?<\/h2>\t\t<\/div>\n\t\t\t\t<\/div>\n\t\t\t\t<div class=\"elementor-element elementor-element-c11d1e6 elementor-widget elementor-widget-text-editor\" data-id=\"c11d1e6\" data-element_type=\"widget\" data-widget_type=\"text-editor.default\">\n\t\t\t\t<div class=\"elementor-widget-container\">\n\t\t\t<style>\/*! elementor - v3.18.0 - 20-12-2023 *\/\n.elementor-widget-text-editor.elementor-drop-cap-view-stacked .elementor-drop-cap{background-color:#69727d;color:#fff}.elementor-widget-text-editor.elementor-drop-cap-view-framed .elementor-drop-cap{color:#69727d;border:3px solid;background-color:transparent}.elementor-widget-text-editor:not(.elementor-drop-cap-view-default) .elementor-drop-cap{margin-top:8px}.elementor-widget-text-editor:not(.elementor-drop-cap-view-default) .elementor-drop-cap-letter{width:1em;height:1em}.elementor-widget-text-editor .elementor-drop-cap{float:left;text-align:center;line-height:1;font-size:50px}.elementor-widget-text-editor .elementor-drop-cap-letter{display:inline-block}<\/style>\t\t\t\t<p>Flusso tarjoaa laadukkaita ratkaisuja, jotka on mukautettu tilaan ja estetiikkaan. Etsitp\u00e4 sitten klassista uima-allasta, infinity-allasta tai jotain t\u00e4ysin ainutlaatuista, asiantuntijatiimimme on omistautunut luomaan yksil\u00f6llisen uima-altaan jokaiseen tarpeisiisi.<\/p><p>Uima-altaan rakentaminen kanssamme on helppoa ja huoletonta. Se alkaa ihanteellisen sijainnin ja uima-altaan tyypin valitsemisesta, lupaprosessin l\u00e4pi navigoimisesta sek\u00e4 materiaalien ja tarvikkeiden valinnasta. Asiantuntijamme antavat sinulle henkil\u00f6kohtaisen arvion, jossa otetaan huomioon mieltymyksiisi ja budjettiisi parhaiten sopiva koko, muoto, materiaalit ja tarvikkeet.<\/p><p>Valikoimamme sis\u00e4lt\u00e4\u00e4 my\u00f6s kattavat huoltopalvelut veden suodatus- ja kiertoj\u00e4rjestelmist\u00e4 kemikaalien huoltoon ja automaattisiin kemikaaliannostelijoihin, jotta uima-allas pysyy puhtaana, turvallisena ja valmiina nautittavaksi.<\/p><p>Sijoituksesi suojaaminen on avainasemassa, mink\u00e4 vuoksi tarjoamme my\u00f6s altaiden talvehtimispalveluita, jotka varmistavat, ett\u00e4 uima-allas on suojattu kylmin\u00e4 kuukausina ja valmiina seuraavaan kauteen.<\/p><p>Ota meihin yhteytt\u00e4 saadaksesi hinta-arvio t\u00e4ydellisest\u00e4 uima-altaasi ja katso, kuinka Flusso voi muuttaa uima-allasunelmasi todeksi.<\/p>\t\t\t\t\t\t<\/div>\n\t\t\t\t<\/div>\n\t\t\t\t<\/div>\n\t\t<div class=\"elementor-element elementor-element-3840906 e-flex e-con-boxed e-con e-parent\" data-id=\"3840906\" data-element_type=\"container\" data-settings=\"{&quot;background_background&quot;:&quot;slideshow&quot;,&quot;background_slideshow_gallery&quot;:[{&quot;id&quot;:3090,&quot;url&quot;:&quot;https:\\\/\\\/flusso.hr\\\/wp-content\\\/uploads\\\/2023\\\/12\\\/BY3A3396-scaled.jpg&quot;},{&quot;id&quot;:3088,&quot;url&quot;:&quot;https:\\\/\\\/flusso.hr\\\/wp-content\\\/uploads\\\/2023\\\/12\\\/BY3A3382-scaled.jpg&quot;}],&quot;container_type&quot;:&quot;flex&quot;,&quot;content_width&quot;:&quot;boxed&quot;,&quot;background_slideshow_loop&quot;:&quot;yes&quot;,&quot;background_slideshow_slide_duration&quot;:5000,&quot;background_slideshow_slide_transition&quot;:&quot;fade&quot;,&quot;background_slideshow_transition_duration&quot;:500}\" data-core-v316-plus=\"true\">\n\t\t\t\t\t<div class=\"e-con-inner\">\n\t\t\t\t\t<\/div>\n\t\t\t\t<\/div>\n\t\t\t\t\t\t\t<\/div>","protected":false},"excerpt":{"rendered":"<p>Uima-altaan rakentaminen ja kunnossapito Harkitsetko uima-altaan rakentamisen mahdollisuuksia? Flusso tarjoaa laadukkaita ratkaisuja, jotka on mukautettu tilaan ja estetiikkaan. Etsitp\u00e4 sitten klassista uima-allasta, infinity-allasta tai jotain t\u00e4ysin ainutlaatuista, asiantuntijatiimimme on omistautunut luomaan yksil\u00f6llisen uima-altaan jokaiseen tarpeisiisi. Uima-altaan rakentaminen kanssamme on helppoa ja huoletonta. Se alkaa ihanteellisen [...]<\/p>","protected":false},"author":4,"featured_media":0,"parent":0,"menu_order":0,"comment_status":"closed","ping_status":"closed","template":"elementor_header_footer","meta":{"footnotes":""},"class_list":["post-727","page","type-page","status-publish","hentry"],"yoast_head":"<!-- This site is optimized with the Yoast SEO plugin v21.8 - https:\/\/yoast.com\/wordpress\/plugins\/seo\/ -->\n<title>Izgradnja i odr\u017eavanje bazena - Flusso<\/title>\n<meta name=\"description\" content=\"Izgradnja i odr\u017eavanje bazena: Otkrijte na\u0161u ekskluzivnu selekciju proizvoda koji \u0107e va\u0161 prostor pretvoriti u pravu oazu relaksacije i mira.\" \/>\n<meta name=\"robots\" content=\"index, follow, max-snippet:-1, max-image-preview:large, max-video-preview:-1\" \/>\n<link rel=\"canonical\" href=\"https:\/\/flusso.hr\/fi\/uima-altaan-rakentaminen-ja-huolto\/\" \/>\n<meta property=\"og:locale\" content=\"fi_FI\" \/>\n<meta property=\"og:type\" content=\"article\" \/>\n<meta property=\"og:title\" content=\"Izgradnja i odr\u017eavanje bazena - Flusso\" \/>\n<meta property=\"og:description\" content=\"Izgradnja i odr\u017eavanje bazena: Otkrijte na\u0161u ekskluzivnu selekciju proizvoda koji \u0107e va\u0161 prostor pretvoriti u pravu oazu relaksacije i mira.\" \/>\n<meta property=\"og:url\" content=\"https:\/\/flusso.hr\/fi\/uima-altaan-rakentaminen-ja-huolto\/\" \/>\n<meta property=\"og:site_name\" content=\"Flusso\" \/>\n<meta property=\"article:modified_time\" content=\"2024-04-01T19:53:56+00:00\" \/>\n<meta name=\"twitter:card\" content=\"summary_large_image\" \/>\n<meta name=\"twitter:label1\" content=\"Arvioitu lukuaika\" \/>\n\t<meta name=\"twitter:data1\" content=\"1 minuutti\" \/>\n<script type=\"application\/ld+json\" class=\"yoast-schema-graph\">{\"@context\":\"https:\/\/schema.org\",\"@graph\":[{\"@type\":\"WebPage\",\"@id\":\"https:\/\/flusso.hr\/izgradnja-i-odrzavanje-bazena\/\",\"url\":\"https:\/\/flusso.hr\/izgradnja-i-odrzavanje-bazena\/\",\"name\":\"Izgradnja i odr\u017eavanje bazena - Flusso\",\"isPartOf\":{\"@id\":\"https:\/\/flusso.hr\/#website\"},\"datePublished\":\"2023-12-02T17:19:24+00:00\",\"dateModified\":\"2024-04-01T19:53:56+00:00\",\"description\":\"Izgradnja i odr\u017eavanje bazena: Otkrijte na\u0161u ekskluzivnu selekciju proizvoda koji \u0107e va\u0161 prostor pretvoriti u pravu oazu relaksacije i mira.\",\"breadcrumb\":{\"@id\":\"https:\/\/flusso.hr\/izgradnja-i-odrzavanje-bazena\/#breadcrumb\"},\"inLanguage\":\"fi\",\"potentialAction\":[{\"@type\":\"ReadAction\",\"target\":[\"https:\/\/flusso.hr\/izgradnja-i-odrzavanje-bazena\/\"]}]},{\"@type\":\"BreadcrumbList\",\"@id\":\"https:\/\/flusso.hr\/izgradnja-i-odrzavanje-bazena\/#breadcrumb\",\"itemListElement\":[{\"@type\":\"ListItem\",\"position\":1,\"name\":\"Home\",\"item\":\"https:\/\/flusso.hr\/\"},{\"@type\":\"ListItem\",\"position\":2,\"name\":\"Izgradnja i odr\u017eavanje bazena\"}]},{\"@type\":\"WebSite\",\"@id\":\"https:\/\/flusso.hr\/#website\",\"url\":\"https:\/\/flusso.hr\/\",\"name\":\"Flusso | Bazeni i wellness oprema\",\"description\":\"\",\"publisher\":{\"@id\":\"https:\/\/flusso.hr\/#organization\"},\"potentialAction\":[{\"@type\":\"SearchAction\",\"target\":{\"@type\":\"EntryPoint\",\"urlTemplate\":\"https:\/\/flusso.hr\/?s={search_term_string}\"},\"query-input\":\"required name=search_term_string\"}],\"inLanguage\":\"fi\"},{\"@type\":\"Organization\",\"@id\":\"https:\/\/flusso.hr\/#organization\",\"name\":\"Flusso | Bazeni i wellness oprema\",\"url\":\"https:\/\/flusso.hr\/\",\"logo\":{\"@type\":\"ImageObject\",\"inLanguage\":\"fi\",\"@id\":\"https:\/\/flusso.hr\/#\/schema\/logo\/image\/\",\"url\":\"https:\/\/flusso.hr\/wp-content\/uploads\/2023\/09\/Logo.png\",\"contentUrl\":\"https:\/\/flusso.hr\/wp-content\/uploads\/2023\/09\/Logo.png\",\"width\":52,\"height\":56,\"caption\":\"Flusso | Bazeni i wellness oprema\"},\"image\":{\"@id\":\"https:\/\/flusso.hr\/#\/schema\/logo\/image\/\"}}]}<\/script>\n<!-- \/ Yoast SEO plugin. -->","yoast_head_json":{"title":"Izgradnja i odr\u017eavanje bazena - Flusso","description":"Izgradnja i odr\u017eavanje bazena: Otkrijte na\u0161u ekskluzivnu selekciju proizvoda koji \u0107e va\u0161 prostor pretvoriti u pravu oazu relaksacije i mira.","robots":{"index":"index","follow":"follow","max-snippet":"max-snippet:-1","max-image-preview":"max-image-preview:large","max-video-preview":"max-video-preview:-1"},"canonical":"https:\/\/flusso.hr\/fi\/uima-altaan-rakentaminen-ja-huolto\/","og_locale":"fi_FI","og_type":"article","og_title":"Izgradnja i odr\u017eavanje bazena - Flusso","og_description":"Izgradnja i odr\u017eavanje bazena: Otkrijte na\u0161u ekskluzivnu selekciju proizvoda koji \u0107e va\u0161 prostor pretvoriti u pravu oazu relaksacije i mira.","og_url":"https:\/\/flusso.hr\/fi\/uima-altaan-rakentaminen-ja-huolto\/","og_site_name":"Flusso","article_modified_time":"2024-04-01T19:53:56+00:00","twitter_card":"summary_large_image","twitter_misc":{"Arvioitu lukuaika":"1 minuutti"},"schema":{"@context":"https:\/\/schema.org","@graph":[{"@type":"WebPage","@id":"https:\/\/flusso.hr\/izgradnja-i-odrzavanje-bazena\/","url":"https:\/\/flusso.hr\/izgradnja-i-odrzavanje-bazena\/","name":"Izgradnja i odr\u017eavanje bazena - Flusso","isPartOf":{"@id":"https:\/\/flusso.hr\/#website"},"datePublished":"2023-12-02T17:19:24+00:00","dateModified":"2024-04-01T19:53:56+00:00","description":"Izgradnja i odr\u017eavanje bazena: Otkrijte na\u0161u ekskluzivnu selekciju proizvoda koji \u0107e va\u0161 prostor pretvoriti u pravu oazu relaksacije i mira.","breadcrumb":{"@id":"https:\/\/flusso.hr\/izgradnja-i-odrzavanje-bazena\/#breadcrumb"},"inLanguage":"fi","potentialAction":[{"@type":"ReadAction","target":["https:\/\/flusso.hr\/izgradnja-i-odrzavanje-bazena\/"]}]},{"@type":"BreadcrumbList","@id":"https:\/\/flusso.hr\/izgradnja-i-odrzavanje-bazena\/#breadcrumb","itemListElement":[{"@type":"ListItem","position":1,"name":"Home","item":"https:\/\/flusso.hr\/"},{"@type":"ListItem","position":2,"name":"Izgradnja i odr\u017eavanje bazena"}]},{"@type":"WebSite","@id":"https:\/\/flusso.hr\/#website","url":"https:\/\/flusso.hr\/","name":"Flusso | Bazeni i wellness oprema","description":"","publisher":{"@id":"https:\/\/flusso.hr\/#organization"},"potentialAction":[{"@type":"SearchAction","target":{"@type":"EntryPoint","urlTemplate":"https:\/\/flusso.hr\/?s={search_term_string}"},"query-input":"required name=search_term_string"}],"inLanguage":"fi"},{"@type":"Organization","@id":"https:\/\/flusso.hr\/#organization","name":"Flusso | Bazeni i wellness oprema","url":"https:\/\/flusso.hr\/","logo":{"@type":"ImageObject","inLanguage":"fi","@id":"https:\/\/flusso.hr\/#\/schema\/logo\/image\/","url":"https:\/\/flusso.hr\/wp-content\/uploads\/2023\/09\/Logo.png","contentUrl":"https:\/\/flusso.hr\/wp-content\/uploads\/2023\/09\/Logo.png","width":52,"height":56,"caption":"Flusso | Bazeni i wellness oprema"},"image":{"@id":"https:\/\/flusso.hr\/#\/schema\/logo\/image\/"}}]}},"_links":{"self":[{"href":"https:\/\/flusso.hr\/fi\/wp-json\/wp\/v2\/pages\/727","targetHints":{"allow":["GET"]}}],"collection":[{"href":"https:\/\/flusso.hr\/fi\/wp-json\/wp\/v2\/pages"}],"about":[{"href":"https:\/\/flusso.hr\/fi\/wp-json\/wp\/v2\/types\/page"}],"author":[{"embeddable":true,"href":"https:\/\/flusso.hr\/fi\/wp-json\/wp\/v2\/users\/4"}],"replies":[{"embeddable":true,"href":"https:\/\/flusso.hr\/fi\/wp-json\/wp\/v2\/comments?post=727"}],"version-history":[{"count":145,"href":"https:\/\/flusso.hr\/fi\/wp-json\/wp\/v2\/pages\/727\/revisions"}],"predecessor-version":[{"id":4070,"href":"https:\/\/flusso.hr\/fi\/wp-json\/wp\/v2\/pages\/727\/revisions\/4070"}],"wp:attachment":[{"href":"https:\/\/flusso.hr\/fi\/wp-json\/wp\/v2\/media?parent=727"}],"curies":[{"name":"wp","href":"https:\/\/api.w.org\/{rel}","templated":true}]}}