{"id":5419,"date":"2026-02-09T15:37:03","date_gmt":"2026-02-09T14:37:03","guid":{"rendered":"https:\/\/flusso.hr\/?post_type=product&#038;p=5419"},"modified":"2026-02-10T09:11:27","modified_gmt":"2026-02-10T08:11:27","slug":"vendom-hidromasazni-bazen-nisia-585-x-220-x-130-cm","status":"publish","type":"product","link":"https:\/\/flusso.hr\/es\/product\/vendom-hidromasazni-bazen-nisia-585-x-220-x-130-cm\/","title":{"rendered":"Vendom hidromasa\u017eni bazen Nisia 585 x 220 x 130 cm"},"content":{"rendered":"","protected":false},"excerpt":{"rendered":"<p data-start=\"88\" data-end=\"333\">Bilo u zatvorenom ili na otvorenom prostoru, na\u0161i bazeni nude cjelogodi\u0161nje u\u017eivanje, kombiniraju\u0107i rekreaciju, opu\u0161tanje i zabavu. Prikladni su za aquagym, relaksaciju i vodene igre te zadovoljavaju potrebe privatnih i profesionalnih korisnika.<\/p>\n<p data-start=\"335\" data-end=\"590\">Zahvaljuju\u0107i 16A <em data-start=\"352\" data-end=\"367\">plug-and-play<\/em> sustavu, instalacija je brza i jednostavna. Sna\u017ena pumpa od 3 HP, integrirani grija\u010d, LED ambijentalna rasvjeta i u\u010dinkovita filtracija osiguravaju maksimalnu udobnost, \u010distu vodu i ugodno iskustvo u svim godi\u0161njim dobima.<\/p>","protected":false},"featured_media":5432,"comment_status":"open","ping_status":"closed","template":"","meta":[],"product_cat":[72],"product_tag":[],"class_list":{"0":"post-5419","1":"product","2":"type-product","3":"status-publish","4":"has-post-thumbnail","6":"product_cat-hidromasazni-bazeni","8":"first","9":"instock","10":"shipping-taxable","11":"product-type-simple"},"yoast_head":"<!-- This site is optimized with the Yoast SEO plugin v21.8 - https:\/\/yoast.com\/wordpress\/plugins\/seo\/ -->\n<title>Vendom hidromasa\u017eni bazen Nisia 585 x 220 x 130 cm - Flusso<\/title>\n<meta name=\"robots\" content=\"index, follow, max-snippet:-1, max-image-preview:large, max-video-preview:-1\" \/>\n<link rel=\"canonical\" href=\"https:\/\/flusso.hr\/es\/product\/vendom-hidromasazni-bazen-nisia-585-x-220-x-130-cm\/\" \/>\n<meta property=\"og:locale\" content=\"es_ES\" \/>\n<meta property=\"og:type\" content=\"article\" \/>\n<meta property=\"og:title\" content=\"Vendom hidromasa\u017eni bazen Nisia 585 x 220 x 130 cm - Flusso\" \/>\n<meta property=\"og:description\" content=\"Bilo u zatvorenom ili na otvorenom prostoru, na\u0161i bazeni nude cjelogodi\u0161nje u\u017eivanje, kombiniraju\u0107i rekreaciju, opu\u0161tanje i zabavu. Prikladni su za aquagym, relaksaciju i vodene igre te zadovoljavaju potrebe privatnih i profesionalnih korisnika. Zahvaljuju\u0107i 16A plug-and-play sustavu, instalacija je brza i jednostavna. Sna\u017ena pumpa od 3 HP, integrirani grija\u010d, LED ambijentalna rasvjeta i u\u010dinkovita filtracija osiguravaju maksimalnu udobnost, \u010distu vodu i ugodno iskustvo u svim godi\u0161njim dobima.\" \/>\n<meta property=\"og:url\" content=\"https:\/\/flusso.hr\/es\/product\/vendom-hidromasazni-bazen-nisia-585-x-220-x-130-cm\/\" \/>\n<meta property=\"og:site_name\" content=\"Flusso\" \/>\n<meta property=\"article:modified_time\" content=\"2026-02-10T08:11:27+00:00\" \/>\n<meta property=\"og:image\" content=\"https:\/\/flusso.hr\/wp-content\/uploads\/2026\/02\/zAjD0w0pjpQg395a9cmM-1.jpg\" \/>\n\t<meta property=\"og:image:width\" content=\"400\" \/>\n\t<meta property=\"og:image:height\" content=\"274\" \/>\n\t<meta property=\"og:image:type\" content=\"image\/jpeg\" \/>\n<meta name=\"twitter:card\" content=\"summary_large_image\" \/>\n<meta name=\"twitter:label1\" content=\"Tiempo de lectura\" \/>\n\t<meta name=\"twitter:data1\" content=\"1 minuto\" \/>\n<script type=\"application\/ld+json\" class=\"yoast-schema-graph\">{\"@context\":\"https:\/\/schema.org\",\"@graph\":[{\"@type\":\"WebPage\",\"@id\":\"https:\/\/flusso.hr\/product\/vendom-hidromasazni-bazen-nisia-585-x-220-x-130-cm\/\",\"url\":\"https:\/\/flusso.hr\/product\/vendom-hidromasazni-bazen-nisia-585-x-220-x-130-cm\/\",\"name\":\"Vendom hidromasa\u017eni bazen Nisia 585 x 220 x 130 cm - Flusso\",\"isPartOf\":{\"@id\":\"https:\/\/flusso.hr\/#website\"},\"datePublished\":\"2026-02-09T14:37:03+00:00\",\"dateModified\":\"2026-02-10T08:11:27+00:00\",\"breadcrumb\":{\"@id\":\"https:\/\/flusso.hr\/product\/vendom-hidromasazni-bazen-nisia-585-x-220-x-130-cm\/#breadcrumb\"},\"inLanguage\":\"es\",\"potentialAction\":[{\"@type\":\"ReadAction\",\"target\":[\"https:\/\/flusso.hr\/product\/vendom-hidromasazni-bazen-nisia-585-x-220-x-130-cm\/\"]}]},{\"@type\":\"BreadcrumbList\",\"@id\":\"https:\/\/flusso.hr\/product\/vendom-hidromasazni-bazen-nisia-585-x-220-x-130-cm\/#breadcrumb\",\"itemListElement\":[{\"@type\":\"ListItem\",\"position\":1,\"name\":\"Home\",\"item\":\"https:\/\/flusso.hr\/\"},{\"@type\":\"ListItem\",\"position\":2,\"name\":\"Shop\",\"item\":\"https:\/\/flusso.hr\/shop\/\"},{\"@type\":\"ListItem\",\"position\":3,\"name\":\"Vendom hidromasa\u017eni bazen Nisia 585 x 220 x 130 cm\"}]},{\"@type\":\"WebSite\",\"@id\":\"https:\/\/flusso.hr\/#website\",\"url\":\"https:\/\/flusso.hr\/\",\"name\":\"Flusso | Bazeni i wellness oprema\",\"description\":\"\",\"publisher\":{\"@id\":\"https:\/\/flusso.hr\/#organization\"},\"potentialAction\":[{\"@type\":\"SearchAction\",\"target\":{\"@type\":\"EntryPoint\",\"urlTemplate\":\"https:\/\/flusso.hr\/?s={search_term_string}\"},\"query-input\":\"required name=search_term_string\"}],\"inLanguage\":\"es\"},{\"@type\":\"Organization\",\"@id\":\"https:\/\/flusso.hr\/#organization\",\"name\":\"Flusso | Bazeni i wellness oprema\",\"url\":\"https:\/\/flusso.hr\/\",\"logo\":{\"@type\":\"ImageObject\",\"inLanguage\":\"es\",\"@id\":\"https:\/\/flusso.hr\/#\/schema\/logo\/image\/\",\"url\":\"https:\/\/flusso.hr\/wp-content\/uploads\/2023\/09\/Logo.png\",\"contentUrl\":\"https:\/\/flusso.hr\/wp-content\/uploads\/2023\/09\/Logo.png\",\"width\":52,\"height\":56,\"caption\":\"Flusso | Bazeni i wellness oprema\"},\"image\":{\"@id\":\"https:\/\/flusso.hr\/#\/schema\/logo\/image\/\"}}]}<\/script>\n<!-- \/ Yoast SEO plugin. -->","yoast_head_json":{"title":"Vendom hidromasa\u017eni bazen Nisia 585 x 220 x 130 cm - Flusso","robots":{"index":"index","follow":"follow","max-snippet":"max-snippet:-1","max-image-preview":"max-image-preview:large","max-video-preview":"max-video-preview:-1"},"canonical":"https:\/\/flusso.hr\/es\/product\/vendom-hidromasazni-bazen-nisia-585-x-220-x-130-cm\/","og_locale":"es_ES","og_type":"article","og_title":"Vendom hidromasa\u017eni bazen Nisia 585 x 220 x 130 cm - Flusso","og_description":"Bilo u zatvorenom ili na otvorenom prostoru, na\u0161i bazeni nude cjelogodi\u0161nje u\u017eivanje, kombiniraju\u0107i rekreaciju, opu\u0161tanje i zabavu. Prikladni su za aquagym, relaksaciju i vodene igre te zadovoljavaju potrebe privatnih i profesionalnih korisnika. Zahvaljuju\u0107i 16A plug-and-play sustavu, instalacija je brza i jednostavna. Sna\u017ena pumpa od 3 HP, integrirani grija\u010d, LED ambijentalna rasvjeta i u\u010dinkovita filtracija osiguravaju maksimalnu udobnost, \u010distu vodu i ugodno iskustvo u svim godi\u0161njim dobima.","og_url":"https:\/\/flusso.hr\/es\/product\/vendom-hidromasazni-bazen-nisia-585-x-220-x-130-cm\/","og_site_name":"Flusso","article_modified_time":"2026-02-10T08:11:27+00:00","og_image":[{"width":400,"height":274,"url":"https:\/\/flusso.hr\/wp-content\/uploads\/2026\/02\/zAjD0w0pjpQg395a9cmM-1.jpg","type":"image\/jpeg"}],"twitter_card":"summary_large_image","twitter_misc":{"Tiempo de lectura":"1 minuto"},"schema":{"@context":"https:\/\/schema.org","@graph":[{"@type":"WebPage","@id":"https:\/\/flusso.hr\/product\/vendom-hidromasazni-bazen-nisia-585-x-220-x-130-cm\/","url":"https:\/\/flusso.hr\/product\/vendom-hidromasazni-bazen-nisia-585-x-220-x-130-cm\/","name":"Vendom hidromasa\u017eni bazen Nisia 585 x 220 x 130 cm - Flusso","isPartOf":{"@id":"https:\/\/flusso.hr\/#website"},"datePublished":"2026-02-09T14:37:03+00:00","dateModified":"2026-02-10T08:11:27+00:00","breadcrumb":{"@id":"https:\/\/flusso.hr\/product\/vendom-hidromasazni-bazen-nisia-585-x-220-x-130-cm\/#breadcrumb"},"inLanguage":"es","potentialAction":[{"@type":"ReadAction","target":["https:\/\/flusso.hr\/product\/vendom-hidromasazni-bazen-nisia-585-x-220-x-130-cm\/"]}]},{"@type":"BreadcrumbList","@id":"https:\/\/flusso.hr\/product\/vendom-hidromasazni-bazen-nisia-585-x-220-x-130-cm\/#breadcrumb","itemListElement":[{"@type":"ListItem","position":1,"name":"Home","item":"https:\/\/flusso.hr\/"},{"@type":"ListItem","position":2,"name":"Shop","item":"https:\/\/flusso.hr\/shop\/"},{"@type":"ListItem","position":3,"name":"Vendom hidromasa\u017eni bazen Nisia 585 x 220 x 130 cm"}]},{"@type":"WebSite","@id":"https:\/\/flusso.hr\/#website","url":"https:\/\/flusso.hr\/","name":"Flusso | Bazeni i wellness oprema","description":"","publisher":{"@id":"https:\/\/flusso.hr\/#organization"},"potentialAction":[{"@type":"SearchAction","target":{"@type":"EntryPoint","urlTemplate":"https:\/\/flusso.hr\/?s={search_term_string}"},"query-input":"required name=search_term_string"}],"inLanguage":"es"},{"@type":"Organization","@id":"https:\/\/flusso.hr\/#organization","name":"Flusso | Bazeni i wellness oprema","url":"https:\/\/flusso.hr\/","logo":{"@type":"ImageObject","inLanguage":"es","@id":"https:\/\/flusso.hr\/#\/schema\/logo\/image\/","url":"https:\/\/flusso.hr\/wp-content\/uploads\/2023\/09\/Logo.png","contentUrl":"https:\/\/flusso.hr\/wp-content\/uploads\/2023\/09\/Logo.png","width":52,"height":56,"caption":"Flusso | Bazeni i wellness oprema"},"image":{"@id":"https:\/\/flusso.hr\/#\/schema\/logo\/image\/"}}]}},"_links":{"self":[{"href":"https:\/\/flusso.hr\/es\/wp-json\/wp\/v2\/product\/5419","targetHints":{"allow":["GET"]}}],"collection":[{"href":"https:\/\/flusso.hr\/es\/wp-json\/wp\/v2\/product"}],"about":[{"href":"https:\/\/flusso.hr\/es\/wp-json\/wp\/v2\/types\/product"}],"replies":[{"embeddable":true,"href":"https:\/\/flusso.hr\/es\/wp-json\/wp\/v2\/comments?post=5419"}],"wp:featuredmedia":[{"embeddable":true,"href":"https:\/\/flusso.hr\/es\/wp-json\/wp\/v2\/media\/5432"}],"wp:attachment":[{"href":"https:\/\/flusso.hr\/es\/wp-json\/wp\/v2\/media?parent=5419"}],"wp:term":[{"taxonomy":"product_cat","embeddable":true,"href":"https:\/\/flusso.hr\/es\/wp-json\/wp\/v2\/product_cat?post=5419"},{"taxonomy":"product_tag","embeddable":true,"href":"https:\/\/flusso.hr\/es\/wp-json\/wp\/v2\/product_tag?post=5419"}],"curies":[{"name":"wp","href":"https:\/\/api.w.org\/{rel}","templated":true}]}}