{"id":5339,"date":"2026-02-03T12:42:27","date_gmt":"2026-02-03T11:42:27","guid":{"rendered":"https:\/\/flusso.hr\/?post_type=product&#038;p=5339"},"modified":"2026-02-03T14:11:32","modified_gmt":"2026-02-03T13:11:32","slug":"vendom-hidromasazna-kada-moorea","status":"publish","type":"product","link":"https:\/\/flusso.hr\/es\/product\/vendom-hidromasazna-kada-moorea\/","title":{"rendered":"Vendom hidromasa\u017ena kada Moorea, 185 x 140 x 88 cm"},"content":{"rendered":"","protected":false},"excerpt":{"rendered":"<p>Otkrijte u\u017eitke spa do\u017eivljaja uz na\u0161u <strong data-start=\"72\" data-end=\"87\">Essential<\/strong> liniju.<br data-start=\"95\" data-end=\"98\" \/>Bilo za opu\u0161taju\u0107i trenutak s obitelji ili veselu ve\u010der s prijateljima, ova linija uklju\u010duje sve \u0161to vam je potrebno kako biste u potpunosti u\u017eivali u spa iskustvu. \u0160to je \u010dini posebnom?<br data-start=\"284\" data-end=\"287\" data-is-only-node=\"\" \/>Optimizirana potro\u0161nja energije zahvaljuju\u0107i inovativnom sustavu upravljanja optere\u0107enjem, koji smanjuje energetski otisak. Ova linija tako\u0111er ima integrirani audio sustav koji dodatno oboga\u0107uje do\u017eivljaj, nude\u0107i impresivnu glazbenu atmosferu koja prati svaku wellness sesiju.<\/p>","protected":false},"featured_media":5341,"comment_status":"open","ping_status":"closed","template":"","meta":[],"product_cat":[70],"product_tag":[],"class_list":{"0":"post-5339","1":"product","2":"type-product","3":"status-publish","4":"has-post-thumbnail","6":"product_cat-vendom-hidromasazne-kade","8":"first","9":"instock","10":"shipping-taxable","11":"product-type-simple"},"yoast_head":"<!-- This site is optimized with the Yoast SEO plugin v21.8 - https:\/\/yoast.com\/wordpress\/plugins\/seo\/ -->\n<title>Vendom hidromasa\u017ena kada Moorea, 185 x 140 x 88 cm - Flusso<\/title>\n<meta name=\"robots\" content=\"index, follow, max-snippet:-1, max-image-preview:large, max-video-preview:-1\" \/>\n<link rel=\"canonical\" href=\"https:\/\/flusso.hr\/es\/product\/vendom-hidromasazna-kada-moorea\/\" \/>\n<meta property=\"og:locale\" content=\"es_ES\" \/>\n<meta property=\"og:type\" content=\"article\" \/>\n<meta property=\"og:title\" content=\"Vendom hidromasa\u017ena kada Moorea, 185 x 140 x 88 cm - Flusso\" \/>\n<meta property=\"og:description\" content=\"Otkrijte u\u017eitke spa do\u017eivljaja uz na\u0161u Essential liniju.Bilo za opu\u0161taju\u0107i trenutak s obitelji ili veselu ve\u010der s prijateljima, ova linija uklju\u010duje sve \u0161to vam je potrebno kako biste u potpunosti u\u017eivali u spa iskustvu. \u0160to je \u010dini posebnom?Optimizirana potro\u0161nja energije zahvaljuju\u0107i inovativnom sustavu upravljanja optere\u0107enjem, koji smanjuje energetski otisak. Ova linija tako\u0111er ima integrirani audio sustav koji dodatno oboga\u0107uje do\u017eivljaj, nude\u0107i impresivnu glazbenu atmosferu koja prati svaku wellness sesiju.\" \/>\n<meta property=\"og:url\" content=\"https:\/\/flusso.hr\/es\/product\/vendom-hidromasazna-kada-moorea\/\" \/>\n<meta property=\"og:site_name\" content=\"Flusso\" \/>\n<meta property=\"article:modified_time\" content=\"2026-02-03T13:11:32+00:00\" \/>\n<meta property=\"og:image\" content=\"https:\/\/flusso.hr\/wp-content\/uploads\/2026\/02\/T10-MOOREA-1.jpg\" \/>\n\t<meta property=\"og:image:width\" content=\"1920\" \/>\n\t<meta property=\"og:image:height\" content=\"1280\" \/>\n\t<meta property=\"og:image:type\" content=\"image\/jpeg\" \/>\n<meta name=\"twitter:card\" content=\"summary_large_image\" \/>\n<meta name=\"twitter:label1\" content=\"Tiempo de lectura\" \/>\n\t<meta name=\"twitter:data1\" content=\"1 minuto\" \/>\n<script type=\"application\/ld+json\" class=\"yoast-schema-graph\">{\"@context\":\"https:\/\/schema.org\",\"@graph\":[{\"@type\":\"WebPage\",\"@id\":\"https:\/\/flusso.hr\/product\/vendom-hidromasazna-kada-moorea\/\",\"url\":\"https:\/\/flusso.hr\/product\/vendom-hidromasazna-kada-moorea\/\",\"name\":\"Vendom hidromasa\u017ena kada Moorea, 185 x 140 x 88 cm - Flusso\",\"isPartOf\":{\"@id\":\"https:\/\/flusso.hr\/#website\"},\"datePublished\":\"2026-02-03T11:42:27+00:00\",\"dateModified\":\"2026-02-03T13:11:32+00:00\",\"breadcrumb\":{\"@id\":\"https:\/\/flusso.hr\/product\/vendom-hidromasazna-kada-moorea\/#breadcrumb\"},\"inLanguage\":\"es\",\"potentialAction\":[{\"@type\":\"ReadAction\",\"target\":[\"https:\/\/flusso.hr\/product\/vendom-hidromasazna-kada-moorea\/\"]}]},{\"@type\":\"BreadcrumbList\",\"@id\":\"https:\/\/flusso.hr\/product\/vendom-hidromasazna-kada-moorea\/#breadcrumb\",\"itemListElement\":[{\"@type\":\"ListItem\",\"position\":1,\"name\":\"Home\",\"item\":\"https:\/\/flusso.hr\/\"},{\"@type\":\"ListItem\",\"position\":2,\"name\":\"Shop\",\"item\":\"https:\/\/flusso.hr\/shop\/\"},{\"@type\":\"ListItem\",\"position\":3,\"name\":\"Vendom hidromasa\u017ena kada Moorea, 185 x 140 x 88 cm\"}]},{\"@type\":\"WebSite\",\"@id\":\"https:\/\/flusso.hr\/#website\",\"url\":\"https:\/\/flusso.hr\/\",\"name\":\"Flusso | Bazeni i wellness oprema\",\"description\":\"\",\"publisher\":{\"@id\":\"https:\/\/flusso.hr\/#organization\"},\"potentialAction\":[{\"@type\":\"SearchAction\",\"target\":{\"@type\":\"EntryPoint\",\"urlTemplate\":\"https:\/\/flusso.hr\/?s={search_term_string}\"},\"query-input\":\"required name=search_term_string\"}],\"inLanguage\":\"es\"},{\"@type\":\"Organization\",\"@id\":\"https:\/\/flusso.hr\/#organization\",\"name\":\"Flusso | Bazeni i wellness oprema\",\"url\":\"https:\/\/flusso.hr\/\",\"logo\":{\"@type\":\"ImageObject\",\"inLanguage\":\"es\",\"@id\":\"https:\/\/flusso.hr\/#\/schema\/logo\/image\/\",\"url\":\"https:\/\/flusso.hr\/wp-content\/uploads\/2023\/09\/Logo.png\",\"contentUrl\":\"https:\/\/flusso.hr\/wp-content\/uploads\/2023\/09\/Logo.png\",\"width\":52,\"height\":56,\"caption\":\"Flusso | Bazeni i wellness oprema\"},\"image\":{\"@id\":\"https:\/\/flusso.hr\/#\/schema\/logo\/image\/\"}}]}<\/script>\n<!-- \/ Yoast SEO plugin. -->","yoast_head_json":{"title":"Vendom hidromasa\u017ena kada Moorea, 185 x 140 x 88 cm - Flusso","robots":{"index":"index","follow":"follow","max-snippet":"max-snippet:-1","max-image-preview":"max-image-preview:large","max-video-preview":"max-video-preview:-1"},"canonical":"https:\/\/flusso.hr\/es\/product\/vendom-hidromasazna-kada-moorea\/","og_locale":"es_ES","og_type":"article","og_title":"Vendom hidromasa\u017ena kada Moorea, 185 x 140 x 88 cm - Flusso","og_description":"Otkrijte u\u017eitke spa do\u017eivljaja uz na\u0161u Essential liniju.Bilo za opu\u0161taju\u0107i trenutak s obitelji ili veselu ve\u010der s prijateljima, ova linija uklju\u010duje sve \u0161to vam je potrebno kako biste u potpunosti u\u017eivali u spa iskustvu. \u0160to je \u010dini posebnom?Optimizirana potro\u0161nja energije zahvaljuju\u0107i inovativnom sustavu upravljanja optere\u0107enjem, koji smanjuje energetski otisak. Ova linija tako\u0111er ima integrirani audio sustav koji dodatno oboga\u0107uje do\u017eivljaj, nude\u0107i impresivnu glazbenu atmosferu koja prati svaku wellness sesiju.","og_url":"https:\/\/flusso.hr\/es\/product\/vendom-hidromasazna-kada-moorea\/","og_site_name":"Flusso","article_modified_time":"2026-02-03T13:11:32+00:00","og_image":[{"width":1920,"height":1280,"url":"https:\/\/flusso.hr\/wp-content\/uploads\/2026\/02\/T10-MOOREA-1.jpg","type":"image\/jpeg"}],"twitter_card":"summary_large_image","twitter_misc":{"Tiempo de lectura":"1 minuto"},"schema":{"@context":"https:\/\/schema.org","@graph":[{"@type":"WebPage","@id":"https:\/\/flusso.hr\/product\/vendom-hidromasazna-kada-moorea\/","url":"https:\/\/flusso.hr\/product\/vendom-hidromasazna-kada-moorea\/","name":"Vendom hidromasa\u017ena kada Moorea, 185 x 140 x 88 cm - Flusso","isPartOf":{"@id":"https:\/\/flusso.hr\/#website"},"datePublished":"2026-02-03T11:42:27+00:00","dateModified":"2026-02-03T13:11:32+00:00","breadcrumb":{"@id":"https:\/\/flusso.hr\/product\/vendom-hidromasazna-kada-moorea\/#breadcrumb"},"inLanguage":"es","potentialAction":[{"@type":"ReadAction","target":["https:\/\/flusso.hr\/product\/vendom-hidromasazna-kada-moorea\/"]}]},{"@type":"BreadcrumbList","@id":"https:\/\/flusso.hr\/product\/vendom-hidromasazna-kada-moorea\/#breadcrumb","itemListElement":[{"@type":"ListItem","position":1,"name":"Home","item":"https:\/\/flusso.hr\/"},{"@type":"ListItem","position":2,"name":"Shop","item":"https:\/\/flusso.hr\/shop\/"},{"@type":"ListItem","position":3,"name":"Vendom hidromasa\u017ena kada Moorea, 185 x 140 x 88 cm"}]},{"@type":"WebSite","@id":"https:\/\/flusso.hr\/#website","url":"https:\/\/flusso.hr\/","name":"Flusso | Bazeni i wellness oprema","description":"","publisher":{"@id":"https:\/\/flusso.hr\/#organization"},"potentialAction":[{"@type":"SearchAction","target":{"@type":"EntryPoint","urlTemplate":"https:\/\/flusso.hr\/?s={search_term_string}"},"query-input":"required name=search_term_string"}],"inLanguage":"es"},{"@type":"Organization","@id":"https:\/\/flusso.hr\/#organization","name":"Flusso | Bazeni i wellness oprema","url":"https:\/\/flusso.hr\/","logo":{"@type":"ImageObject","inLanguage":"es","@id":"https:\/\/flusso.hr\/#\/schema\/logo\/image\/","url":"https:\/\/flusso.hr\/wp-content\/uploads\/2023\/09\/Logo.png","contentUrl":"https:\/\/flusso.hr\/wp-content\/uploads\/2023\/09\/Logo.png","width":52,"height":56,"caption":"Flusso | Bazeni i wellness oprema"},"image":{"@id":"https:\/\/flusso.hr\/#\/schema\/logo\/image\/"}}]}},"_links":{"self":[{"href":"https:\/\/flusso.hr\/es\/wp-json\/wp\/v2\/product\/5339","targetHints":{"allow":["GET"]}}],"collection":[{"href":"https:\/\/flusso.hr\/es\/wp-json\/wp\/v2\/product"}],"about":[{"href":"https:\/\/flusso.hr\/es\/wp-json\/wp\/v2\/types\/product"}],"replies":[{"embeddable":true,"href":"https:\/\/flusso.hr\/es\/wp-json\/wp\/v2\/comments?post=5339"}],"wp:featuredmedia":[{"embeddable":true,"href":"https:\/\/flusso.hr\/es\/wp-json\/wp\/v2\/media\/5341"}],"wp:attachment":[{"href":"https:\/\/flusso.hr\/es\/wp-json\/wp\/v2\/media?parent=5339"}],"wp:term":[{"taxonomy":"product_cat","embeddable":true,"href":"https:\/\/flusso.hr\/es\/wp-json\/wp\/v2\/product_cat?post=5339"},{"taxonomy":"product_tag","embeddable":true,"href":"https:\/\/flusso.hr\/es\/wp-json\/wp\/v2\/product_tag?post=5339"}],"curies":[{"name":"wp","href":"https:\/\/api.w.org\/{rel}","templated":true}]}}