{"id":5337,"date":"2026-02-03T12:31:17","date_gmt":"2026-02-03T11:31:17","guid":{"rendered":"https:\/\/flusso.hr\/?post_type=product&#038;p=5337"},"modified":"2026-02-03T12:32:32","modified_gmt":"2026-02-03T11:32:32","slug":"odvlazivac-zodiac-sirocco-5m","status":"publish","type":"product","link":"https:\/\/flusso.hr\/es\/product\/odvlazivac-zodiac-sirocco-5m\/","title":{"rendered":"Odvla\u017eiva\u010d Zodiac Sirocco* 5M"},"content":{"rendered":"","protected":false},"excerpt":{"rendered":"<ul>\n<li>Optimalna udobnost<\/li>\n<li>Ugra\u0111ena inteligencija<\/li>\n<li>Skladan dizajn<\/li>\n<\/ul>","protected":false},"featured_media":5334,"comment_status":"open","ping_status":"closed","template":"","meta":[],"product_cat":[69],"product_tag":[],"class_list":{"0":"post-5337","1":"product","2":"type-product","3":"status-publish","4":"has-post-thumbnail","6":"product_cat-odvlazivaci","8":"first","9":"instock","10":"shipping-taxable","11":"purchasable","12":"product-type-simple"},"yoast_head":"<!-- This site is optimized with the Yoast SEO plugin v21.8 - https:\/\/yoast.com\/wordpress\/plugins\/seo\/ -->\n<title>Odvla\u017eiva\u010d Zodiac Sirocco* 5M - Flusso<\/title>\n<meta name=\"robots\" content=\"index, follow, max-snippet:-1, max-image-preview:large, max-video-preview:-1\" \/>\n<link rel=\"canonical\" href=\"https:\/\/flusso.hr\/es\/product\/odvlazivac-zodiac-sirocco-5m\/\" \/>\n<meta property=\"og:locale\" content=\"es_ES\" \/>\n<meta property=\"og:type\" content=\"article\" \/>\n<meta property=\"og:title\" content=\"Odvla\u017eiva\u010d Zodiac Sirocco* 5M - Flusso\" \/>\n<meta property=\"og:description\" content=\"Optimalna udobnost  Ugra\u0111ena inteligencija  Skladan dizajn\" \/>\n<meta property=\"og:url\" content=\"https:\/\/flusso.hr\/es\/product\/odvlazivac-zodiac-sirocco-5m\/\" \/>\n<meta property=\"og:site_name\" content=\"Flusso\" \/>\n<meta property=\"article:modified_time\" content=\"2026-02-03T11:32:32+00:00\" \/>\n<meta property=\"og:image\" content=\"https:\/\/flusso.hr\/wp-content\/uploads\/2026\/02\/wd002088.jpg\" \/>\n\t<meta property=\"og:image:width\" content=\"1024\" \/>\n\t<meta property=\"og:image:height\" content=\"872\" \/>\n\t<meta property=\"og:image:type\" content=\"image\/jpeg\" \/>\n<meta name=\"twitter:card\" content=\"summary_large_image\" \/>\n<meta name=\"twitter:label1\" content=\"Tiempo de lectura\" \/>\n\t<meta name=\"twitter:data1\" content=\"1 minuto\" \/>\n<script type=\"application\/ld+json\" class=\"yoast-schema-graph\">{\"@context\":\"https:\/\/schema.org\",\"@graph\":[{\"@type\":\"WebPage\",\"@id\":\"https:\/\/flusso.hr\/product\/odvlazivac-zodiac-sirocco-5m\/\",\"url\":\"https:\/\/flusso.hr\/product\/odvlazivac-zodiac-sirocco-5m\/\",\"name\":\"Odvla\u017eiva\u010d Zodiac Sirocco* 5M - Flusso\",\"isPartOf\":{\"@id\":\"https:\/\/flusso.hr\/#website\"},\"datePublished\":\"2026-02-03T11:31:17+00:00\",\"dateModified\":\"2026-02-03T11:32:32+00:00\",\"breadcrumb\":{\"@id\":\"https:\/\/flusso.hr\/product\/odvlazivac-zodiac-sirocco-5m\/#breadcrumb\"},\"inLanguage\":\"es\",\"potentialAction\":[{\"@type\":\"ReadAction\",\"target\":[\"https:\/\/flusso.hr\/product\/odvlazivac-zodiac-sirocco-5m\/\"]}]},{\"@type\":\"BreadcrumbList\",\"@id\":\"https:\/\/flusso.hr\/product\/odvlazivac-zodiac-sirocco-5m\/#breadcrumb\",\"itemListElement\":[{\"@type\":\"ListItem\",\"position\":1,\"name\":\"Home\",\"item\":\"https:\/\/flusso.hr\/\"},{\"@type\":\"ListItem\",\"position\":2,\"name\":\"Shop\",\"item\":\"https:\/\/flusso.hr\/shop\/\"},{\"@type\":\"ListItem\",\"position\":3,\"name\":\"Odvla\u017eiva\u010d Zodiac Sirocco* 5M\"}]},{\"@type\":\"WebSite\",\"@id\":\"https:\/\/flusso.hr\/#website\",\"url\":\"https:\/\/flusso.hr\/\",\"name\":\"Flusso | Bazeni i wellness oprema\",\"description\":\"\",\"publisher\":{\"@id\":\"https:\/\/flusso.hr\/#organization\"},\"potentialAction\":[{\"@type\":\"SearchAction\",\"target\":{\"@type\":\"EntryPoint\",\"urlTemplate\":\"https:\/\/flusso.hr\/?s={search_term_string}\"},\"query-input\":\"required name=search_term_string\"}],\"inLanguage\":\"es\"},{\"@type\":\"Organization\",\"@id\":\"https:\/\/flusso.hr\/#organization\",\"name\":\"Flusso | Bazeni i wellness oprema\",\"url\":\"https:\/\/flusso.hr\/\",\"logo\":{\"@type\":\"ImageObject\",\"inLanguage\":\"es\",\"@id\":\"https:\/\/flusso.hr\/#\/schema\/logo\/image\/\",\"url\":\"https:\/\/flusso.hr\/wp-content\/uploads\/2023\/09\/Logo.png\",\"contentUrl\":\"https:\/\/flusso.hr\/wp-content\/uploads\/2023\/09\/Logo.png\",\"width\":52,\"height\":56,\"caption\":\"Flusso | Bazeni i wellness oprema\"},\"image\":{\"@id\":\"https:\/\/flusso.hr\/#\/schema\/logo\/image\/\"}}]}<\/script>\n<!-- \/ Yoast SEO plugin. -->","yoast_head_json":{"title":"Odvla\u017eiva\u010d Zodiac Sirocco* 5M - Flusso","robots":{"index":"index","follow":"follow","max-snippet":"max-snippet:-1","max-image-preview":"max-image-preview:large","max-video-preview":"max-video-preview:-1"},"canonical":"https:\/\/flusso.hr\/es\/product\/odvlazivac-zodiac-sirocco-5m\/","og_locale":"es_ES","og_type":"article","og_title":"Odvla\u017eiva\u010d Zodiac Sirocco* 5M - Flusso","og_description":"Optimalna udobnost  Ugra\u0111ena inteligencija  Skladan dizajn","og_url":"https:\/\/flusso.hr\/es\/product\/odvlazivac-zodiac-sirocco-5m\/","og_site_name":"Flusso","article_modified_time":"2026-02-03T11:32:32+00:00","og_image":[{"width":1024,"height":872,"url":"https:\/\/flusso.hr\/wp-content\/uploads\/2026\/02\/wd002088.jpg","type":"image\/jpeg"}],"twitter_card":"summary_large_image","twitter_misc":{"Tiempo de lectura":"1 minuto"},"schema":{"@context":"https:\/\/schema.org","@graph":[{"@type":"WebPage","@id":"https:\/\/flusso.hr\/product\/odvlazivac-zodiac-sirocco-5m\/","url":"https:\/\/flusso.hr\/product\/odvlazivac-zodiac-sirocco-5m\/","name":"Odvla\u017eiva\u010d Zodiac Sirocco* 5M - Flusso","isPartOf":{"@id":"https:\/\/flusso.hr\/#website"},"datePublished":"2026-02-03T11:31:17+00:00","dateModified":"2026-02-03T11:32:32+00:00","breadcrumb":{"@id":"https:\/\/flusso.hr\/product\/odvlazivac-zodiac-sirocco-5m\/#breadcrumb"},"inLanguage":"es","potentialAction":[{"@type":"ReadAction","target":["https:\/\/flusso.hr\/product\/odvlazivac-zodiac-sirocco-5m\/"]}]},{"@type":"BreadcrumbList","@id":"https:\/\/flusso.hr\/product\/odvlazivac-zodiac-sirocco-5m\/#breadcrumb","itemListElement":[{"@type":"ListItem","position":1,"name":"Home","item":"https:\/\/flusso.hr\/"},{"@type":"ListItem","position":2,"name":"Shop","item":"https:\/\/flusso.hr\/shop\/"},{"@type":"ListItem","position":3,"name":"Odvla\u017eiva\u010d Zodiac Sirocco* 5M"}]},{"@type":"WebSite","@id":"https:\/\/flusso.hr\/#website","url":"https:\/\/flusso.hr\/","name":"Flusso | Bazeni i wellness oprema","description":"","publisher":{"@id":"https:\/\/flusso.hr\/#organization"},"potentialAction":[{"@type":"SearchAction","target":{"@type":"EntryPoint","urlTemplate":"https:\/\/flusso.hr\/?s={search_term_string}"},"query-input":"required name=search_term_string"}],"inLanguage":"es"},{"@type":"Organization","@id":"https:\/\/flusso.hr\/#organization","name":"Flusso | Bazeni i wellness oprema","url":"https:\/\/flusso.hr\/","logo":{"@type":"ImageObject","inLanguage":"es","@id":"https:\/\/flusso.hr\/#\/schema\/logo\/image\/","url":"https:\/\/flusso.hr\/wp-content\/uploads\/2023\/09\/Logo.png","contentUrl":"https:\/\/flusso.hr\/wp-content\/uploads\/2023\/09\/Logo.png","width":52,"height":56,"caption":"Flusso | Bazeni i wellness oprema"},"image":{"@id":"https:\/\/flusso.hr\/#\/schema\/logo\/image\/"}}]}},"_links":{"self":[{"href":"https:\/\/flusso.hr\/es\/wp-json\/wp\/v2\/product\/5337","targetHints":{"allow":["GET"]}}],"collection":[{"href":"https:\/\/flusso.hr\/es\/wp-json\/wp\/v2\/product"}],"about":[{"href":"https:\/\/flusso.hr\/es\/wp-json\/wp\/v2\/types\/product"}],"replies":[{"embeddable":true,"href":"https:\/\/flusso.hr\/es\/wp-json\/wp\/v2\/comments?post=5337"}],"wp:featuredmedia":[{"embeddable":true,"href":"https:\/\/flusso.hr\/es\/wp-json\/wp\/v2\/media\/5334"}],"wp:attachment":[{"href":"https:\/\/flusso.hr\/es\/wp-json\/wp\/v2\/media?parent=5337"}],"wp:term":[{"taxonomy":"product_cat","embeddable":true,"href":"https:\/\/flusso.hr\/es\/wp-json\/wp\/v2\/product_cat?post=5337"},{"taxonomy":"product_tag","embeddable":true,"href":"https:\/\/flusso.hr\/es\/wp-json\/wp\/v2\/product_tag?post=5337"}],"curies":[{"name":"wp","href":"https:\/\/api.w.org\/{rel}","templated":true}]}}