{"id":5106,"date":"2026-02-02T13:35:16","date_gmt":"2026-02-02T12:35:16","guid":{"rendered":"https:\/\/flusso.hr\/?post_type=product&#038;p=5106"},"modified":"2026-02-02T13:40:26","modified_gmt":"2026-02-02T12:40:26","slug":"solarni-prekrivac-energyguard-500-mic-4-m","status":"publish","type":"product","link":"https:\/\/flusso.hr\/da\/product\/solarni-prekrivac-energyguard-500-mic-4-m\/","title":{"rendered":"Solarni prekriva\u010d Energyguard 500 mic 4 m"},"content":{"rendered":"","protected":false},"excerpt":{"rendered":"<p>Klju\u010dne prednosti:<\/p>\n<ul>\n<li>Pove\u0107anje temperature vode do 7 \u00b0C\u00a0\u2013 savr\u0161eno za produljenje kupali\u0161ne sezone<\/li>\n<li>Sprje\u010davanje razvoja algi\u00a0\u2013 zna\u010dajno smanjuje potrebu za kemikalijama<\/li>\n<li>U\u0161teda energije do 60 %\u00a0\u2013 smanjuje tro\u0161kove grijanja vode<\/li>\n<li>Smanjuje potro\u0161nju kemikalija do 60 %<\/li>\n<li>Smanjuje isparavanje vode do 98 %<\/li>\n<li>Smanjenje vremena filtracije do 50 %\u00a0\u2013 optimizira rad bazenske opreme<\/li>\n<li>Otpornost na UV zrake i niske temperature\u00a0\u2013 do -25 \u00b0C<\/li>\n<\/ul>\n<p>*cijena po m2<\/p>","protected":false},"featured_media":5107,"comment_status":"open","ping_status":"closed","template":"","meta":[],"product_cat":[68],"product_tag":[],"class_list":{"0":"post-5106","1":"product","2":"type-product","3":"status-publish","4":"has-post-thumbnail","6":"product_cat-prekrivaci","8":"first","9":"instock","10":"shipping-taxable","11":"purchasable","12":"product-type-simple"},"yoast_head":"<!-- This site is optimized with the Yoast SEO plugin v21.8 - https:\/\/yoast.com\/wordpress\/plugins\/seo\/ -->\n<title>Solarni prekriva\u010d Energyguard 500 mic 4 m - Flusso<\/title>\n<meta name=\"robots\" content=\"index, follow, max-snippet:-1, max-image-preview:large, max-video-preview:-1\" \/>\n<link rel=\"canonical\" href=\"https:\/\/flusso.hr\/da\/product\/solarni-prekrivac-energyguard-500-mic-4-m\/\" \/>\n<meta property=\"og:locale\" content=\"da_DK\" \/>\n<meta property=\"og:type\" content=\"article\" \/>\n<meta property=\"og:title\" content=\"Solarni prekriva\u010d Energyguard 500 mic 4 m - Flusso\" \/>\n<meta property=\"og:description\" content=\"Klju\u010dne prednosti:   Pove\u0107anje temperature vode do 7 \u00b0C\u00a0\u2013 savr\u0161eno za produljenje kupali\u0161ne sezone  Sprje\u010davanje razvoja algi\u00a0\u2013 zna\u010dajno smanjuje potrebu za kemikalijama  U\u0161teda energije do 60 %\u00a0\u2013 smanjuje tro\u0161kove grijanja vode  Smanjuje potro\u0161nju kemikalija do 60 %  Smanjuje isparavanje vode do 98 %  Smanjenje vremena filtracije do 50 %\u00a0\u2013 optimizira rad bazenske opreme  Otpornost na UV zrake i niske temperature\u00a0\u2013 do -25 \u00b0C  *cijena po m2\" \/>\n<meta property=\"og:url\" content=\"https:\/\/flusso.hr\/da\/product\/solarni-prekrivac-energyguard-500-mic-4-m\/\" \/>\n<meta property=\"og:site_name\" content=\"Flusso\" \/>\n<meta property=\"article:modified_time\" content=\"2026-02-02T12:40:26+00:00\" \/>\n<meta property=\"og:image\" content=\"https:\/\/flusso.hr\/wp-content\/uploads\/2026\/02\/energyguard.jpg\" \/>\n\t<meta property=\"og:image:width\" content=\"500\" \/>\n\t<meta property=\"og:image:height\" content=\"500\" \/>\n\t<meta property=\"og:image:type\" content=\"image\/jpeg\" \/>\n<meta name=\"twitter:card\" content=\"summary_large_image\" \/>\n<meta name=\"twitter:label1\" content=\"Estimeret l\u00e6setid\" \/>\n\t<meta name=\"twitter:data1\" content=\"1 minut\" \/>\n<script type=\"application\/ld+json\" class=\"yoast-schema-graph\">{\"@context\":\"https:\/\/schema.org\",\"@graph\":[{\"@type\":\"WebPage\",\"@id\":\"https:\/\/flusso.hr\/product\/solarni-prekrivac-energyguard-500-mic-4-m\/\",\"url\":\"https:\/\/flusso.hr\/product\/solarni-prekrivac-energyguard-500-mic-4-m\/\",\"name\":\"Solarni prekriva\u010d Energyguard 500 mic 4 m - Flusso\",\"isPartOf\":{\"@id\":\"https:\/\/flusso.hr\/#website\"},\"datePublished\":\"2026-02-02T12:35:16+00:00\",\"dateModified\":\"2026-02-02T12:40:26+00:00\",\"breadcrumb\":{\"@id\":\"https:\/\/flusso.hr\/product\/solarni-prekrivac-energyguard-500-mic-4-m\/#breadcrumb\"},\"inLanguage\":\"da-DK\",\"potentialAction\":[{\"@type\":\"ReadAction\",\"target\":[\"https:\/\/flusso.hr\/product\/solarni-prekrivac-energyguard-500-mic-4-m\/\"]}]},{\"@type\":\"BreadcrumbList\",\"@id\":\"https:\/\/flusso.hr\/product\/solarni-prekrivac-energyguard-500-mic-4-m\/#breadcrumb\",\"itemListElement\":[{\"@type\":\"ListItem\",\"position\":1,\"name\":\"Home\",\"item\":\"https:\/\/flusso.hr\/\"},{\"@type\":\"ListItem\",\"position\":2,\"name\":\"Shop\",\"item\":\"https:\/\/flusso.hr\/shop\/\"},{\"@type\":\"ListItem\",\"position\":3,\"name\":\"Solarni prekriva\u010d Energyguard 500 mic 4 m\"}]},{\"@type\":\"WebSite\",\"@id\":\"https:\/\/flusso.hr\/#website\",\"url\":\"https:\/\/flusso.hr\/\",\"name\":\"Flusso | Bazeni i wellness oprema\",\"description\":\"\",\"publisher\":{\"@id\":\"https:\/\/flusso.hr\/#organization\"},\"potentialAction\":[{\"@type\":\"SearchAction\",\"target\":{\"@type\":\"EntryPoint\",\"urlTemplate\":\"https:\/\/flusso.hr\/?s={search_term_string}\"},\"query-input\":\"required name=search_term_string\"}],\"inLanguage\":\"da-DK\"},{\"@type\":\"Organization\",\"@id\":\"https:\/\/flusso.hr\/#organization\",\"name\":\"Flusso | Bazeni i wellness oprema\",\"url\":\"https:\/\/flusso.hr\/\",\"logo\":{\"@type\":\"ImageObject\",\"inLanguage\":\"da-DK\",\"@id\":\"https:\/\/flusso.hr\/#\/schema\/logo\/image\/\",\"url\":\"https:\/\/flusso.hr\/wp-content\/uploads\/2023\/09\/Logo.png\",\"contentUrl\":\"https:\/\/flusso.hr\/wp-content\/uploads\/2023\/09\/Logo.png\",\"width\":52,\"height\":56,\"caption\":\"Flusso | Bazeni i wellness oprema\"},\"image\":{\"@id\":\"https:\/\/flusso.hr\/#\/schema\/logo\/image\/\"}}]}<\/script>\n<!-- \/ Yoast SEO plugin. -->","yoast_head_json":{"title":"Solarni prekriva\u010d Energyguard 500 mic 4 m - Flusso","robots":{"index":"index","follow":"follow","max-snippet":"max-snippet:-1","max-image-preview":"max-image-preview:large","max-video-preview":"max-video-preview:-1"},"canonical":"https:\/\/flusso.hr\/da\/product\/solarni-prekrivac-energyguard-500-mic-4-m\/","og_locale":"da_DK","og_type":"article","og_title":"Solarni prekriva\u010d Energyguard 500 mic 4 m - Flusso","og_description":"Klju\u010dne prednosti:   Pove\u0107anje temperature vode do 7 \u00b0C\u00a0\u2013 savr\u0161eno za produljenje kupali\u0161ne sezone  Sprje\u010davanje razvoja algi\u00a0\u2013 zna\u010dajno smanjuje potrebu za kemikalijama  U\u0161teda energije do 60 %\u00a0\u2013 smanjuje tro\u0161kove grijanja vode  Smanjuje potro\u0161nju kemikalija do 60 %  Smanjuje isparavanje vode do 98 %  Smanjenje vremena filtracije do 50 %\u00a0\u2013 optimizira rad bazenske opreme  Otpornost na UV zrake i niske temperature\u00a0\u2013 do -25 \u00b0C  *cijena po m2","og_url":"https:\/\/flusso.hr\/da\/product\/solarni-prekrivac-energyguard-500-mic-4-m\/","og_site_name":"Flusso","article_modified_time":"2026-02-02T12:40:26+00:00","og_image":[{"width":500,"height":500,"url":"https:\/\/flusso.hr\/wp-content\/uploads\/2026\/02\/energyguard.jpg","type":"image\/jpeg"}],"twitter_card":"summary_large_image","twitter_misc":{"Estimeret l\u00e6setid":"1 minut"},"schema":{"@context":"https:\/\/schema.org","@graph":[{"@type":"WebPage","@id":"https:\/\/flusso.hr\/product\/solarni-prekrivac-energyguard-500-mic-4-m\/","url":"https:\/\/flusso.hr\/product\/solarni-prekrivac-energyguard-500-mic-4-m\/","name":"Solarni prekriva\u010d Energyguard 500 mic 4 m - Flusso","isPartOf":{"@id":"https:\/\/flusso.hr\/#website"},"datePublished":"2026-02-02T12:35:16+00:00","dateModified":"2026-02-02T12:40:26+00:00","breadcrumb":{"@id":"https:\/\/flusso.hr\/product\/solarni-prekrivac-energyguard-500-mic-4-m\/#breadcrumb"},"inLanguage":"da-DK","potentialAction":[{"@type":"ReadAction","target":["https:\/\/flusso.hr\/product\/solarni-prekrivac-energyguard-500-mic-4-m\/"]}]},{"@type":"BreadcrumbList","@id":"https:\/\/flusso.hr\/product\/solarni-prekrivac-energyguard-500-mic-4-m\/#breadcrumb","itemListElement":[{"@type":"ListItem","position":1,"name":"Home","item":"https:\/\/flusso.hr\/"},{"@type":"ListItem","position":2,"name":"Shop","item":"https:\/\/flusso.hr\/shop\/"},{"@type":"ListItem","position":3,"name":"Solarni prekriva\u010d Energyguard 500 mic 4 m"}]},{"@type":"WebSite","@id":"https:\/\/flusso.hr\/#website","url":"https:\/\/flusso.hr\/","name":"Flusso | Bazeni i wellness oprema","description":"","publisher":{"@id":"https:\/\/flusso.hr\/#organization"},"potentialAction":[{"@type":"SearchAction","target":{"@type":"EntryPoint","urlTemplate":"https:\/\/flusso.hr\/?s={search_term_string}"},"query-input":"required name=search_term_string"}],"inLanguage":"da-DK"},{"@type":"Organization","@id":"https:\/\/flusso.hr\/#organization","name":"Flusso | Bazeni i wellness oprema","url":"https:\/\/flusso.hr\/","logo":{"@type":"ImageObject","inLanguage":"da-DK","@id":"https:\/\/flusso.hr\/#\/schema\/logo\/image\/","url":"https:\/\/flusso.hr\/wp-content\/uploads\/2023\/09\/Logo.png","contentUrl":"https:\/\/flusso.hr\/wp-content\/uploads\/2023\/09\/Logo.png","width":52,"height":56,"caption":"Flusso | Bazeni i wellness oprema"},"image":{"@id":"https:\/\/flusso.hr\/#\/schema\/logo\/image\/"}}]}},"_links":{"self":[{"href":"https:\/\/flusso.hr\/da\/wp-json\/wp\/v2\/product\/5106","targetHints":{"allow":["GET"]}}],"collection":[{"href":"https:\/\/flusso.hr\/da\/wp-json\/wp\/v2\/product"}],"about":[{"href":"https:\/\/flusso.hr\/da\/wp-json\/wp\/v2\/types\/product"}],"replies":[{"embeddable":true,"href":"https:\/\/flusso.hr\/da\/wp-json\/wp\/v2\/comments?post=5106"}],"wp:featuredmedia":[{"embeddable":true,"href":"https:\/\/flusso.hr\/da\/wp-json\/wp\/v2\/media\/5107"}],"wp:attachment":[{"href":"https:\/\/flusso.hr\/da\/wp-json\/wp\/v2\/media?parent=5106"}],"wp:term":[{"taxonomy":"product_cat","embeddable":true,"href":"https:\/\/flusso.hr\/da\/wp-json\/wp\/v2\/product_cat?post=5106"},{"taxonomy":"product_tag","embeddable":true,"href":"https:\/\/flusso.hr\/da\/wp-json\/wp\/v2\/product_tag?post=5106"}],"curies":[{"name":"wp","href":"https:\/\/api.w.org\/{rel}","templated":true}]}}