{"id":5237,"date":"2026-02-03T09:43:56","date_gmt":"2026-02-03T08:43:56","guid":{"rendered":"https:\/\/flusso.hr\/?post_type=product&#038;p=5237"},"modified":"2026-02-03T14:14:30","modified_gmt":"2026-02-03T13:14:30","slug":"vendom-hidromasazna-kada-maohi","status":"publish","type":"product","link":"https:\/\/flusso.hr\/cs\/product\/vendom-hidromasazna-kada-maohi\/","title":{"rendered":"Vendom hidromasa\u017ena kada Maohi, 220 x 170 x 86 cm"},"content":{"rendered":"","protected":false},"excerpt":{"rendered":"<p>Osmi\u0161ljena kako bi pru\u017eila ciljanu i u\u010dinkovitu masa\u017eu, kolekcija <strong>Thalasso<\/strong> spaja napredne tehnologije s preciznom stru\u010dno\u0161\u0107u u podru\u010dju hidroterapije.<br data-start=\"186\" data-end=\"189\" \/>Strate\u0161ki postavljeni mlazovi visokog intenziteta djeluju dubinski na mi\u0161i\u0107e i zglobove.<br data-start=\"277\" data-end=\"280\" \/>Dizajnirana kako bi zadovoljila o\u010dekivanja i najzahtjevnijih korisnika, ova linija usmjerena je na optimizaciju masa\u017ee i u\u010dinkovito djelovanje na to\u010dke pritiska, jam\u010de\u0107i duboko opu\u0161tanje i neusporediv revitaliziraju\u0107i<\/p>","protected":false},"featured_media":5241,"comment_status":"open","ping_status":"closed","template":"","meta":[],"product_cat":[70],"product_tag":[],"class_list":{"0":"post-5237","1":"product","2":"type-product","3":"status-publish","4":"has-post-thumbnail","6":"product_cat-vendom-hidromasazne-kade","8":"first","9":"instock","10":"shipping-taxable","11":"product-type-simple"},"yoast_head":"<!-- This site is optimized with the Yoast SEO plugin v21.8 - https:\/\/yoast.com\/wordpress\/plugins\/seo\/ -->\n<title>Vendom hidromasa\u017ena kada Maohi, 220 x 170 x 86 cm - Flusso<\/title>\n<meta name=\"robots\" content=\"index, follow, max-snippet:-1, max-image-preview:large, max-video-preview:-1\" \/>\n<link rel=\"canonical\" href=\"https:\/\/flusso.hr\/cs\/product\/vendom-hidromasazna-kada-maohi\/\" \/>\n<meta property=\"og:locale\" content=\"cs_CZ\" \/>\n<meta property=\"og:type\" content=\"article\" \/>\n<meta property=\"og:title\" content=\"Vendom hidromasa\u017ena kada Maohi, 220 x 170 x 86 cm - Flusso\" \/>\n<meta property=\"og:description\" content=\"Osmi\u0161ljena kako bi pru\u017eila ciljanu i u\u010dinkovitu masa\u017eu, kolekcija Thalasso spaja napredne tehnologije s preciznom stru\u010dno\u0161\u0107u u podru\u010dju hidroterapije.Strate\u0161ki postavljeni mlazovi visokog intenziteta djeluju dubinski na mi\u0161i\u0107e i zglobove.Dizajnirana kako bi zadovoljila o\u010dekivanja i najzahtjevnijih korisnika, ova linija usmjerena je na optimizaciju masa\u017ee i u\u010dinkovito djelovanje na to\u010dke pritiska, jam\u010de\u0107i duboko opu\u0161tanje i neusporediv revitaliziraju\u0107i\" \/>\n<meta property=\"og:url\" content=\"https:\/\/flusso.hr\/cs\/product\/vendom-hidromasazna-kada-maohi\/\" \/>\n<meta property=\"og:site_name\" content=\"Flusso\" \/>\n<meta property=\"article:modified_time\" content=\"2026-02-03T13:14:30+00:00\" \/>\n<meta property=\"og:image\" content=\"https:\/\/flusso.hr\/wp-content\/uploads\/2026\/02\/T10-MAOH-2.jpg\" \/>\n\t<meta property=\"og:image:width\" content=\"1920\" \/>\n\t<meta property=\"og:image:height\" content=\"1280\" \/>\n\t<meta property=\"og:image:type\" content=\"image\/jpeg\" \/>\n<meta name=\"twitter:card\" content=\"summary_large_image\" \/>\n<meta name=\"twitter:label1\" content=\"Odhadovan\u00e1 doba \u010dten\u00ed\" \/>\n\t<meta name=\"twitter:data1\" content=\"1 minuta\" \/>\n<script type=\"application\/ld+json\" class=\"yoast-schema-graph\">{\"@context\":\"https:\/\/schema.org\",\"@graph\":[{\"@type\":\"WebPage\",\"@id\":\"https:\/\/flusso.hr\/product\/vendom-hidromasazna-kada-maohi\/\",\"url\":\"https:\/\/flusso.hr\/product\/vendom-hidromasazna-kada-maohi\/\",\"name\":\"Vendom hidromasa\u017ena kada Maohi, 220 x 170 x 86 cm - Flusso\",\"isPartOf\":{\"@id\":\"https:\/\/flusso.hr\/#website\"},\"datePublished\":\"2026-02-03T08:43:56+00:00\",\"dateModified\":\"2026-02-03T13:14:30+00:00\",\"breadcrumb\":{\"@id\":\"https:\/\/flusso.hr\/product\/vendom-hidromasazna-kada-maohi\/#breadcrumb\"},\"inLanguage\":\"cs\",\"potentialAction\":[{\"@type\":\"ReadAction\",\"target\":[\"https:\/\/flusso.hr\/product\/vendom-hidromasazna-kada-maohi\/\"]}]},{\"@type\":\"BreadcrumbList\",\"@id\":\"https:\/\/flusso.hr\/product\/vendom-hidromasazna-kada-maohi\/#breadcrumb\",\"itemListElement\":[{\"@type\":\"ListItem\",\"position\":1,\"name\":\"Home\",\"item\":\"https:\/\/flusso.hr\/\"},{\"@type\":\"ListItem\",\"position\":2,\"name\":\"Shop\",\"item\":\"https:\/\/flusso.hr\/shop\/\"},{\"@type\":\"ListItem\",\"position\":3,\"name\":\"Vendom hidromasa\u017ena kada Maohi, 220 x 170 x 86 cm\"}]},{\"@type\":\"WebSite\",\"@id\":\"https:\/\/flusso.hr\/#website\",\"url\":\"https:\/\/flusso.hr\/\",\"name\":\"Flusso | Bazeni i wellness oprema\",\"description\":\"\",\"publisher\":{\"@id\":\"https:\/\/flusso.hr\/#organization\"},\"potentialAction\":[{\"@type\":\"SearchAction\",\"target\":{\"@type\":\"EntryPoint\",\"urlTemplate\":\"https:\/\/flusso.hr\/?s={search_term_string}\"},\"query-input\":\"required name=search_term_string\"}],\"inLanguage\":\"cs\"},{\"@type\":\"Organization\",\"@id\":\"https:\/\/flusso.hr\/#organization\",\"name\":\"Flusso | Bazeni i wellness oprema\",\"url\":\"https:\/\/flusso.hr\/\",\"logo\":{\"@type\":\"ImageObject\",\"inLanguage\":\"cs\",\"@id\":\"https:\/\/flusso.hr\/#\/schema\/logo\/image\/\",\"url\":\"https:\/\/flusso.hr\/wp-content\/uploads\/2023\/09\/Logo.png\",\"contentUrl\":\"https:\/\/flusso.hr\/wp-content\/uploads\/2023\/09\/Logo.png\",\"width\":52,\"height\":56,\"caption\":\"Flusso | Bazeni i wellness oprema\"},\"image\":{\"@id\":\"https:\/\/flusso.hr\/#\/schema\/logo\/image\/\"}}]}<\/script>\n<!-- \/ Yoast SEO plugin. -->","yoast_head_json":{"title":"Vendom hidromasa\u017ena kada Maohi, 220 x 170 x 86 cm - Flusso","robots":{"index":"index","follow":"follow","max-snippet":"max-snippet:-1","max-image-preview":"max-image-preview:large","max-video-preview":"max-video-preview:-1"},"canonical":"https:\/\/flusso.hr\/cs\/product\/vendom-hidromasazna-kada-maohi\/","og_locale":"cs_CZ","og_type":"article","og_title":"Vendom hidromasa\u017ena kada Maohi, 220 x 170 x 86 cm - Flusso","og_description":"Osmi\u0161ljena kako bi pru\u017eila ciljanu i u\u010dinkovitu masa\u017eu, kolekcija Thalasso spaja napredne tehnologije s preciznom stru\u010dno\u0161\u0107u u podru\u010dju hidroterapije.Strate\u0161ki postavljeni mlazovi visokog intenziteta djeluju dubinski na mi\u0161i\u0107e i zglobove.Dizajnirana kako bi zadovoljila o\u010dekivanja i najzahtjevnijih korisnika, ova linija usmjerena je na optimizaciju masa\u017ee i u\u010dinkovito djelovanje na to\u010dke pritiska, jam\u010de\u0107i duboko opu\u0161tanje i neusporediv revitaliziraju\u0107i","og_url":"https:\/\/flusso.hr\/cs\/product\/vendom-hidromasazna-kada-maohi\/","og_site_name":"Flusso","article_modified_time":"2026-02-03T13:14:30+00:00","og_image":[{"width":1920,"height":1280,"url":"https:\/\/flusso.hr\/wp-content\/uploads\/2026\/02\/T10-MAOH-2.jpg","type":"image\/jpeg"}],"twitter_card":"summary_large_image","twitter_misc":{"Odhadovan\u00e1 doba \u010dten\u00ed":"1 minuta"},"schema":{"@context":"https:\/\/schema.org","@graph":[{"@type":"WebPage","@id":"https:\/\/flusso.hr\/product\/vendom-hidromasazna-kada-maohi\/","url":"https:\/\/flusso.hr\/product\/vendom-hidromasazna-kada-maohi\/","name":"Vendom hidromasa\u017ena kada Maohi, 220 x 170 x 86 cm - Flusso","isPartOf":{"@id":"https:\/\/flusso.hr\/#website"},"datePublished":"2026-02-03T08:43:56+00:00","dateModified":"2026-02-03T13:14:30+00:00","breadcrumb":{"@id":"https:\/\/flusso.hr\/product\/vendom-hidromasazna-kada-maohi\/#breadcrumb"},"inLanguage":"cs","potentialAction":[{"@type":"ReadAction","target":["https:\/\/flusso.hr\/product\/vendom-hidromasazna-kada-maohi\/"]}]},{"@type":"BreadcrumbList","@id":"https:\/\/flusso.hr\/product\/vendom-hidromasazna-kada-maohi\/#breadcrumb","itemListElement":[{"@type":"ListItem","position":1,"name":"Home","item":"https:\/\/flusso.hr\/"},{"@type":"ListItem","position":2,"name":"Shop","item":"https:\/\/flusso.hr\/shop\/"},{"@type":"ListItem","position":3,"name":"Vendom hidromasa\u017ena kada Maohi, 220 x 170 x 86 cm"}]},{"@type":"WebSite","@id":"https:\/\/flusso.hr\/#website","url":"https:\/\/flusso.hr\/","name":"Flusso | Bazeni i wellness oprema","description":"","publisher":{"@id":"https:\/\/flusso.hr\/#organization"},"potentialAction":[{"@type":"SearchAction","target":{"@type":"EntryPoint","urlTemplate":"https:\/\/flusso.hr\/?s={search_term_string}"},"query-input":"required name=search_term_string"}],"inLanguage":"cs"},{"@type":"Organization","@id":"https:\/\/flusso.hr\/#organization","name":"Flusso | Bazeni i wellness oprema","url":"https:\/\/flusso.hr\/","logo":{"@type":"ImageObject","inLanguage":"cs","@id":"https:\/\/flusso.hr\/#\/schema\/logo\/image\/","url":"https:\/\/flusso.hr\/wp-content\/uploads\/2023\/09\/Logo.png","contentUrl":"https:\/\/flusso.hr\/wp-content\/uploads\/2023\/09\/Logo.png","width":52,"height":56,"caption":"Flusso | Bazeni i wellness oprema"},"image":{"@id":"https:\/\/flusso.hr\/#\/schema\/logo\/image\/"}}]}},"_links":{"self":[{"href":"https:\/\/flusso.hr\/cs\/wp-json\/wp\/v2\/product\/5237","targetHints":{"allow":["GET"]}}],"collection":[{"href":"https:\/\/flusso.hr\/cs\/wp-json\/wp\/v2\/product"}],"about":[{"href":"https:\/\/flusso.hr\/cs\/wp-json\/wp\/v2\/types\/product"}],"replies":[{"embeddable":true,"href":"https:\/\/flusso.hr\/cs\/wp-json\/wp\/v2\/comments?post=5237"}],"wp:featuredmedia":[{"embeddable":true,"href":"https:\/\/flusso.hr\/cs\/wp-json\/wp\/v2\/media\/5241"}],"wp:attachment":[{"href":"https:\/\/flusso.hr\/cs\/wp-json\/wp\/v2\/media?parent=5237"}],"wp:term":[{"taxonomy":"product_cat","embeddable":true,"href":"https:\/\/flusso.hr\/cs\/wp-json\/wp\/v2\/product_cat?post=5237"},{"taxonomy":"product_tag","embeddable":true,"href":"https:\/\/flusso.hr\/cs\/wp-json\/wp\/v2\/product_tag?post=5237"}],"curies":[{"name":"wp","href":"https:\/\/api.w.org\/{rel}","templated":true}]}}