{"id":4320,"date":"2025-01-31T13:07:06","date_gmt":"2025-01-31T12:07:06","guid":{"rendered":"https:\/\/flusso.hr\/?post_type=product&#038;p=4320"},"modified":"2026-01-27T13:53:52","modified_gmt":"2026-01-27T12:53:52","slug":"elektroliza-astralpool-e-next-ph-40-g-h","status":"publish","type":"product","link":"https:\/\/flusso.hr\/cs\/product\/elektroliza-astralpool-e-next-ph-40-g-h\/","title":{"rendered":"Elektroliza Astralpool E-Next pH 40 g\/h"},"content":{"rendered":"","protected":false},"excerpt":{"rendered":"<p>Klorinator slane vode za bazene do 180 m3.<\/p>","protected":false},"featured_media":4308,"comment_status":"open","ping_status":"closed","template":"","meta":[],"product_cat":[20,42],"product_tag":[],"class_list":{"0":"post-4320","1":"product","2":"type-product","3":"status-publish","4":"has-post-thumbnail","6":"product_cat-oprema-za-odrzavanje-kvalitete-vode","7":"product_cat-elektroliza","9":"first","10":"instock","11":"shipping-taxable","12":"purchasable","13":"product-type-simple"},"yoast_head":"<!-- This site is optimized with the Yoast SEO plugin v21.8 - https:\/\/yoast.com\/wordpress\/plugins\/seo\/ -->\n<title>Elektroliza Astralpool E-Next pH 40 g\/h - Flusso<\/title>\n<meta name=\"robots\" content=\"index, follow, max-snippet:-1, max-image-preview:large, max-video-preview:-1\" \/>\n<link rel=\"canonical\" href=\"https:\/\/flusso.hr\/cs\/product\/elektroliza-astralpool-e-next-ph-40-g-h\/\" \/>\n<meta property=\"og:locale\" content=\"cs_CZ\" \/>\n<meta property=\"og:type\" content=\"article\" \/>\n<meta property=\"og:title\" content=\"Elektroliza Astralpool E-Next pH 40 g\/h - Flusso\" \/>\n<meta property=\"og:description\" content=\"Klorinator slane vode za bazene do 180 m3.\" \/>\n<meta property=\"og:url\" content=\"https:\/\/flusso.hr\/cs\/product\/elektroliza-astralpool-e-next-ph-40-g-h\/\" \/>\n<meta property=\"og:site_name\" content=\"Flusso\" \/>\n<meta property=\"article:modified_time\" content=\"2026-01-27T12:53:52+00:00\" \/>\n<meta property=\"og:image\" content=\"https:\/\/flusso.hr\/wp-content\/uploads\/2025\/01\/enext.jpeg\" \/>\n\t<meta property=\"og:image:width\" content=\"558\" \/>\n\t<meta property=\"og:image:height\" content=\"558\" \/>\n\t<meta property=\"og:image:type\" content=\"image\/jpeg\" \/>\n<meta name=\"twitter:card\" content=\"summary_large_image\" \/>\n<meta name=\"twitter:label1\" content=\"Odhadovan\u00e1 doba \u010dten\u00ed\" \/>\n\t<meta name=\"twitter:data1\" content=\"1 minuta\" \/>\n<script type=\"application\/ld+json\" class=\"yoast-schema-graph\">{\"@context\":\"https:\/\/schema.org\",\"@graph\":[{\"@type\":\"WebPage\",\"@id\":\"https:\/\/flusso.hr\/product\/elektroliza-astralpool-e-next-ph-40-g-h\/\",\"url\":\"https:\/\/flusso.hr\/product\/elektroliza-astralpool-e-next-ph-40-g-h\/\",\"name\":\"Elektroliza Astralpool E-Next pH 40 g\/h - Flusso\",\"isPartOf\":{\"@id\":\"https:\/\/flusso.hr\/#website\"},\"datePublished\":\"2025-01-31T12:07:06+00:00\",\"dateModified\":\"2026-01-27T12:53:52+00:00\",\"breadcrumb\":{\"@id\":\"https:\/\/flusso.hr\/product\/elektroliza-astralpool-e-next-ph-40-g-h\/#breadcrumb\"},\"inLanguage\":\"cs\",\"potentialAction\":[{\"@type\":\"ReadAction\",\"target\":[\"https:\/\/flusso.hr\/product\/elektroliza-astralpool-e-next-ph-40-g-h\/\"]}]},{\"@type\":\"BreadcrumbList\",\"@id\":\"https:\/\/flusso.hr\/product\/elektroliza-astralpool-e-next-ph-40-g-h\/#breadcrumb\",\"itemListElement\":[{\"@type\":\"ListItem\",\"position\":1,\"name\":\"Home\",\"item\":\"https:\/\/flusso.hr\/\"},{\"@type\":\"ListItem\",\"position\":2,\"name\":\"Shop\",\"item\":\"https:\/\/flusso.hr\/shop\/\"},{\"@type\":\"ListItem\",\"position\":3,\"name\":\"Elektroliza Astralpool E-Next pH 40 g\/h\"}]},{\"@type\":\"WebSite\",\"@id\":\"https:\/\/flusso.hr\/#website\",\"url\":\"https:\/\/flusso.hr\/\",\"name\":\"Flusso | Bazeni i wellness oprema\",\"description\":\"\",\"publisher\":{\"@id\":\"https:\/\/flusso.hr\/#organization\"},\"potentialAction\":[{\"@type\":\"SearchAction\",\"target\":{\"@type\":\"EntryPoint\",\"urlTemplate\":\"https:\/\/flusso.hr\/?s={search_term_string}\"},\"query-input\":\"required name=search_term_string\"}],\"inLanguage\":\"cs\"},{\"@type\":\"Organization\",\"@id\":\"https:\/\/flusso.hr\/#organization\",\"name\":\"Flusso | Bazeni i wellness oprema\",\"url\":\"https:\/\/flusso.hr\/\",\"logo\":{\"@type\":\"ImageObject\",\"inLanguage\":\"cs\",\"@id\":\"https:\/\/flusso.hr\/#\/schema\/logo\/image\/\",\"url\":\"https:\/\/flusso.hr\/wp-content\/uploads\/2023\/09\/Logo.png\",\"contentUrl\":\"https:\/\/flusso.hr\/wp-content\/uploads\/2023\/09\/Logo.png\",\"width\":52,\"height\":56,\"caption\":\"Flusso | Bazeni i wellness oprema\"},\"image\":{\"@id\":\"https:\/\/flusso.hr\/#\/schema\/logo\/image\/\"}}]}<\/script>\n<!-- \/ Yoast SEO plugin. -->","yoast_head_json":{"title":"Elektroliza Astralpool E-Next pH 40 g\/h - Flusso","robots":{"index":"index","follow":"follow","max-snippet":"max-snippet:-1","max-image-preview":"max-image-preview:large","max-video-preview":"max-video-preview:-1"},"canonical":"https:\/\/flusso.hr\/cs\/product\/elektroliza-astralpool-e-next-ph-40-g-h\/","og_locale":"cs_CZ","og_type":"article","og_title":"Elektroliza Astralpool E-Next pH 40 g\/h - Flusso","og_description":"Klorinator slane vode za bazene do 180 m3.","og_url":"https:\/\/flusso.hr\/cs\/product\/elektroliza-astralpool-e-next-ph-40-g-h\/","og_site_name":"Flusso","article_modified_time":"2026-01-27T12:53:52+00:00","og_image":[{"width":558,"height":558,"url":"https:\/\/flusso.hr\/wp-content\/uploads\/2025\/01\/enext.jpeg","type":"image\/jpeg"}],"twitter_card":"summary_large_image","twitter_misc":{"Odhadovan\u00e1 doba \u010dten\u00ed":"1 minuta"},"schema":{"@context":"https:\/\/schema.org","@graph":[{"@type":"WebPage","@id":"https:\/\/flusso.hr\/product\/elektroliza-astralpool-e-next-ph-40-g-h\/","url":"https:\/\/flusso.hr\/product\/elektroliza-astralpool-e-next-ph-40-g-h\/","name":"Elektroliza Astralpool E-Next pH 40 g\/h - Flusso","isPartOf":{"@id":"https:\/\/flusso.hr\/#website"},"datePublished":"2025-01-31T12:07:06+00:00","dateModified":"2026-01-27T12:53:52+00:00","breadcrumb":{"@id":"https:\/\/flusso.hr\/product\/elektroliza-astralpool-e-next-ph-40-g-h\/#breadcrumb"},"inLanguage":"cs","potentialAction":[{"@type":"ReadAction","target":["https:\/\/flusso.hr\/product\/elektroliza-astralpool-e-next-ph-40-g-h\/"]}]},{"@type":"BreadcrumbList","@id":"https:\/\/flusso.hr\/product\/elektroliza-astralpool-e-next-ph-40-g-h\/#breadcrumb","itemListElement":[{"@type":"ListItem","position":1,"name":"Home","item":"https:\/\/flusso.hr\/"},{"@type":"ListItem","position":2,"name":"Shop","item":"https:\/\/flusso.hr\/shop\/"},{"@type":"ListItem","position":3,"name":"Elektroliza Astralpool E-Next pH 40 g\/h"}]},{"@type":"WebSite","@id":"https:\/\/flusso.hr\/#website","url":"https:\/\/flusso.hr\/","name":"Flusso | Bazeni i wellness oprema","description":"","publisher":{"@id":"https:\/\/flusso.hr\/#organization"},"potentialAction":[{"@type":"SearchAction","target":{"@type":"EntryPoint","urlTemplate":"https:\/\/flusso.hr\/?s={search_term_string}"},"query-input":"required name=search_term_string"}],"inLanguage":"cs"},{"@type":"Organization","@id":"https:\/\/flusso.hr\/#organization","name":"Flusso | Bazeni i wellness oprema","url":"https:\/\/flusso.hr\/","logo":{"@type":"ImageObject","inLanguage":"cs","@id":"https:\/\/flusso.hr\/#\/schema\/logo\/image\/","url":"https:\/\/flusso.hr\/wp-content\/uploads\/2023\/09\/Logo.png","contentUrl":"https:\/\/flusso.hr\/wp-content\/uploads\/2023\/09\/Logo.png","width":52,"height":56,"caption":"Flusso | Bazeni i wellness oprema"},"image":{"@id":"https:\/\/flusso.hr\/#\/schema\/logo\/image\/"}}]}},"_links":{"self":[{"href":"https:\/\/flusso.hr\/cs\/wp-json\/wp\/v2\/product\/4320","targetHints":{"allow":["GET"]}}],"collection":[{"href":"https:\/\/flusso.hr\/cs\/wp-json\/wp\/v2\/product"}],"about":[{"href":"https:\/\/flusso.hr\/cs\/wp-json\/wp\/v2\/types\/product"}],"replies":[{"embeddable":true,"href":"https:\/\/flusso.hr\/cs\/wp-json\/wp\/v2\/comments?post=4320"}],"wp:featuredmedia":[{"embeddable":true,"href":"https:\/\/flusso.hr\/cs\/wp-json\/wp\/v2\/media\/4308"}],"wp:attachment":[{"href":"https:\/\/flusso.hr\/cs\/wp-json\/wp\/v2\/media?parent=4320"}],"wp:term":[{"taxonomy":"product_cat","embeddable":true,"href":"https:\/\/flusso.hr\/cs\/wp-json\/wp\/v2\/product_cat?post=4320"},{"taxonomy":"product_tag","embeddable":true,"href":"https:\/\/flusso.hr\/cs\/wp-json\/wp\/v2\/product_tag?post=4320"}],"curies":[{"name":"wp","href":"https:\/\/api.w.org\/{rel}","templated":true}]}}